{"id":306755,"date":"2019-05-10T10:48:58","date_gmt":"2024-02-06T07:27:56","guid":{"rendered":"https:\/\/www.moskito.cz\/produkt\/zwilling-noz-professionals-platkovaci-20cm\/"},"modified":"2025-07-11T07:48:56","modified_gmt":"2025-07-11T06:48:56","slug":"zwilling-noz-professionals-platkovaci-20cm","status":"publish","type":"product","link":"https:\/\/www.moskito.cz\/sk\/produkt\/zwilling-noz-professionals-platkovaci-20cm\/","title":{"rendered":"ZWILLING N\u00f4\u017e Professional\u201cS\u201c Pl\u00e1tkovac\u00ed 20cm"},"content":{"rendered":"<p>ZWILLING N\u00f4\u017e Professional &#8222;S&#8220; Pl\u00e1tkovac\u00ed 20cm.<br \/>\nPl\u00e1tkovac\u00ed n\u00f4\u017e s d\u013a\u017ekou \u010depele 20 cm modelov\u00e9ho radu Professional &#8222;S&#8220;, ktor\u00fd si n\u00e1jde miesto vo va\u0161ej kuchyni. N\u00f4\u017e nevyhnutn\u00fd na kr\u00e1janie m\u00e4sa na tenk\u00e9 pl\u00e1tky a to ako surov\u00e9ho tak pe\u010den\u00e9ho.<\/p>\n<p>&nbsp;<\/p>\n<p>\u0160PECIFIK\u00c1CIA<\/p>\n<ul>\n<li>D\u013a\u017eka \u010depele: 20 cm<\/li>\n<li>Materi\u00e1l: zmes nerezovej ocele, chr\u00f3mu a uhl\u00edka (\u010depe\u013e), syntetika (rukov\u00e4\u0165)<\/li>\n<li>Farba: strieborn\u00e1, \u010dierna<\/li>\n<\/ul>\n","protected":false},"excerpt":{"rendered":"<p>Kuchynsk\u00fd n\u00f4\u017e.<\/p>\n","protected":false},"featured_media":0,"comment_status":"open","ping_status":"closed","template":"","meta":[],"pwb-brand":[3472],"product_brand":[],"product_cat":[3193,3473],"product_tag":[],"class_list":{"0":"post-306755","1":"product","2":"type-product","3":"status-publish","5":"pwb-brand-zwilling-sk","6":"product_cat-kuchynske-noze-sk","7":"product_cat-zwilling-sk","9":"first","10":"instock","11":"taxable","12":"shipping-taxable","13":"purchasable","14":"product-type-simple"},"brands":[{"id":3472,"name":"Zwilling","slug":"zwilling-sk"}],"_links":{"self":[{"href":"https:\/\/www.moskito.cz\/sk\/wp-json\/wp\/v2\/product\/306755","targetHints":{"allow":["GET"]}}],"collection":[{"href":"https:\/\/www.moskito.cz\/sk\/wp-json\/wp\/v2\/product"}],"about":[{"href":"https:\/\/www.moskito.cz\/sk\/wp-json\/wp\/v2\/types\/product"}],"replies":[{"embeddable":true,"href":"https:\/\/www.moskito.cz\/sk\/wp-json\/wp\/v2\/comments?post=306755"}],"wp:attachment":[{"href":"https:\/\/www.moskito.cz\/sk\/wp-json\/wp\/v2\/media?parent=306755"}],"wp:term":[{"taxonomy":"pwb-brand","embeddable":true,"href":"https:\/\/www.moskito.cz\/sk\/wp-json\/wp\/v2\/pwb-brand?post=306755"},{"taxonomy":"product_brand","embeddable":true,"href":"https:\/\/www.moskito.cz\/sk\/wp-json\/wp\/v2\/product_brand?post=306755"},{"taxonomy":"product_cat","embeddable":true,"href":"https:\/\/www.moskito.cz\/sk\/wp-json\/wp\/v2\/product_cat?post=306755"},{"taxonomy":"product_tag","embeddable":true,"href":"https:\/\/www.moskito.cz\/sk\/wp-json\/wp\/v2\/product_tag?post=306755"}],"curies":[{"name":"wp","href":"https:\/\/api.w.org\/{rel}","templated":true}]}}