{"id":306758,"date":"2019-05-17T18:43:25","date_gmt":"2024-02-06T07:27:58","guid":{"rendered":"https:\/\/www.moskito.cz\/produkt\/lansky-scrimgeour-do-sady-jemny-na-zubky\/"},"modified":"2025-07-11T07:48:58","modified_gmt":"2025-07-11T06:48:58","slug":"lansky-scrimgeour-do-sady-jemny-na-zubky","status":"publish","type":"product","link":"https:\/\/www.moskito.cz\/sk\/produkt\/lansky-scrimgeour-do-sady-jemny-na-zubky\/","title":{"rendered":"Lansky Scrimgeour do sady jemn\u00fd na z\u00fabky"},"content":{"rendered":"<div id=\"full-product-description\">\n<p>Lansky Scrimgeour do sady jemn\u00fd na z\u00fabky.<\/p>\n<p>Hrubos\u0165 1000<\/p>\n<p>Na z\u00fabkovan\u00e9 no\u017ee &#8211; Jemn\u00fd (fine) trojuholn\u00edkov\u00fd keramick\u00fd br\u00fasik (1000 zrnitos\u0165) na z\u00fabkovan\u00e9 no\u017ee &#8211; Mosadzn\u00fd z\u00e1vit na skrutku z nerezovej ocele<\/p>\n<p>Vyroben\u00e9 Buffalo,NY<\/p>\n<\/div>\n","protected":false},"excerpt":{"rendered":"<p>Lansky Scrimgeour do sady jemn\u00fd na z\u00fabky<\/p>\n","protected":false},"featured_media":176063,"comment_status":"open","ping_status":"closed","template":"","meta":[],"pwb-brand":[3484],"product_brand":[],"product_cat":[3205,3186],"product_tag":[],"class_list":{"0":"post-306758","1":"product","2":"type-product","3":"status-publish","4":"has-post-thumbnail","6":"pwb-brand-lansky-sk","7":"product_cat-brusky-a-ocielky","8":"product_cat-noze-sk","10":"first","11":"outofstock","12":"taxable","13":"shipping-taxable","14":"purchasable","15":"product-type-simple"},"brands":[{"id":3484,"name":"Lansky","slug":"lansky-sk"}],"_links":{"self":[{"href":"https:\/\/www.moskito.cz\/sk\/wp-json\/wp\/v2\/product\/306758","targetHints":{"allow":["GET"]}}],"collection":[{"href":"https:\/\/www.moskito.cz\/sk\/wp-json\/wp\/v2\/product"}],"about":[{"href":"https:\/\/www.moskito.cz\/sk\/wp-json\/wp\/v2\/types\/product"}],"replies":[{"embeddable":true,"href":"https:\/\/www.moskito.cz\/sk\/wp-json\/wp\/v2\/comments?post=306758"}],"wp:featuredmedia":[{"embeddable":true,"href":"https:\/\/www.moskito.cz\/sk\/wp-json\/wp\/v2\/media\/176063"}],"wp:attachment":[{"href":"https:\/\/www.moskito.cz\/sk\/wp-json\/wp\/v2\/media?parent=306758"}],"wp:term":[{"taxonomy":"pwb-brand","embeddable":true,"href":"https:\/\/www.moskito.cz\/sk\/wp-json\/wp\/v2\/pwb-brand?post=306758"},{"taxonomy":"product_brand","embeddable":true,"href":"https:\/\/www.moskito.cz\/sk\/wp-json\/wp\/v2\/product_brand?post=306758"},{"taxonomy":"product_cat","embeddable":true,"href":"https:\/\/www.moskito.cz\/sk\/wp-json\/wp\/v2\/product_cat?post=306758"},{"taxonomy":"product_tag","embeddable":true,"href":"https:\/\/www.moskito.cz\/sk\/wp-json\/wp\/v2\/product_tag?post=306758"}],"curies":[{"name":"wp","href":"https:\/\/api.w.org\/{rel}","templated":true}]}}