{"id":306775,"date":"2019-05-17T16:33:48","date_gmt":"2019-05-17T15:33:48","guid":{"rendered":"https:\/\/www.moskito.cz\/produkt\/lansky-vreckovy-brusik-natahovaci\/"},"modified":"2026-03-30T08:24:51","modified_gmt":"2026-03-30T07:24:51","slug":"lansky-vreckovy-brusik-natahovaci","status":"publish","type":"product","link":"https:\/\/www.moskito.cz\/sk\/produkt\/lansky-vreckovy-brusik-natahovaci\/","title":{"rendered":"Lansky Vreckov\u00fd br\u00fasik na\u0165ahovac\u00ed"},"content":{"rendered":"<p>Lansky Vreckov\u00fd br\u00fasik na\u0165ahovac\u00ed.<\/p>\n<p>Mal\u00fd na\u0165ahovac\u00ed br\u00fasik Lansky &#8211; Dve br\u00fasne keramick\u00e9 ty\u010dinky v plastovom tele &#8211; Otvor s retiazkou &#8211; Vo viacer\u00fdch farb\u00e1ch<\/p>\n","protected":false},"excerpt":{"rendered":"<p>Lansky Vreckov\u00fd br\u00fasik na\u0165ahovac\u00ed<\/p>\n","protected":false},"featured_media":164150,"comment_status":"open","ping_status":"closed","template":"","meta":[],"pwb-brand":[3484],"product_brand":[],"product_cat":[3205,3186],"product_tag":[],"class_list":{"0":"post-306775","1":"product","2":"type-product","3":"status-publish","4":"has-post-thumbnail","6":"pwb-brand-lansky-sk","7":"product_cat-brusky-a-ocielky","8":"product_cat-noze-sk","10":"first","11":"outofstock","12":"taxable","13":"shipping-taxable","14":"purchasable","15":"product-type-simple"},"brands":[{"id":3484,"name":"Lansky","slug":"lansky-sk"}],"_links":{"self":[{"href":"https:\/\/www.moskito.cz\/sk\/wp-json\/wp\/v2\/product\/306775","targetHints":{"allow":["GET"]}}],"collection":[{"href":"https:\/\/www.moskito.cz\/sk\/wp-json\/wp\/v2\/product"}],"about":[{"href":"https:\/\/www.moskito.cz\/sk\/wp-json\/wp\/v2\/types\/product"}],"replies":[{"embeddable":true,"href":"https:\/\/www.moskito.cz\/sk\/wp-json\/wp\/v2\/comments?post=306775"}],"wp:featuredmedia":[{"embeddable":true,"href":"https:\/\/www.moskito.cz\/sk\/wp-json\/wp\/v2\/media\/164150"}],"wp:attachment":[{"href":"https:\/\/www.moskito.cz\/sk\/wp-json\/wp\/v2\/media?parent=306775"}],"wp:term":[{"taxonomy":"pwb-brand","embeddable":true,"href":"https:\/\/www.moskito.cz\/sk\/wp-json\/wp\/v2\/pwb-brand?post=306775"},{"taxonomy":"product_brand","embeddable":true,"href":"https:\/\/www.moskito.cz\/sk\/wp-json\/wp\/v2\/product_brand?post=306775"},{"taxonomy":"product_cat","embeddable":true,"href":"https:\/\/www.moskito.cz\/sk\/wp-json\/wp\/v2\/product_cat?post=306775"},{"taxonomy":"product_tag","embeddable":true,"href":"https:\/\/www.moskito.cz\/sk\/wp-json\/wp\/v2\/product_tag?post=306775"}],"curies":[{"name":"wp","href":"https:\/\/api.w.org\/{rel}","templated":true}]}}