{"id":306784,"date":"2019-05-12T17:00:04","date_gmt":"2019-05-12T16:00:04","guid":{"rendered":"https:\/\/www.moskito.cz\/produkt\/multifunkcne-klieste-multitool-leatherman-wave-plus\/"},"modified":"2025-12-09T10:31:38","modified_gmt":"2025-12-09T09:31:38","slug":"multifunkcne-klieste-multitool-leatherman-wave-plus","status":"publish","type":"product","link":"https:\/\/www.moskito.cz\/sk\/produkt\/multifunkcne-klieste-multitool-leatherman-wave-plus\/","title":{"rendered":"Multitool Leatherman WAVE Plus"},"content":{"rendered":"<p data-start=\"0\" data-end=\"497\">Ke\u010f vezmete do ruky <strong data-start=\"20\" data-end=\"44\">Leatherman WAVE Plus<\/strong>, okam\u017eite pochop\u00edte, pre\u010do je tento multitool jedn\u00fdm z najpred\u00e1vanej\u0161\u00edch a najob\u013e\u00fabenej\u0161\u00edch na svete. Pevn\u00e1 kon\u0161trukcia z nehrdzavej\u00facej ocele, 18 prec\u00edzne navrhnut\u00fdch n\u00e1strojov a premyslen\u00e9 detaily robia z modelu WAVE Plus spo\u013eahliv\u00e9ho spolo\u010dn\u00edka do ka\u017edej situ\u00e1cie &#8211; od drobn\u00fdch opr\u00e1v a\u017e po n\u00e1ro\u010dn\u00e9 outdoorov\u00e9 dobrodru\u017estv\u00e1. Vylep\u0161en\u00e1 verzia s vymenite\u013en\u00fdmi \u010depe\u013eami klie\u0161t\u00ed pos\u00fava odolnos\u0165 e\u0161te \u010falej a d\u00e1va v\u00e1m istotu, \u017ee v\u00e1\u0161 multitool zvl\u00e1dne roky n\u00e1ro\u010dn\u00e9ho pou\u017e\u00edvania.  <\/p>\n<p data-start=\"499\" data-end=\"654\">Tento multitool nie je len o n\u00e1strojoch &#8211; je o tom, aby ste mali v\u0161etko, \u010do potrebujete, na dosah ruky. Robustn\u00fd, ale prenosn\u00fd a v\u017edy pripraven\u00fd uk\u00e1za\u0165 svoju v\u0161estrannos\u0165. <\/p>\n<hr data-start=\"656\" data-end=\"659\">\n<p data-start=\"661\" data-end=\"714\">\ud83d\udd27 <strong data-start=\"664\" data-end=\"712\">Technick\u00e9 \u0161pecifik\u00e1cie (Leatherman WAVE Plus)<\/strong><\/p>\n<ul data-start=\"716\" data-end=\"1282\">\n<li data-start=\"716\" data-end=\"760\">\n<p data-start=\"718\" data-end=\"760\">Celkov\u00e1 d\u013a\u017eka (otvoren\u00e1): 16 cm<\/p>\n<\/li>\n<li data-start=\"761\" data-end=\"798\">\n<p data-start=\"763\" data-end=\"798\">D\u013a\u017eka zatvoren\u00e9ho multitoolu: 10 cm<\/p>\n<\/li>\n<li data-start=\"799\" data-end=\"824\">\n<p data-start=\"801\" data-end=\"824\">D\u013a\u017eka \u010depele: 7,37 cm<\/p>\n<\/li>\n<li data-start=\"825\" data-end=\"848\">\n<p data-start=\"827\" data-end=\"848\">Hmotnos\u0165: pribli\u017ene 241 g<\/p>\n<\/li>\n<li data-start=\"849\" data-end=\"892\">\n<p data-start=\"851\" data-end=\"892\">Materi\u00e1l: vysokokvalitn\u00e1 nehrdzavej\u00faca oce\u013e<\/p>\n<\/li>\n<li data-start=\"893\" data-end=\"915\">\n<p data-start=\"895\" data-end=\"915\">Po\u010det n\u00e1strojov: 18<\/p>\n<\/li>\n<li data-start=\"916\" data-end=\"1163\">\n<p data-start=\"918\" data-end=\"1163\">N\u00e1stroje: klie\u0161te s vymenite\u013en\u00fdmi \u010depe\u013eami, \u0161tiepacie klie\u0161te, n\u00f4\u017e z nehrdzavej\u00facej ocele, zubat\u00fd n\u00f4\u017e, p\u00edlka, piln\u00edk na drevo\/kov, diamantov\u00fd piln\u00edk, no\u017enice, otv\u00e1ra\u010d na f\u013ea\u0161e, otv\u00e1ra\u010d na konzervy, \u0161idlo, r\u00f4zne skrutkova\u010de a bity, prav\u00edtko a \u010fal\u0161ie.<\/p>\n<\/li>\n<li data-start=\"1164\" data-end=\"1236\">\n<p data-start=\"1166\" data-end=\"1236\">Ovl\u00e1danie jednou rukou: \u00e1no &#8211; vybran\u00e9 \u010depele mo\u017eno otvori\u0165 jednou rukou<\/p>\n<\/li>\n<li data-start=\"1237\" data-end=\"1282\">\n<p data-start=\"1239\" data-end=\"1282\">Puzdro: nylonov\u00e9 puzdro je s\u00fa\u010das\u0165ou balenia<\/p>\n<\/li>\n<\/ul>\n<hr data-start=\"1284\" data-end=\"1287\">\n<p data-start=\"1289\" data-end=\"1310\">\u2705 <strong data-start=\"1291\" data-end=\"1308\">Hlavn\u00e9 v\u00fdhody<\/strong><\/p>\n<ul data-start=\"1312\" data-end=\"1726\">\n<li data-start=\"1312\" data-end=\"1387\">\n<p data-start=\"1314\" data-end=\"1387\"><strong data-start=\"1314\" data-end=\"1347\">18 n\u00e1strojov v kompaktnom tele<\/strong> &#8211; od no\u017eov po klie\u0161te, v\u017edy po ruke.<\/p>\n<\/li>\n<li data-start=\"1388\" data-end=\"1455\">\n<p data-start=\"1390\" data-end=\"1455\"><strong data-start=\"1390\" data-end=\"1418\">Vymenite\u013en\u00e9 \u010depele klie\u0161t\u00ed<\/strong> &#8211; predl\u017euj\u00fa \u017eivotnos\u0165 multifunk\u010dn\u00e9ho n\u00e1stroja.<\/p>\n<\/li>\n<li data-start=\"1456\" data-end=\"1540\">\n<p data-start=\"1458\" data-end=\"1540\"><strong data-start=\"1458\" data-end=\"1489\">Otv\u00e1ranie \u010depele jednou rukou<\/strong> &#8211; r\u00fdchly pr\u00edstup k no\u017eu bez nutnosti jeho rozkladania.<\/p>\n<\/li>\n<li data-start=\"1541\" data-end=\"1597\">\n<p data-start=\"1543\" data-end=\"1597\"><strong data-start=\"1543\" data-end=\"1560\">Nerezov\u00e1 oce\u013e<\/strong> &#8211; odoln\u00e1 proti kor\u00f3zii a opotrebovaniu.<\/p>\n<\/li>\n<li data-start=\"1598\" data-end=\"1658\">\n<p data-start=\"1600\" data-end=\"1658\"><strong data-start=\"1600\" data-end=\"1629\">Nylonov\u00e9 puzdro je s\u00fa\u010das\u0165ou balenia<\/strong> &#8211; \u013eahko sa nos\u00ed na opasku.<\/p>\n<\/li>\n<li data-start=\"1659\" data-end=\"1726\">\n<p data-start=\"1661\" data-end=\"1726\"><strong data-start=\"1661\" data-end=\"1679\">Ikonick\u00fd model<\/strong> &#8211; overen\u00fd rokmi a pou\u017e\u00edvate\u013emi na celom svete.<\/p>\n<\/li>\n<\/ul>\n<hr data-start=\"1728\" data-end=\"1731\">\n<p data-start=\"1733\" data-end=\"1755\">\u26a0\ufe0f <strong data-start=\"1736\" data-end=\"1753\">Mo\u017en\u00e9 obmedzenia<\/strong><\/p>\n<ul data-start=\"1757\" data-end=\"2065\">\n<li data-start=\"1757\" data-end=\"1824\">\n<p data-start=\"1759\" data-end=\"1824\"><strong data-start=\"1759\" data-end=\"1777\">Hmotnos\u0165 241 g<\/strong> &#8211; vo vrecku je vidite\u013en\u00e1, ide\u00e1lne sk\u00f4r v puzdre.<\/p>\n<\/li>\n<li data-start=\"1825\" data-end=\"1943\">\n<p data-start=\"1827\" data-end=\"1943\"><strong data-start=\"1827\" data-end=\"1860\">\u017diadna \u0161peci\u00e1lna pr\u00e9miov\u00e1 oce\u013e<\/strong> pre no\u017ee &#8211; \u0161tandardn\u00e1 nehrdzavej\u00faca oce\u013e je plne posta\u010duj\u00faca, ale nezap\u00f4sob\u00ed na zberate\u013eov \u0161pi\u010dkov\u00fdch no\u017eov.<\/p>\n<\/li>\n<li data-start=\"1944\" data-end=\"2065\">\n<p data-start=\"1946\" data-end=\"2065\"><strong data-start=\"1946\" data-end=\"2007\">Toto n\u00e1radie nie je ur\u010den\u00e9 na mimoriadne \u0161pecializovan\u00e9 \u00falohy<\/strong> &#8211; ide o univerz\u00e1lne n\u00e1radie, nie o profesion\u00e1lne dielensk\u00e9 n\u00e1radie.<\/p>\n<\/li>\n<\/ul>\n<hr data-start=\"2067\" data-end=\"2070\">\n<p data-start=\"2072\" data-end=\"2095\">\ud83d\udee0\ufe0f <strong data-start=\"2076\" data-end=\"2093\">\u00dadr\u017eba a starostlivos\u0165<\/strong><\/p>\n<ul data-start=\"2097\" data-end=\"2556\">\n<li data-start=\"2097\" data-end=\"2176\">\n<p data-start=\"2099\" data-end=\"2176\">Po pou\u017eit\u00ed multifunk\u010dn\u00fd n\u00e1stroj utrite do sucha, najm\u00e4 po kontakte s vlhkos\u0165ou.<\/p>\n<\/li>\n<li data-start=\"2177\" data-end=\"2236\">\n<p data-start=\"2179\" data-end=\"2236\">K\u013aby a pohybliv\u00e9 \u010dasti ob\u010das nama\u017ete kvalitn\u00fdm olejom.<\/p>\n<\/li>\n<li data-start=\"2237\" data-end=\"2299\">\n<p data-start=\"2239\" data-end=\"2299\">Po pr\u00e1ci s agres\u00edvnymi l\u00e1tkami multifunk\u010dn\u00e9 n\u00e1radie opl\u00e1chnite a osu\u0161te.<\/p>\n<\/li>\n<li data-start=\"2300\" data-end=\"2556\">\n<p data-start=\"2302\" data-end=\"2556\">\u010cepe\u013e sa d\u00e1 udr\u017eiava\u0165 ostr\u00e1 &#8211; <strong data-start=\"2330\" data-end=\"2554\">na udr\u017eiavanie ostrosti \u010depele odpor\u00fa\u010dame <a class=\"decorated-link cursor-pointer\" target=\"_new\" rel=\"noopener\" data-start=\"2363\" data-end=\"2452\">kompletn\u00fd ostriaci syst\u00e9m Spyderco Tri-Angle Sharpmaker 204MF<\/a><\/strong><\/p>\n<\/li>\n<li data-start=\"2300\" data-end=\"2556\">\n<p data-start=\"2563\" data-end=\"2586\">\ud83c\udfaf <strong data-start=\"2566\" data-end=\"2584\">Odpor\u00fa\u010dan\u00e9 pre<\/strong><\/p>\n<ul data-start=\"2588\" data-end=\"2858\">\n<li data-start=\"2588\" data-end=\"2649\">\n<p data-start=\"2590\" data-end=\"2649\">Outdoorov\u00ed nad\u0161enci, ktor\u00ed potrebuj\u00fa v\u0161estrann\u00fd n\u00e1stroj.<\/p>\n<\/li>\n<li data-start=\"2650\" data-end=\"2714\">\n<p data-start=\"2652\" data-end=\"2714\">Cestovatelia a turisti, ktor\u00ed chc\u00fa ma\u0165 vo vrecku kompaktn\u00fa diel\u0148u.<\/p>\n<\/li>\n<li data-start=\"2715\" data-end=\"2777\">\n<p data-start=\"2717\" data-end=\"2777\">Profesion\u00e1li, ktor\u00ed h\u013eadaj\u00fa spo\u013eahliv\u00fd viac\u00fa\u010delov\u00fd n\u00e1stroj na pr\u00e1cu.<\/p>\n<\/li>\n<li data-start=\"2778\" data-end=\"2858\">\n<p data-start=\"2780\" data-end=\"2858\">Ka\u017ed\u00fd, kto oce\u0148uje kombin\u00e1ciu funk\u010dnosti, spo\u013eahlivosti a ikonick\u00e9ho dizajnu.<\/p>\n<\/li>\n<\/ul>\n<hr data-start=\"2860\" data-end=\"2863\">\n<p data-start=\"2865\" data-end=\"2892\">\u2b50 <strong data-start=\"2867\" data-end=\"2890\">Z\u00e1vere\u010dn\u00e9 hodnotenie<\/strong><\/p>\n<p data-start=\"2894\" data-end=\"3285\"><strong data-start=\"2894\" data-end=\"2918\">Leatherman WAVE Plus<\/strong> je multitool, ktor\u00fd ur\u010duje \u0161tandard. Jeho robustn\u00e1 kon\u0161trukcia, \u0161irok\u00e1 \u0161k\u00e1la n\u00e1strojov a mo\u017enos\u0165 v\u00fdmeny \u010depele klie\u0161t\u00ed z neho robia vo\u013ebu \u010d\u00edslo jeden pre pou\u017e\u00edvate\u013eov na celom svete. Je to v\u0161estrann\u00fd pracovn\u00fd k\u00f4\u0148, ktor\u00fd nesklame v ter\u00e9ne ani v ka\u017edodennom \u017eivote. Ak h\u013ead\u00e1te spo\u013eahliv\u00fd multitool s dlhou \u017eivotnos\u0165ou a skvel\u00fdm pomerom cena\/v\u00fdkon, WAVE Plus je istota.   <\/p>\n<\/li>\n<\/ul>\n<p>&nbsp;<\/p>\n<p><iframe title=\"Wave+ Multi-tool Overview\" width=\"800\" height=\"450\" src=\"https:\/\/www.youtube.com\/embed\/TuaAsoscXyY?feature=oembed\" frameborder=\"0\" allow=\"accelerometer; autoplay; clipboard-write; encrypted-media; gyroscope; picture-in-picture; web-share\" referrerpolicy=\"strict-origin-when-cross-origin\" allowfullscreen><\/iframe><\/p>\n<p>&nbsp;<\/p>\n<p>&nbsp;<\/p>\n<p>&nbsp;<\/p>\n<p>&nbsp;<\/p>\n","protected":false},"excerpt":{"rendered":"<p><strong>Leatherman WAVE Plus je multitool, ktor\u00fd ur\u010duje \u0161tandard. Jeho robustn\u00e1 kon\u0161trukcia, \u0161irok\u00e1 \u0161k\u00e1la n\u00e1strojov a mo\u017enos\u0165 v\u00fdmeny \u010depele klie\u0161t\u00ed z neho robia vo\u013ebu \u010d\u00edslo jeden pre pou\u017e\u00edvate\u013eov na celom svete. <\/strong><br \/>\n<strong>Doprava zadarmo.<\/strong><\/p>\n","protected":false},"featured_media":358890,"comment_status":"open","ping_status":"closed","template":"","meta":[],"pwb-brand":[3490],"product_brand":[],"product_cat":[3342],"product_tag":[],"class_list":{"0":"post-306784","1":"product","2":"type-product","3":"status-publish","4":"has-post-thumbnail","6":"pwb-brand-leatherman-sk","7":"product_cat-multi-tool-sk","9":"first","10":"outofstock","11":"taxable","12":"shipping-taxable","13":"purchasable","14":"product-type-simple"},"brands":[{"id":3490,"name":"Leatherman","slug":"leatherman-sk"}],"_links":{"self":[{"href":"https:\/\/www.moskito.cz\/sk\/wp-json\/wp\/v2\/product\/306784","targetHints":{"allow":["GET"]}}],"collection":[{"href":"https:\/\/www.moskito.cz\/sk\/wp-json\/wp\/v2\/product"}],"about":[{"href":"https:\/\/www.moskito.cz\/sk\/wp-json\/wp\/v2\/types\/product"}],"replies":[{"embeddable":true,"href":"https:\/\/www.moskito.cz\/sk\/wp-json\/wp\/v2\/comments?post=306784"}],"wp:featuredmedia":[{"embeddable":true,"href":"https:\/\/www.moskito.cz\/sk\/wp-json\/wp\/v2\/media\/358890"}],"wp:attachment":[{"href":"https:\/\/www.moskito.cz\/sk\/wp-json\/wp\/v2\/media?parent=306784"}],"wp:term":[{"taxonomy":"pwb-brand","embeddable":true,"href":"https:\/\/www.moskito.cz\/sk\/wp-json\/wp\/v2\/pwb-brand?post=306784"},{"taxonomy":"product_brand","embeddable":true,"href":"https:\/\/www.moskito.cz\/sk\/wp-json\/wp\/v2\/product_brand?post=306784"},{"taxonomy":"product_cat","embeddable":true,"href":"https:\/\/www.moskito.cz\/sk\/wp-json\/wp\/v2\/product_cat?post=306784"},{"taxonomy":"product_tag","embeddable":true,"href":"https:\/\/www.moskito.cz\/sk\/wp-json\/wp\/v2\/product_tag?post=306784"}],"curies":[{"name":"wp","href":"https:\/\/api.w.org\/{rel}","templated":true}]}}