{"id":306796,"date":"2019-05-05T13:20:15","date_gmt":"2024-02-06T07:28:08","guid":{"rendered":"https:\/\/www.moskito.cz\/produkt\/meyerco-brent-beshara-besh-wedge-neck-knife-mlnk\/"},"modified":"2025-07-11T07:48:55","modified_gmt":"2025-07-11T06:48:55","slug":"meyerco-brent-beshara-besh-wedge-neck-knife-mlnk","status":"publish","type":"product","link":"https:\/\/www.moskito.cz\/sk\/produkt\/meyerco-brent-beshara-besh-wedge-neck-knife-mlnk\/","title":{"rendered":"Meyerco Brent Beshara Besh Wedge Neck Knife MLNK"},"content":{"rendered":"<p>Meyerco Brent Beshara Besh Wedge Neck Knife MLNK.<\/p>\n<p><span class=\"tlid-translation translation\" lang=\"cs\"><span class=\"\" title=\"\">Meyerco MLNK Brent Beshara Besh Wedge Neck N\u00f4\u017e.<\/span> <span class=\"\" title=\"\">Brent Beshara popisuje tento n\u00f4\u017e, ktor\u00fd navrhol nasledovne: BESH Wedge je revolu\u010dn\u00fd n\u00f4\u017e s trojit\u00fdm ostr\u00edm, ktor\u00fd som vyna\u0161iel s vami, s koncov\u00fdm pou\u017e\u00edvate\u013eom.<\/span> <span class=\"\" title=\"\">Je to najsilnej\u0161\u00ed n\u00f4\u017e na svete.<\/span> <span class=\"\" title=\"\">Moja geometria v kombin\u00e1cii s dizajnovou dokonalos\u0165ou Darrel Ralph a kvalitnej kon\u0161trukcie Meyerco maj\u00fa za n\u00e1sledok &#8222;spr\u00e1vny n\u00e1stroj pre spr\u00e1vnu pr\u00e1cu&#8220;.<\/span><\/span><\/p>\n<p><span title=\"\">BESH Wedge Blade od firmy Brent Beshara m\u00e1 svoju jedine\u010dn\u00fa geometriu \u010depele, ktor\u00e1 nesie na \u0161pi\u010dku no\u017ea \u010do najviac ocele.<\/span> <span class=\"\" title=\"\">N\u00f4\u017e na krk BESH Wedge je opatren\u00fd rukov\u00e4\u0165ou, ktor\u00e1 je obalen\u00e1 para k\u00e1blom a pl\u00e1\u0161\u0165om kydex s retiazkou na krk.<\/span> <span class=\"\" title=\"\">Meyerco je licencovan\u00fd na v\u00fdrobu t\u00fdchto \u010dapov BESH Wedge cez BESH Knives Inc.<\/span><\/p>\n<p><span title=\"\">Celkov\u00e1 d\u013a\u017eka:<\/span> 20 cm<\/p>\n<p><span title=\"\">D\u013a\u017eka \u010depele:<\/span> 11 cm<\/p>\n<p><span title=\"\">Materi\u00e1l rukov\u00e4te:<\/span> <span title=\"\">Para Cord<\/span><\/p>\n<p><span title=\"\">Puzdro:<\/span> <span title=\"\">Kydex s retiazkou na krk<\/span><\/p>\n<p>&nbsp;<\/p>\n","protected":false},"excerpt":{"rendered":"<p>Pevn\u00fd n\u00f4\u017e s puzdrom.<\/p>\n","protected":false},"featured_media":163888,"comment_status":"open","ping_status":"closed","template":"","meta":[],"pwb-brand":[3480],"product_brand":[],"product_cat":[3186,3187],"product_tag":[],"class_list":{"0":"post-306796","1":"product","2":"type-product","3":"status-publish","4":"has-post-thumbnail","6":"pwb-brand-meyerco-sk","7":"product_cat-noze-sk","8":"product_cat-pevne-noze-sk","10":"first","11":"onbackorder","12":"taxable","13":"shipping-taxable","14":"purchasable","15":"product-type-simple"},"brands":[{"id":3480,"name":"Meyerco","slug":"meyerco-sk"}],"_links":{"self":[{"href":"https:\/\/www.moskito.cz\/sk\/wp-json\/wp\/v2\/product\/306796","targetHints":{"allow":["GET"]}}],"collection":[{"href":"https:\/\/www.moskito.cz\/sk\/wp-json\/wp\/v2\/product"}],"about":[{"href":"https:\/\/www.moskito.cz\/sk\/wp-json\/wp\/v2\/types\/product"}],"replies":[{"embeddable":true,"href":"https:\/\/www.moskito.cz\/sk\/wp-json\/wp\/v2\/comments?post=306796"}],"wp:featuredmedia":[{"embeddable":true,"href":"https:\/\/www.moskito.cz\/sk\/wp-json\/wp\/v2\/media\/163888"}],"wp:attachment":[{"href":"https:\/\/www.moskito.cz\/sk\/wp-json\/wp\/v2\/media?parent=306796"}],"wp:term":[{"taxonomy":"pwb-brand","embeddable":true,"href":"https:\/\/www.moskito.cz\/sk\/wp-json\/wp\/v2\/pwb-brand?post=306796"},{"taxonomy":"product_brand","embeddable":true,"href":"https:\/\/www.moskito.cz\/sk\/wp-json\/wp\/v2\/product_brand?post=306796"},{"taxonomy":"product_cat","embeddable":true,"href":"https:\/\/www.moskito.cz\/sk\/wp-json\/wp\/v2\/product_cat?post=306796"},{"taxonomy":"product_tag","embeddable":true,"href":"https:\/\/www.moskito.cz\/sk\/wp-json\/wp\/v2\/product_tag?post=306796"}],"curies":[{"name":"wp","href":"https:\/\/api.w.org\/{rel}","templated":true}]}}