{"id":306831,"date":"2019-06-01T14:07:30","date_gmt":"2024-02-06T07:28:35","guid":{"rendered":"https:\/\/www.moskito.cz\/produkt\/teleskopicky-obusok-16-cierny-kaleny\/"},"modified":"2025-07-11T07:49:01","modified_gmt":"2025-07-11T06:49:01","slug":"teleskopicky-obusok-16-cierny-kaleny","status":"publish","type":"product","link":"https:\/\/www.moskito.cz\/sk\/produkt\/teleskopicky-obusok-16-cierny-kaleny\/","title":{"rendered":"Teleskopick\u00fd obu\u0161ok 16&#8243; \u010dierny kalen\u00fd"},"content":{"rendered":"<p>Teleskopick\u00fd obu\u0161ok 16&#8243; \u010dierny kalen\u00fd.<\/p>\n<p>Kvalitn\u00fd kalen\u00fd teleskopick\u00fd obu\u0161ok ESP s gumovou rukov\u00e4\u0165ou. Obu\u0161ok je vyroben\u00fd z kvalitn\u00e9ho kalen\u00e9ho materi\u00e1lu, ktor\u00fd sa neohne. Je dod\u00e1van\u00fd s nylonov\u00fdm puzdrom s mo\u017enos\u0165ou uchytenia na opasok. Kalen\u00fd obu\u0161ok je ur\u010den\u00fd aj na profesion\u00e1lne pou\u017eitie . Vyu\u017e\u00edvaj\u00fa ho napr\u00edklad pol\u00edcia alebo in\u00e9 ozbrojen\u00e9 zlo\u017eky. Rukov\u00e4\u0165 obu\u0161ku je farby \u010diernej. S\u00fa\u010das\u0165ou balenia je aj plastov\u00e9 puzdro s mo\u017enos\u0165ou uchytenia za opasok.<\/p>\n","protected":false},"excerpt":{"rendered":"<p>Teleskopick\u00fd obu\u0161ok 16&#8243; \u010dierny kalen\u00fd, obu\u0161ok<\/p>\n","protected":false},"featured_media":181702,"comment_status":"open","ping_status":"closed","template":"","meta":[],"pwb-brand":[3497],"product_brand":[],"product_cat":[3500],"product_tag":[],"class_list":{"0":"post-306831","1":"product","2":"type-product","3":"status-publish","4":"has-post-thumbnail","6":"pwb-brand-esp-sk","7":"product_cat-teleskopicke-obusky-sk","9":"first","10":"outofstock","11":"taxable","12":"shipping-taxable","13":"purchasable","14":"product-type-simple"},"brands":[{"id":3497,"name":"ESP","slug":"esp-sk"}],"_links":{"self":[{"href":"https:\/\/www.moskito.cz\/sk\/wp-json\/wp\/v2\/product\/306831","targetHints":{"allow":["GET"]}}],"collection":[{"href":"https:\/\/www.moskito.cz\/sk\/wp-json\/wp\/v2\/product"}],"about":[{"href":"https:\/\/www.moskito.cz\/sk\/wp-json\/wp\/v2\/types\/product"}],"replies":[{"embeddable":true,"href":"https:\/\/www.moskito.cz\/sk\/wp-json\/wp\/v2\/comments?post=306831"}],"wp:featuredmedia":[{"embeddable":true,"href":"https:\/\/www.moskito.cz\/sk\/wp-json\/wp\/v2\/media\/181702"}],"wp:attachment":[{"href":"https:\/\/www.moskito.cz\/sk\/wp-json\/wp\/v2\/media?parent=306831"}],"wp:term":[{"taxonomy":"pwb-brand","embeddable":true,"href":"https:\/\/www.moskito.cz\/sk\/wp-json\/wp\/v2\/pwb-brand?post=306831"},{"taxonomy":"product_brand","embeddable":true,"href":"https:\/\/www.moskito.cz\/sk\/wp-json\/wp\/v2\/product_brand?post=306831"},{"taxonomy":"product_cat","embeddable":true,"href":"https:\/\/www.moskito.cz\/sk\/wp-json\/wp\/v2\/product_cat?post=306831"},{"taxonomy":"product_tag","embeddable":true,"href":"https:\/\/www.moskito.cz\/sk\/wp-json\/wp\/v2\/product_tag?post=306831"}],"curies":[{"name":"wp","href":"https:\/\/api.w.org\/{rel}","templated":true}]}}