{"id":306834,"date":"2019-05-18T17:54:15","date_gmt":"2019-05-18T16:54:15","guid":{"rendered":"https:\/\/www.moskito.cz\/produkt\/nitecore-ha40\/"},"modified":"2025-09-15T10:08:05","modified_gmt":"2025-09-15T09:08:05","slug":"nitecore-ha40","status":"publish","type":"product","link":"https:\/\/www.moskito.cz\/sk\/produkt\/nitecore-ha40\/","title":{"rendered":"Nitecore HA40"},"content":{"rendered":"<p>Nitecore HA40.<\/p>\n<p> V\u00fdkonn\u00e1 univerz\u00e1lna \u010delovka ur\u010den\u00e1 na turistiku, outdoor, alebo na pracovn\u00e9 \u00fa\u010dely.<\/p>\n<p> Nap\u00e1janie 4 kusmi AA ceruzkov\u00fdmi bat\u00e9riami (mo\u017eno pou\u017ei\u0165 jednorazov\u00e9, ale odpor\u00fa\u010dan\u00e9 s\u00fa dob\u00edjacie NiMH pre dosiahnutie maxim\u00e1lneho v\u00fdkonu aj v\u00fddr\u017ee)<\/p>\n","protected":false},"excerpt":{"rendered":"<p>Nitecore HA40<\/p>\n","protected":false},"featured_media":164230,"comment_status":"open","ping_status":"closed","template":"","meta":[],"pwb-brand":[3503],"product_brand":[],"product_cat":[3376,3375],"product_tag":[],"class_list":{"0":"post-306834","1":"product","2":"type-product","3":"status-publish","4":"has-post-thumbnail","6":"pwb-brand-nitecore-sk","7":"product_cat-svietidlo","8":"product_cat-camping-sk","10":"first","11":"outofstock","12":"taxable","13":"shipping-taxable","14":"purchasable","15":"product-type-simple"},"brands":[{"id":3503,"name":"Nitecore","slug":"nitecore-sk"}],"_links":{"self":[{"href":"https:\/\/www.moskito.cz\/sk\/wp-json\/wp\/v2\/product\/306834","targetHints":{"allow":["GET"]}}],"collection":[{"href":"https:\/\/www.moskito.cz\/sk\/wp-json\/wp\/v2\/product"}],"about":[{"href":"https:\/\/www.moskito.cz\/sk\/wp-json\/wp\/v2\/types\/product"}],"replies":[{"embeddable":true,"href":"https:\/\/www.moskito.cz\/sk\/wp-json\/wp\/v2\/comments?post=306834"}],"wp:featuredmedia":[{"embeddable":true,"href":"https:\/\/www.moskito.cz\/sk\/wp-json\/wp\/v2\/media\/164230"}],"wp:attachment":[{"href":"https:\/\/www.moskito.cz\/sk\/wp-json\/wp\/v2\/media?parent=306834"}],"wp:term":[{"taxonomy":"pwb-brand","embeddable":true,"href":"https:\/\/www.moskito.cz\/sk\/wp-json\/wp\/v2\/pwb-brand?post=306834"},{"taxonomy":"product_brand","embeddable":true,"href":"https:\/\/www.moskito.cz\/sk\/wp-json\/wp\/v2\/product_brand?post=306834"},{"taxonomy":"product_cat","embeddable":true,"href":"https:\/\/www.moskito.cz\/sk\/wp-json\/wp\/v2\/product_cat?post=306834"},{"taxonomy":"product_tag","embeddable":true,"href":"https:\/\/www.moskito.cz\/sk\/wp-json\/wp\/v2\/product_tag?post=306834"}],"curies":[{"name":"wp","href":"https:\/\/api.w.org\/{rel}","templated":true}]}}