{"id":306849,"date":"2019-05-18T10:38:34","date_gmt":"2024-02-06T07:28:40","guid":{"rendered":"https:\/\/www.moskito.cz\/produkt\/svietidlo-ledlenser-mt18\/"},"modified":"2025-07-11T07:48:59","modified_gmt":"2025-07-11T06:48:59","slug":"svietidlo-ledlenser-mt18","status":"publish","type":"product","link":"https:\/\/www.moskito.cz\/sk\/produkt\/svietidlo-ledlenser-mt18\/","title":{"rendered":"Svietidlo Ledlenser MT18"},"content":{"rendered":"<p>Svietidlo Ledlenser MT18.<\/p>\n<p>T\u00e1 vynik\u00e1 v\u00fdkonom, ktor\u00fd prekon\u00e1 dia\u013ekov\u00e9 svetl\u00e1 \u00e1ut: s dob\u00edjac\u00edm akumul\u00e1torom dosvieti na vzdialenos\u0165 a\u017e 540 m v\u00fdkonom 3000 lm (!) po dobu piatich hod\u00edn. (Pre porovnanie: dia\u013ekov\u00e9 svetl\u00e1 priemern\u00e9ho automobilu svietia v\u00fdkonom do 1500 l\u00famenov.) Celkom m\u00e1 u\u017e\u00edvate\u013e na v\u00fdber z troch sveteln\u00fdch re\u017eimov. Na \u00fasporn\u00fd re\u017eim (30 lm, 80 m) vydr\u017e\u00ed baterka svieti\u0165 a\u017e 96 hod\u00edn. Baterka s rozmermi 178 mm a 620 g je nadpriemerne odoln\u00e1 pod\u013ea \u0161tandardov IPX4, teda nesklame ani pri da\u017edi \u010di sne\u017een\u00ed, ani pri p\u00e1de z v\u00fd\u0161ky. Svietidlo je mo\u017en\u00e9 naprogramova\u0165 pomocou funkcie Smart Light Technology, s\u00fa\u010das\u0165ou je samozrejme reflektorov\u00e1 \u0161o\u0161ovka Advanced Focus System a tie\u017e mechanizmus r\u00fdchleho ostrenia.<\/p>\n","protected":false},"excerpt":{"rendered":"<p>\u0160pi\u010dkov\u00e9 \u013eahk\u00e9 ru\u010dn\u00e9 svietidlo Ledlenser s ozna\u010den\u00edm MT18 pre outdoorov\u00e9 aktivity. Siln\u00e1 \u017eiarovka Xtreme LED m\u00e1 dosvit a\u017e 540 metrov a d\u00e1 sa jednoducho ovl\u00e1da\u0165 jednou rukou.<\/p>\n","protected":false},"featured_media":169628,"comment_status":"open","ping_status":"closed","template":"","meta":[],"pwb-brand":[3495],"product_brand":[],"product_cat":[3375,3376],"product_tag":[],"class_list":{"0":"post-306849","1":"product","2":"type-product","3":"status-publish","4":"has-post-thumbnail","6":"pwb-brand-ledlenser-sk","7":"product_cat-camping-sk","8":"product_cat-svietidlo","10":"first","11":"outofstock","12":"taxable","13":"shipping-taxable","14":"purchasable","15":"product-type-simple"},"brands":[{"id":3495,"name":"Ledlenser","slug":"ledlenser-sk"}],"_links":{"self":[{"href":"https:\/\/www.moskito.cz\/sk\/wp-json\/wp\/v2\/product\/306849","targetHints":{"allow":["GET"]}}],"collection":[{"href":"https:\/\/www.moskito.cz\/sk\/wp-json\/wp\/v2\/product"}],"about":[{"href":"https:\/\/www.moskito.cz\/sk\/wp-json\/wp\/v2\/types\/product"}],"replies":[{"embeddable":true,"href":"https:\/\/www.moskito.cz\/sk\/wp-json\/wp\/v2\/comments?post=306849"}],"wp:featuredmedia":[{"embeddable":true,"href":"https:\/\/www.moskito.cz\/sk\/wp-json\/wp\/v2\/media\/169628"}],"wp:attachment":[{"href":"https:\/\/www.moskito.cz\/sk\/wp-json\/wp\/v2\/media?parent=306849"}],"wp:term":[{"taxonomy":"pwb-brand","embeddable":true,"href":"https:\/\/www.moskito.cz\/sk\/wp-json\/wp\/v2\/pwb-brand?post=306849"},{"taxonomy":"product_brand","embeddable":true,"href":"https:\/\/www.moskito.cz\/sk\/wp-json\/wp\/v2\/product_brand?post=306849"},{"taxonomy":"product_cat","embeddable":true,"href":"https:\/\/www.moskito.cz\/sk\/wp-json\/wp\/v2\/product_cat?post=306849"},{"taxonomy":"product_tag","embeddable":true,"href":"https:\/\/www.moskito.cz\/sk\/wp-json\/wp\/v2\/product_tag?post=306849"}],"curies":[{"name":"wp","href":"https:\/\/api.w.org\/{rel}","templated":true}]}}