{"id":306919,"date":"2019-06-22T11:01:17","date_gmt":"2024-02-06T10:40:53","guid":{"rendered":"https:\/\/www.moskito.cz\/produkt\/zippo-benzinovy-skull-soft-touch\/"},"modified":"2025-07-11T07:49:12","modified_gmt":"2025-07-11T06:49:12","slug":"zippo-benzinovy-skull-soft-touch","status":"publish","type":"product","link":"https:\/\/www.moskito.cz\/sk\/produkt\/zippo-benzinovy-skull-soft-touch\/","title":{"rendered":"Zippo benz\u00ednov\u00fd SKULL SOFT TOUCH"},"content":{"rendered":"<p>Zippo benz\u00ednov\u00fd SKULL SOFT TOUCH.<\/p>\n<p>Klasick\u00fd benz\u00ednov\u00fd zapa\u013eova\u010d. Vyroben\u00e9 v USA.<\/p>\n<p>Balen\u00e9 v ekologicky \u0161etrnej dar\u010dekovej krabi\u010dke<\/p>\n<p>Nov\u00fd zapa\u013eova\u010d nie je naplnen\u00fd palivom<\/p>\n","protected":false},"excerpt":{"rendered":"<p>Zippo benz\u00ednov\u00fd SKULL SOFT TOUCH<\/p>\n","protected":false},"featured_media":164546,"comment_status":"open","ping_status":"closed","template":"","meta":[],"pwb-brand":[3509],"product_brand":[],"product_cat":[3375,3428],"product_tag":[],"class_list":{"0":"post-306919","1":"product","2":"type-product","3":"status-publish","4":"has-post-thumbnail","6":"pwb-brand-zippo-sk","7":"product_cat-camping-sk","8":"product_cat-zapalovace-podpalovace-sk","10":"first","11":"outofstock","12":"taxable","13":"shipping-taxable","14":"purchasable","15":"product-type-simple"},"brands":[{"id":3509,"name":"ZIPPO","slug":"zippo-sk"}],"_links":{"self":[{"href":"https:\/\/www.moskito.cz\/sk\/wp-json\/wp\/v2\/product\/306919","targetHints":{"allow":["GET"]}}],"collection":[{"href":"https:\/\/www.moskito.cz\/sk\/wp-json\/wp\/v2\/product"}],"about":[{"href":"https:\/\/www.moskito.cz\/sk\/wp-json\/wp\/v2\/types\/product"}],"replies":[{"embeddable":true,"href":"https:\/\/www.moskito.cz\/sk\/wp-json\/wp\/v2\/comments?post=306919"}],"wp:featuredmedia":[{"embeddable":true,"href":"https:\/\/www.moskito.cz\/sk\/wp-json\/wp\/v2\/media\/164546"}],"wp:attachment":[{"href":"https:\/\/www.moskito.cz\/sk\/wp-json\/wp\/v2\/media?parent=306919"}],"wp:term":[{"taxonomy":"pwb-brand","embeddable":true,"href":"https:\/\/www.moskito.cz\/sk\/wp-json\/wp\/v2\/pwb-brand?post=306919"},{"taxonomy":"product_brand","embeddable":true,"href":"https:\/\/www.moskito.cz\/sk\/wp-json\/wp\/v2\/product_brand?post=306919"},{"taxonomy":"product_cat","embeddable":true,"href":"https:\/\/www.moskito.cz\/sk\/wp-json\/wp\/v2\/product_cat?post=306919"},{"taxonomy":"product_tag","embeddable":true,"href":"https:\/\/www.moskito.cz\/sk\/wp-json\/wp\/v2\/product_tag?post=306919"}],"curies":[{"name":"wp","href":"https:\/\/api.w.org\/{rel}","templated":true}]}}