{"id":307111,"date":"2020-06-09T09:44:45","date_gmt":"2024-02-06T10:44:04","guid":{"rendered":"https:\/\/www.moskito.cz\/produkt\/hanwei-practical-katana-sh1070\/"},"modified":"2025-07-11T07:51:32","modified_gmt":"2025-07-11T06:51:32","slug":"hanwei-practical-katana-sh1070","status":"publish","type":"product","link":"https:\/\/www.moskito.cz\/sk\/produkt\/hanwei-practical-katana-sh1070\/","title":{"rendered":"Hanwei Practical Katana SH1070"},"content":{"rendered":"<p><span class=\"navigation_page\">Hanwei Practical Katana SH1070<\/span> .<\/p>\n<p>Paul Chen \/ Hanwei Forge vyr\u00e1ba jedny z najkvalitnej\u0161\u00edch me\u010dov.<br \/>\nA\u017e na nieko\u013eko v\u00fdnimiek s\u00fa Hanwei ru\u010dne kovan\u00e9 \u010depele vyroben\u00e9 z vysoko uhl\u00edkovej ocele. Kvalifikovan\u00ed kov\u00e1\u010di potom dokon\u010dia z\u00e1kladn\u00fd profil do kone\u010dnej f\u00e1zy a vznikne n\u00e1dhern\u00fd produkt \u0161pi\u010dkov\u00e9ho spracovania s dlhou \u017eivotnos\u0165ou.<\/p>\n<p>T\u00e1to katana je jedna z najpopul\u00e1rnej\u0161\u00edch samurajsk\u00fdch me\u010dov od Hanweie.<\/p>\n<p>Ve\u013emi lacn\u00fd a plne funk\u010dn\u00fd samurajsk\u00fd me\u010d.<\/p>\n<p>Uhl\u00edkov\u00e1 oce\u013e 1566.<\/p>\n<p>Tvrdos\u0165: Ostrie HRC60, telo HRC 40.<\/p>\n<p>D\u013a\u017eka katany: 100,3cm.<\/p>\n<p>\u010cepe\u013e: 69,2cm.<\/p>\n<p>Hmotnos\u0165: 1050g.<\/p>\n<p>\u010cierna po\u0161va.<\/p>\n<p>&nbsp;<\/p>\n","protected":false},"excerpt":{"rendered":"<p>Fukn\u010dn\u00fd me\u010d.<\/p>\n","protected":false},"featured_media":168586,"comment_status":"open","ping_status":"closed","template":"","meta":[],"pwb-brand":[3391],"product_brand":[],"product_cat":[3386,3392],"product_tag":[],"class_list":{"0":"post-307111","1":"product","2":"type-product","3":"status-publish","4":"has-post-thumbnail","6":"pwb-brand-cas-hanwei-sk","7":"product_cat-katany-a-mece-sk","8":"product_cat-mece-dyky-repliky-sk","10":"first","11":"instock","12":"taxable","13":"shipping-taxable","14":"purchasable","15":"product-type-simple"},"brands":[{"id":3391,"name":"CAS Hanwei","slug":"cas-hanwei-sk"}],"_links":{"self":[{"href":"https:\/\/www.moskito.cz\/sk\/wp-json\/wp\/v2\/product\/307111","targetHints":{"allow":["GET"]}}],"collection":[{"href":"https:\/\/www.moskito.cz\/sk\/wp-json\/wp\/v2\/product"}],"about":[{"href":"https:\/\/www.moskito.cz\/sk\/wp-json\/wp\/v2\/types\/product"}],"replies":[{"embeddable":true,"href":"https:\/\/www.moskito.cz\/sk\/wp-json\/wp\/v2\/comments?post=307111"}],"wp:featuredmedia":[{"embeddable":true,"href":"https:\/\/www.moskito.cz\/sk\/wp-json\/wp\/v2\/media\/168586"}],"wp:attachment":[{"href":"https:\/\/www.moskito.cz\/sk\/wp-json\/wp\/v2\/media?parent=307111"}],"wp:term":[{"taxonomy":"pwb-brand","embeddable":true,"href":"https:\/\/www.moskito.cz\/sk\/wp-json\/wp\/v2\/pwb-brand?post=307111"},{"taxonomy":"product_brand","embeddable":true,"href":"https:\/\/www.moskito.cz\/sk\/wp-json\/wp\/v2\/product_brand?post=307111"},{"taxonomy":"product_cat","embeddable":true,"href":"https:\/\/www.moskito.cz\/sk\/wp-json\/wp\/v2\/product_cat?post=307111"},{"taxonomy":"product_tag","embeddable":true,"href":"https:\/\/www.moskito.cz\/sk\/wp-json\/wp\/v2\/product_tag?post=307111"}],"curies":[{"name":"wp","href":"https:\/\/api.w.org\/{rel}","templated":true}]}}