{"id":307116,"date":"2020-06-09T12:43:39","date_gmt":"2024-02-06T10:44:11","guid":{"rendered":"https:\/\/www.moskito.cz\/produkt\/vychadzkova-palica-celtic-sword-cane\/"},"modified":"2025-07-11T07:51:33","modified_gmt":"2025-07-11T06:51:33","slug":"vychadzkova-palica-celtic-sword-cane","status":"publish","type":"product","link":"https:\/\/www.moskito.cz\/sk\/produkt\/vychadzkova-palica-celtic-sword-cane\/","title":{"rendered":"Vych\u00e1dzkov\u00e1 Palica Celtic Sword Cane"},"content":{"rendered":"<p>Vych\u00e1dzkov\u00e1 Palica Celtic Sword Cane.<\/p>\n<p>Palica so skryt\u00fdm rap\u00edrom<br \/>\nCelkov\u00e1 d\u013a\u017eka: 93 cm<\/p>\n<p>D\u013a\u017eka ostria: 28cm<br \/>\nMateri\u00e1l oce\u013e: nerez \u010depe\u013e<br \/>\nMateri\u00e1l rukov\u00e4\u0165: strieborn\u00e9 liate kovov\u00e9 madlo<br \/>\nPalica: \u010dierna oce\u013e s gumovou \u0161pi\u010dkou<\/p>\n","protected":false},"excerpt":{"rendered":"<p>Palica s rap\u00edrom.<\/p>\n","protected":false},"featured_media":168590,"comment_status":"open","ping_status":"closed","template":"","meta":[],"pwb-brand":[3525],"product_brand":[],"product_cat":[3386,3392],"product_tag":[],"class_list":{"0":"post-307116","1":"product","2":"type-product","3":"status-publish","4":"has-post-thumbnail","6":"pwb-brand-china-made-sk","7":"product_cat-katany-a-mece-sk","8":"product_cat-mece-dyky-repliky-sk","10":"first","11":"outofstock","12":"taxable","13":"shipping-taxable","14":"purchasable","15":"product-type-simple"},"brands":[{"id":3525,"name":"China Made","slug":"china-made-sk"}],"_links":{"self":[{"href":"https:\/\/www.moskito.cz\/sk\/wp-json\/wp\/v2\/product\/307116","targetHints":{"allow":["GET"]}}],"collection":[{"href":"https:\/\/www.moskito.cz\/sk\/wp-json\/wp\/v2\/product"}],"about":[{"href":"https:\/\/www.moskito.cz\/sk\/wp-json\/wp\/v2\/types\/product"}],"replies":[{"embeddable":true,"href":"https:\/\/www.moskito.cz\/sk\/wp-json\/wp\/v2\/comments?post=307116"}],"wp:featuredmedia":[{"embeddable":true,"href":"https:\/\/www.moskito.cz\/sk\/wp-json\/wp\/v2\/media\/168590"}],"wp:attachment":[{"href":"https:\/\/www.moskito.cz\/sk\/wp-json\/wp\/v2\/media?parent=307116"}],"wp:term":[{"taxonomy":"pwb-brand","embeddable":true,"href":"https:\/\/www.moskito.cz\/sk\/wp-json\/wp\/v2\/pwb-brand?post=307116"},{"taxonomy":"product_brand","embeddable":true,"href":"https:\/\/www.moskito.cz\/sk\/wp-json\/wp\/v2\/product_brand?post=307116"},{"taxonomy":"product_cat","embeddable":true,"href":"https:\/\/www.moskito.cz\/sk\/wp-json\/wp\/v2\/product_cat?post=307116"},{"taxonomy":"product_tag","embeddable":true,"href":"https:\/\/www.moskito.cz\/sk\/wp-json\/wp\/v2\/product_tag?post=307116"}],"curies":[{"name":"wp","href":"https:\/\/api.w.org\/{rel}","templated":true}]}}