{"id":307118,"date":"2020-06-09T14:16:50","date_gmt":"2024-02-06T10:44:11","guid":{"rendered":"https:\/\/www.moskito.cz\/produkt\/samurajsky-mec-cas-hanwei-zatoichi-stick-sword\/"},"modified":"2025-07-11T07:51:35","modified_gmt":"2025-07-11T06:51:35","slug":"samurajsky-mec-cas-hanwei-zatoichi-stick-sword","status":"publish","type":"product","link":"https:\/\/www.moskito.cz\/sk\/produkt\/samurajsky-mec-cas-hanwei-zatoichi-stick-sword\/","title":{"rendered":"Samurajsk\u00fd Me\u010d CAS Hanwei Zatoichi Stick Sword"},"content":{"rendered":"<p>Samurajsk\u00fd Me\u010d CAS Hanwei Zatoichi Stick Sword.<\/p>\n<p>\u2013 \u010depe\u013e s vysok\u00fdm obsahom uhl\u00edka, naostren\u00e1<br \/>\n\u2013 rukov\u00e4\u0165 je z hned\u00e9ho tvrd\u00e9ho dreva<br \/>\n\u2013 po\u0161va pr\u00edrodn\u00e9 drevo<br \/>\nCelkov\u00e1 d\u013a\u017eka: 99 cm<br \/>\nD\u013a\u017eka \u010depele: 72 cm<br \/>\nRukov\u00e4\u0165 d\u013a\u017eka: 27 cm<br \/>\nHmotnos\u0165: 681 g<\/p>\n","protected":false},"excerpt":{"rendered":"<p>Zatoichi Stick Sword.<\/p>\n","protected":false},"featured_media":168599,"comment_status":"open","ping_status":"closed","template":"","meta":[],"pwb-brand":[3391],"product_brand":[],"product_cat":[3386,3392],"product_tag":[],"class_list":{"0":"post-307118","1":"product","2":"type-product","3":"status-publish","4":"has-post-thumbnail","6":"pwb-brand-cas-hanwei-sk","7":"product_cat-katany-a-mece-sk","8":"product_cat-mece-dyky-repliky-sk","10":"first","11":"outofstock","12":"taxable","13":"shipping-taxable","14":"purchasable","15":"product-type-simple"},"brands":[{"id":3391,"name":"CAS Hanwei","slug":"cas-hanwei-sk"}],"_links":{"self":[{"href":"https:\/\/www.moskito.cz\/sk\/wp-json\/wp\/v2\/product\/307118","targetHints":{"allow":["GET"]}}],"collection":[{"href":"https:\/\/www.moskito.cz\/sk\/wp-json\/wp\/v2\/product"}],"about":[{"href":"https:\/\/www.moskito.cz\/sk\/wp-json\/wp\/v2\/types\/product"}],"replies":[{"embeddable":true,"href":"https:\/\/www.moskito.cz\/sk\/wp-json\/wp\/v2\/comments?post=307118"}],"wp:featuredmedia":[{"embeddable":true,"href":"https:\/\/www.moskito.cz\/sk\/wp-json\/wp\/v2\/media\/168599"}],"wp:attachment":[{"href":"https:\/\/www.moskito.cz\/sk\/wp-json\/wp\/v2\/media?parent=307118"}],"wp:term":[{"taxonomy":"pwb-brand","embeddable":true,"href":"https:\/\/www.moskito.cz\/sk\/wp-json\/wp\/v2\/pwb-brand?post=307118"},{"taxonomy":"product_brand","embeddable":true,"href":"https:\/\/www.moskito.cz\/sk\/wp-json\/wp\/v2\/product_brand?post=307118"},{"taxonomy":"product_cat","embeddable":true,"href":"https:\/\/www.moskito.cz\/sk\/wp-json\/wp\/v2\/product_cat?post=307118"},{"taxonomy":"product_tag","embeddable":true,"href":"https:\/\/www.moskito.cz\/sk\/wp-json\/wp\/v2\/product_tag?post=307118"}],"curies":[{"name":"wp","href":"https:\/\/api.w.org\/{rel}","templated":true}]}}