{"id":307144,"date":"2020-06-15T19:59:45","date_gmt":"2024-02-06T10:44:28","guid":{"rendered":"https:\/\/www.moskito.cz\/produkt\/zatvaraci-noz-rescue-wood\/"},"modified":"2025-07-11T07:51:36","modified_gmt":"2025-07-11T06:51:36","slug":"zatvaraci-noz-rescue-wood","status":"publish","type":"product","link":"https:\/\/www.moskito.cz\/sk\/produkt\/zatvaraci-noz-rescue-wood\/","title":{"rendered":"Zatv\u00e1rac\u00ed N\u00f4\u017e Rescue Wood"},"content":{"rendered":"<p>Zatv\u00e1rac\u00ed N\u00f4\u017e Rescue Wood.<\/p>\n<p>N\u00f4\u017e m\u00e1 asistovan\u00e9 otv\u00e1ranie. D\u013a\u017eka zatvoren\u00e9ho no\u017ea je 12cm. D\u013a\u017eka polozubat\u00e9ho ostrie je 9 cm. N\u00f4\u017e m\u00e1 \u010diernu povrchov\u00fa \u00fapravu, rozb\u00edja\u010d skla, reza\u010dku bezpe\u010dnostn\u00fdch p\u00e1sov a kvapkanie klip.<\/p>\n<p>&nbsp;<\/p>\n<p>&nbsp;<\/p>\n","protected":false},"excerpt":{"rendered":"<p>N\u00f4\u017e s poistkou.<\/p>\n","protected":false},"featured_media":168676,"comment_status":"open","ping_status":"closed","template":"","meta":[],"pwb-brand":[3529],"product_brand":[],"product_cat":[3186,3233],"product_tag":[],"class_list":{"0":"post-307144","1":"product","2":"type-product","3":"status-publish","4":"has-post-thumbnail","6":"pwb-brand-mtech-sk","7":"product_cat-noze-sk","8":"product_cat-zatvaracie-noze","10":"first","11":"outofstock","12":"taxable","13":"shipping-taxable","14":"purchasable","15":"product-type-simple"},"brands":[{"id":3529,"name":"MTech","slug":"mtech-sk"}],"_links":{"self":[{"href":"https:\/\/www.moskito.cz\/sk\/wp-json\/wp\/v2\/product\/307144","targetHints":{"allow":["GET"]}}],"collection":[{"href":"https:\/\/www.moskito.cz\/sk\/wp-json\/wp\/v2\/product"}],"about":[{"href":"https:\/\/www.moskito.cz\/sk\/wp-json\/wp\/v2\/types\/product"}],"replies":[{"embeddable":true,"href":"https:\/\/www.moskito.cz\/sk\/wp-json\/wp\/v2\/comments?post=307144"}],"wp:featuredmedia":[{"embeddable":true,"href":"https:\/\/www.moskito.cz\/sk\/wp-json\/wp\/v2\/media\/168676"}],"wp:attachment":[{"href":"https:\/\/www.moskito.cz\/sk\/wp-json\/wp\/v2\/media?parent=307144"}],"wp:term":[{"taxonomy":"pwb-brand","embeddable":true,"href":"https:\/\/www.moskito.cz\/sk\/wp-json\/wp\/v2\/pwb-brand?post=307144"},{"taxonomy":"product_brand","embeddable":true,"href":"https:\/\/www.moskito.cz\/sk\/wp-json\/wp\/v2\/product_brand?post=307144"},{"taxonomy":"product_cat","embeddable":true,"href":"https:\/\/www.moskito.cz\/sk\/wp-json\/wp\/v2\/product_cat?post=307144"},{"taxonomy":"product_tag","embeddable":true,"href":"https:\/\/www.moskito.cz\/sk\/wp-json\/wp\/v2\/product_tag?post=307144"}],"curies":[{"name":"wp","href":"https:\/\/api.w.org\/{rel}","templated":true}]}}