{"id":307158,"date":"2020-07-22T11:39:53","date_gmt":"2024-02-06T10:44:43","guid":{"rendered":"https:\/\/www.moskito.cz\/produkt\/zatvaraci-noz-mtech-xtreme-mx-a810rd\/"},"modified":"2025-07-11T07:51:40","modified_gmt":"2025-07-11T06:51:40","slug":"zatvaraci-noz-mtech-xtreme-mx-a810rd","status":"publish","type":"product","link":"https:\/\/www.moskito.cz\/sk\/produkt\/zatvaraci-noz-mtech-xtreme-mx-a810rd\/","title":{"rendered":"Zatv\u00e1rac\u00ed n\u00f4\u017e MTech XTREME MX-A810RD"},"content":{"rendered":"<p>Zatv\u00e1rac\u00ed n\u00f4\u017e MTech XTREME MX-A810RD.<br \/>\nOdoln\u00fd zatv\u00e1rac\u00ed n\u00f4\u017e s asistovan\u00fdm otv\u00e1ran\u00edm. Celkov\u00e1 d\u013a\u017eka no\u017ea je 19 cm, d\u013a\u017eka no\u017ea v uzavretom stave je 11 cm. Nerezov\u00e1 \u010depe\u013e m\u00e1 \u00fapravu Stonewash a jej d\u013a\u017eka je 7.5 cm. N\u00f4\u017e disponuje reza\u010dkou p\u00e1sov, hrotom na rozbitie skla a vreckov\u00fdm klipom.<\/p>\n","protected":false},"excerpt":{"rendered":"<p>Zatv\u00e1rac\u00ed n\u00f4\u017e.<\/p>\n","protected":false},"featured_media":169007,"comment_status":"open","ping_status":"closed","template":"","meta":[],"pwb-brand":[3529],"product_brand":[],"product_cat":[3186,3233],"product_tag":[],"class_list":{"0":"post-307158","1":"product","2":"type-product","3":"status-publish","4":"has-post-thumbnail","6":"pwb-brand-mtech-sk","7":"product_cat-noze-sk","8":"product_cat-zatvaracie-noze","10":"first","11":"instock","12":"taxable","13":"shipping-taxable","14":"purchasable","15":"product-type-simple"},"brands":[{"id":3529,"name":"MTech","slug":"mtech-sk"}],"_links":{"self":[{"href":"https:\/\/www.moskito.cz\/sk\/wp-json\/wp\/v2\/product\/307158","targetHints":{"allow":["GET"]}}],"collection":[{"href":"https:\/\/www.moskito.cz\/sk\/wp-json\/wp\/v2\/product"}],"about":[{"href":"https:\/\/www.moskito.cz\/sk\/wp-json\/wp\/v2\/types\/product"}],"replies":[{"embeddable":true,"href":"https:\/\/www.moskito.cz\/sk\/wp-json\/wp\/v2\/comments?post=307158"}],"wp:featuredmedia":[{"embeddable":true,"href":"https:\/\/www.moskito.cz\/sk\/wp-json\/wp\/v2\/media\/169007"}],"wp:attachment":[{"href":"https:\/\/www.moskito.cz\/sk\/wp-json\/wp\/v2\/media?parent=307158"}],"wp:term":[{"taxonomy":"pwb-brand","embeddable":true,"href":"https:\/\/www.moskito.cz\/sk\/wp-json\/wp\/v2\/pwb-brand?post=307158"},{"taxonomy":"product_brand","embeddable":true,"href":"https:\/\/www.moskito.cz\/sk\/wp-json\/wp\/v2\/product_brand?post=307158"},{"taxonomy":"product_cat","embeddable":true,"href":"https:\/\/www.moskito.cz\/sk\/wp-json\/wp\/v2\/product_cat?post=307158"},{"taxonomy":"product_tag","embeddable":true,"href":"https:\/\/www.moskito.cz\/sk\/wp-json\/wp\/v2\/product_tag?post=307158"}],"curies":[{"name":"wp","href":"https:\/\/api.w.org\/{rel}","templated":true}]}}