{"id":307201,"date":"2020-06-09T14:00:36","date_gmt":"2024-02-06T10:45:15","guid":{"rendered":"https:\/\/www.moskito.cz\/produkt\/samurajsky-mec-cas-hanwei-zatoichi-sword\/"},"modified":"2025-07-11T07:51:35","modified_gmt":"2025-07-11T06:51:35","slug":"samurajsky-mec-cas-hanwei-zatoichi-sword","status":"publish","type":"product","link":"https:\/\/www.moskito.cz\/sk\/produkt\/samurajsky-mec-cas-hanwei-zatoichi-sword\/","title":{"rendered":"Samurajsk\u00fd Me\u010d CAS Hanwei Zatoichi Sword"},"content":{"rendered":"<p>Samurajsk\u00fd Me\u010d CAS Hanwei Zatoichi Sword.<\/p>\n<p>&#8211; \u010depe\u013e s vysok\u00fdm obsahom uhl\u00edka, naostren\u00e1<br \/>\n&#8211; rukov\u00e4\u0165 z \u010dierneho tvrd\u00e9ho dreva<br \/>\n&#8211; po\u0161va pr\u00edrodn\u00e9 drevo<br \/>\n&#8211; dod\u00e1van\u00e9 vr\u00e1tane vaku na ulo\u017eenie<\/p>\n<p>Celkov\u00e1 d\u013a\u017eka: 99 cm<br \/>\nD\u013a\u017eka \u010depele: 72 cm<br \/>\nRukov\u00e4\u0165 d\u013a\u017eka: 27 cm<br \/>\nHmotnos\u0165: 681 g<\/p>\n","protected":false},"excerpt":{"rendered":"<p>Zatoichi Sword.<\/p>\n","protected":false},"featured_media":168597,"comment_status":"open","ping_status":"closed","template":"","meta":[],"pwb-brand":[3391],"product_brand":[],"product_cat":[3386,3392],"product_tag":[],"class_list":{"0":"post-307201","1":"product","2":"type-product","3":"status-publish","4":"has-post-thumbnail","6":"pwb-brand-cas-hanwei-sk","7":"product_cat-katany-a-mece-sk","8":"product_cat-mece-dyky-repliky-sk","10":"first","11":"outofstock","12":"taxable","13":"shipping-taxable","14":"purchasable","15":"product-type-simple"},"brands":[{"id":3391,"name":"CAS Hanwei","slug":"cas-hanwei-sk"}],"_links":{"self":[{"href":"https:\/\/www.moskito.cz\/sk\/wp-json\/wp\/v2\/product\/307201","targetHints":{"allow":["GET"]}}],"collection":[{"href":"https:\/\/www.moskito.cz\/sk\/wp-json\/wp\/v2\/product"}],"about":[{"href":"https:\/\/www.moskito.cz\/sk\/wp-json\/wp\/v2\/types\/product"}],"replies":[{"embeddable":true,"href":"https:\/\/www.moskito.cz\/sk\/wp-json\/wp\/v2\/comments?post=307201"}],"wp:featuredmedia":[{"embeddable":true,"href":"https:\/\/www.moskito.cz\/sk\/wp-json\/wp\/v2\/media\/168597"}],"wp:attachment":[{"href":"https:\/\/www.moskito.cz\/sk\/wp-json\/wp\/v2\/media?parent=307201"}],"wp:term":[{"taxonomy":"pwb-brand","embeddable":true,"href":"https:\/\/www.moskito.cz\/sk\/wp-json\/wp\/v2\/pwb-brand?post=307201"},{"taxonomy":"product_brand","embeddable":true,"href":"https:\/\/www.moskito.cz\/sk\/wp-json\/wp\/v2\/product_brand?post=307201"},{"taxonomy":"product_cat","embeddable":true,"href":"https:\/\/www.moskito.cz\/sk\/wp-json\/wp\/v2\/product_cat?post=307201"},{"taxonomy":"product_tag","embeddable":true,"href":"https:\/\/www.moskito.cz\/sk\/wp-json\/wp\/v2\/product_tag?post=307201"}],"curies":[{"name":"wp","href":"https:\/\/api.w.org\/{rel}","templated":true}]}}