{"id":307207,"date":"2020-06-17T08:14:07","date_gmt":"2024-02-06T10:45:20","guid":{"rendered":"https:\/\/www.moskito.cz\/produkt\/keltsky-mec\/"},"modified":"2025-07-11T07:51:37","modified_gmt":"2025-07-11T06:51:37","slug":"keltsky-mec","status":"publish","type":"product","link":"https:\/\/www.moskito.cz\/sk\/produkt\/keltsky-mec\/","title":{"rendered":"Keltsk\u00fd Me\u010d"},"content":{"rendered":"<p>Keltsk\u00fd Me\u010d.<\/p>\n<p>Rukov\u00e4\u0165 je dreven\u00e1 s le\u0161tenou hlavicou. S\u00fa\u010das\u0165ou je hned\u00e9 ko\u017een\u00e9 puzdro.<br \/>\nCelkov\u00e1 d\u013a\u017eka me\u010da je: 77,5 cm<br \/>\nDvojit\u00e1 \u010depe\u013e s dr\u00e1\u017ekou na krv je dlh\u00e1 58 cm<\/p>\n<p>&nbsp;<\/p>\n<pre id=\"tw-target-text\" class=\"tw-data-text tw-text-large XcVN5d tw-ta\" dir=\"ltr\" data-placeholder=\"P\u0159eklad\"><span lang=\"cs\"> <\/span><\/pre>\n<pre id=\"tw-target-text\" class=\"tw-data-text tw-text-large XcVN5d tw-ta\" dir=\"ltr\" data-placeholder=\"P\u0159eklad\"><span lang=\"cs\"> <\/span><\/pre>\n","protected":false},"excerpt":{"rendered":"<p>Celtic Sword.<\/p>\n","protected":false},"featured_media":168701,"comment_status":"open","ping_status":"closed","template":"","meta":[],"pwb-brand":[3519],"product_brand":[],"product_cat":[3386,3392],"product_tag":[],"class_list":{"0":"post-307207","1":"product","2":"type-product","3":"status-publish","4":"has-post-thumbnail","6":"pwb-brand-pakistan-sk","7":"product_cat-katany-a-mece-sk","8":"product_cat-mece-dyky-repliky-sk","10":"first","11":"outofstock","12":"taxable","13":"shipping-taxable","14":"purchasable","15":"product-type-simple"},"brands":[{"id":3519,"name":"P\u00e1kist\u00e1n","slug":"pakistan-sk"}],"_links":{"self":[{"href":"https:\/\/www.moskito.cz\/sk\/wp-json\/wp\/v2\/product\/307207","targetHints":{"allow":["GET"]}}],"collection":[{"href":"https:\/\/www.moskito.cz\/sk\/wp-json\/wp\/v2\/product"}],"about":[{"href":"https:\/\/www.moskito.cz\/sk\/wp-json\/wp\/v2\/types\/product"}],"replies":[{"embeddable":true,"href":"https:\/\/www.moskito.cz\/sk\/wp-json\/wp\/v2\/comments?post=307207"}],"wp:featuredmedia":[{"embeddable":true,"href":"https:\/\/www.moskito.cz\/sk\/wp-json\/wp\/v2\/media\/168701"}],"wp:attachment":[{"href":"https:\/\/www.moskito.cz\/sk\/wp-json\/wp\/v2\/media?parent=307207"}],"wp:term":[{"taxonomy":"pwb-brand","embeddable":true,"href":"https:\/\/www.moskito.cz\/sk\/wp-json\/wp\/v2\/pwb-brand?post=307207"},{"taxonomy":"product_brand","embeddable":true,"href":"https:\/\/www.moskito.cz\/sk\/wp-json\/wp\/v2\/product_brand?post=307207"},{"taxonomy":"product_cat","embeddable":true,"href":"https:\/\/www.moskito.cz\/sk\/wp-json\/wp\/v2\/product_cat?post=307207"},{"taxonomy":"product_tag","embeddable":true,"href":"https:\/\/www.moskito.cz\/sk\/wp-json\/wp\/v2\/product_tag?post=307207"}],"curies":[{"name":"wp","href":"https:\/\/api.w.org\/{rel}","templated":true}]}}