{"id":307221,"date":"2022-04-04T17:31:28","date_gmt":"2024-02-06T10:45:34","guid":{"rendered":"https:\/\/www.moskito.cz\/produkt\/vystrelovaci-noz-microtech-exclusive-memento-mori-ultratech-bronze-apocalyptic121-13dc\/"},"modified":"2025-05-07T10:57:41","modified_gmt":"2025-05-07T09:57:41","slug":"vystrelovaci-noz-microtech-exclusive-memento-mori-ultratech-bronze-apocalyptic121-13dc","status":"publish","type":"product","link":"https:\/\/www.moskito.cz\/sk\/produkt\/vystrelovaci-noz-microtech-exclusive-memento-mori-ultratech-bronze-apocalyptic121-13dc\/","title":{"rendered":"Vystre\u013eovac\u00ed N\u00f4\u017e Microtech Exclusive Memento Mori Ultratech Bronze Apocalyptic121-13DC"},"content":{"rendered":"<p>Vystre\u013eovac\u00ed N\u00f4\u017e <strong>Microtech<\/strong> Exclusive Memento Mori Ultratech Bronze Apocalyptic121-13DC.<\/p>\n<p>Ultratech nav\u017edy nastav\u00ed \u0161tandard pre v\u0161etky predn\u00e9 no\u017ee. Ultratech je origin\u00e1lny dvoj\u010dinn\u00fd predn\u00fd n\u00f4\u017e Microtech a bol z\u00e1kladom cel\u00e9ho radu OTF. V priebehu rokov pre\u0161iel nieko\u013ek\u00fdmi \u00fapravami, zaka\u017ed\u00fdm sa stal \u00fa\u010dinnej\u0161\u00edm a spo\u013eahlivej\u0161\u00edm. T\u00e1to verzia m\u00e1 vylep\u0161en\u00fa text\u00faru tri-grip na palcovom skl\u00ed\u010dku pre pozit\u00edvnej\u0161\u00ed n\u00e1kup a apokalyptick\u00fd hardv\u00e9r pre pekn\u00fd kontrast. Hlin\u00edkov\u00e9 rukov\u00e4te maj\u00fa \u013eav\u00fa polovicu pikov\u00e9ho es\u00e1 a skr\u00ed\u017een\u00e9 kosti s latinsk\u00fdm cit\u00e1tom \u201eMemento Mori\u201c, ktor\u00fd je pripomienkou mor\u00e1lky poch\u00e1dzaj\u00facej zo starovek\u00e9ho r\u00edmskeho zvyku na bronzovej apokalyptickej \u0161tandardnej \u010depeli s padac\u00edm hrotom. Po\u010das v\u00ed\u0165aznej prehliadky, ke\u010f sa r\u00edmski gener\u00e1li vr\u00e1tili z bitky, \u0161iel za n\u00edm otrok a mumlal verziu tohto v\u00fdrazu, aby mu pripomenul, \u017ee je len mu\u017e, a nestal sa obe\u0165ou pov\u00fd\u0161enosti a il\u00fazi\u00ed vzne\u0161enosti. Pru\u017eina Ultratechu zost\u00e1va v \u201ek\u013eudovej\u201c polohe po cel\u00fa dobu, s v\u00fdnimkou roztiahnutia. T\u00fdm je zaisten\u00e9, \u017ee sa stla\u010den\u00e1 pru\u017eina neunav\u00ed, \u010do pou\u017e\u00edvate\u013eom zais\u0165uje, \u017ee ke\u010f je n\u00f4\u017e vystrelen\u00fd, bude fungova\u0165 efekt\u00edvne. \u013dahk\u00fd n\u00f4\u017e Ultratech s mo\u017enos\u0165ou otv\u00e1rania a zatv\u00e1rania jednou rukou, tenk\u00fd tvar a ostr\u00e1 \u010depe\u013e dro point zo skalpela z neho rob\u00ed jedine\u010dn\u00fd n\u00f4\u017e, ktor\u00fd je k dispoz\u00edcii iba u Microtech. Tento n\u00f4\u017e znova a znova preuk\u00e1zal, \u017ee odol\u00e1 akejko\u013evek prek\u00e1\u017eke a u\u017e \u010doskoro bude h\u013eada\u0165 druh\u00fa polovicu tejto dvoj\u010depe\u013eovej sady.<\/p>\n<p>Celkov\u00e1 d\u013a\u017eka: 22 cm<br \/>\nD\u013a\u017eka \u010depele: 8.6 cm<br \/>\nMateri\u00e1l \u010depele: Bohler M390<br \/>\n\u0160t\u00fdl \u010depele: D\u00fdka<br \/>\nBritov\u00e9 do\u0161ti\u010dky: Ploch\u00e9<br \/>\nTyp okraja: oby\u010dajn\u00fd<br \/>\nMateri\u00e1l rukov\u00e4te: hlin\u00edk<br \/>\nHmotnos\u0165: 3,60 oz.<br \/>\nU\u017e\u00edvate\u013e: Prav\u00e1 ruka<br \/>\nPocket Clip: Tip-Down<br \/>\nTyp no\u017ea: Double-Action OTF Automatic<br \/>\nOtv\u00e1ra\u010d: Thumb Slide<br \/>\nZna\u010dka: Microtech<br \/>\nModel: Ultratech<\/p>\n<p><iframe title=\"Microtech Combat Troodon Torture Test\" width=\"800\" height=\"450\" src=\"https:\/\/www.youtube.com\/embed\/xE9TeOFYEjg?feature=oembed\" frameborder=\"0\" allow=\"accelerometer; autoplay; clipboard-write; encrypted-media; gyroscope; picture-in-picture; web-share\" allowfullscreen><\/iframe><\/p>\n<p>&nbsp;<\/p>\n<p>MT12113DC: 123-13DC Death Card Standard Drop Point Ultratech, Left<br \/>\nMicrotech<\/p>\n<p>The Ultratech bude forever nastavi\u0165 \u0161tandard pre v\u0161etky out-the-front knives. Ultratech je Microtech s origin\u00e1lnym dual-action z frontu n\u00f4\u017e a m\u00e1 by\u0165 zhroma\u017eden\u00fd svoj\u00edm entirom OTF line. Over na roky, to je gone cez sever\u00e1lne modifik\u00e1cie, ka\u017ed\u00fd \u010das prejde viac efekt\u00edvny a reliable. T\u00e1to verzia m\u00e1 improved tri-grip text\u00faru na palec sn\u00edmok pre viac pozit\u00edvny n\u00e1kup a apokalyptick\u00fd hardv\u00e9r pre pekn\u00fd kontrast. Alum\u00ednium rukov\u00e4te maj\u00fa \u013eav\u00fd polovicu oce\u013e sp\u00e1dov a kr\u00ed\u017eov s latinskou quote &#8222;Memento Mori&#8220;, ktor\u00fd je reminder morality originating z starovekej r\u00f3mskej practice na bronzovej apokalyptick\u00e9 \u0161tandard drop point blade. Po\u010das v\u00ed\u0165azstva, once r\u00f3mske generaly bud\u00fa return from battle, a sl\u00e1ve bud\u00fa chodi\u0165 za jeho muttering verziu tohto v\u00fdrazu do r\u00fak him bol on len \u010dlovek a nie p\u00e1d victim to haughtiness a delusions grandeur. Ultratech&#8217;s jarn\u00e9 remains v &#8222;a zvy\u0161ok&#8220; poz\u00edcie na v\u0161etky \u010dasy except pri deployed. Tieto n\u00e1nosy, ktor\u00e9 s\u00fa navrhnut\u00e9 na jar, nie s\u00fa fatiguedn\u00e9, dok\u00e1\u017eu pou\u017e\u00edvate\u013eov, ke\u010f pri no\u017ei\u010dke je ohnut\u00fd, to bude efekt\u00edvne fungova\u0165. Ultratech&#8217;s lightweight, jeden handed open and close action, slim shape and scalpel sharp dro point blade makes it a one-of-a-kind n\u00f4\u017e, only available through Microtech. T\u00e1to n\u00f4\u017e m\u00e1 uskuto\u010dnen\u00fd \u010das a proti tomu, \u017ee sa m\u00f4\u017ee sta\u0165 jeden obst\u00e1tok a h\u013eada\u0165 na druh\u00fd polovicu tejto dvoch-blade zv\u00e4zku set coming soon. Pre\u010d\u00edtajte si, foto ukazuje dva knives aj pre referencie only. Includes only one knife.<br \/>\nSpecifications<\/p>\n<p>Automatic Opening\/Closing &#8211; Front Opener<br \/>\nAction: Dual Action &#8211; Auto Fire\/Retract<br \/>\nBlade Length: 3,46&#8243;<br \/>\nBlade Style: Drop Point, Bronze Apocalyptic<br \/>\nHandle Thickness: 0.640&#8243;<br \/>\nHandle Material: 6061-T6 Aluminum with Black Mil-Spec Hard Coat Anodizing<br \/>\nLength Closed: 4.84&#8243;<br \/>\nLength Open: 8.30&#8243;<br \/>\nPocket Clip Material: 301 Stainless<br \/>\n\u0160tandard Top: 6061-T6 AL Alloy<br \/>\nTrigger: 303 Stainless<br \/>\nWindow Breaker<br \/>\nMade in the USA<\/p>\n","protected":false},"excerpt":{"rendered":"<div class=\"elementor-element elementor-element-bbb542b elementor-widget elementor-widget-woocommerce-product-short-description\" data-id=\"bbb542b\" data-element_type=\"widget\" data-widget_type=\"woocommerce-product-short-description.default\">\n<div class=\"elementor-widget-container\">\n<div class=\"woocommerce-product-details__short-description\">\n<p>V priebehu rokov <strong>Microtech\u00ae<\/strong> Knives naplnil v\u00e1\u0161\u0148ou a zru\u010dnos\u0165ou v\u00fdrobu no\u017eov, a\u017e z nich vytvoril takmer umeleck\u00e9 diela, ktor\u00e9 s\u00fa vrcholom funk\u010dnosti. V\u0161etky diely s\u00fa vyroden\u00e9 v USA.<br \/>\n<strong>Na v\u0161etky no\u017ee Microtech je do\u017eivotn\u00e1 z\u00e1ruka.<\/strong><\/p>\n<p><strong>Doprava zadarmo.<\/strong><\/p>\n<\/div>\n<\/div>\n<\/div>\n","protected":false},"featured_media":213764,"comment_status":"open","ping_status":"closed","template":"","meta":[],"pwb-brand":[3200],"product_brand":[],"product_cat":[3186,3197],"product_tag":[3668],"class_list":{"0":"post-307221","1":"product","2":"type-product","3":"status-publish","4":"has-post-thumbnail","6":"pwb-brand-microtech-sk","7":"product_cat-noze-sk","8":"product_cat-vystrelovacie-noze-sk","9":"product_tag-b2b-sk","11":"first","12":"outofstock","13":"taxable","14":"shipping-taxable","15":"purchasable","16":"product-type-simple"},"brands":[{"id":3200,"name":"Microtech","slug":"microtech-sk"}],"_links":{"self":[{"href":"https:\/\/www.moskito.cz\/sk\/wp-json\/wp\/v2\/product\/307221","targetHints":{"allow":["GET"]}}],"collection":[{"href":"https:\/\/www.moskito.cz\/sk\/wp-json\/wp\/v2\/product"}],"about":[{"href":"https:\/\/www.moskito.cz\/sk\/wp-json\/wp\/v2\/types\/product"}],"replies":[{"embeddable":true,"href":"https:\/\/www.moskito.cz\/sk\/wp-json\/wp\/v2\/comments?post=307221"}],"wp:featuredmedia":[{"embeddable":true,"href":"https:\/\/www.moskito.cz\/sk\/wp-json\/wp\/v2\/media\/213764"}],"wp:attachment":[{"href":"https:\/\/www.moskito.cz\/sk\/wp-json\/wp\/v2\/media?parent=307221"}],"wp:term":[{"taxonomy":"pwb-brand","embeddable":true,"href":"https:\/\/www.moskito.cz\/sk\/wp-json\/wp\/v2\/pwb-brand?post=307221"},{"taxonomy":"product_brand","embeddable":true,"href":"https:\/\/www.moskito.cz\/sk\/wp-json\/wp\/v2\/product_brand?post=307221"},{"taxonomy":"product_cat","embeddable":true,"href":"https:\/\/www.moskito.cz\/sk\/wp-json\/wp\/v2\/product_cat?post=307221"},{"taxonomy":"product_tag","embeddable":true,"href":"https:\/\/www.moskito.cz\/sk\/wp-json\/wp\/v2\/product_tag?post=307221"}],"curies":[{"name":"wp","href":"https:\/\/api.w.org\/{rel}","templated":true}]}}