{"id":307250,"date":"2019-06-01T15:08:27","date_gmt":"2024-02-06T10:55:45","guid":{"rendered":"https:\/\/www.moskito.cz\/produkt\/korenisty-sprej-kfog-20ml\/"},"modified":"2025-07-11T07:49:03","modified_gmt":"2025-07-11T06:49:03","slug":"korenisty-sprej-kfog-20ml","status":"publish","type":"product","link":"https:\/\/www.moskito.cz\/sk\/produkt\/korenisty-sprej-kfog-20ml\/","title":{"rendered":"Korenist\u00fd sprej KFOG 20ml"},"content":{"rendered":"<p>Korenist\u00fd sprej KFOG 20ml je aeros\u00f3lov\u00fdm sprejom. Pri stla\u010den\u00ed vystrel\u00ed zo spreja ve\u013ek\u00fd oblak aeros\u00f3lu. V\u010faka tomu nie je nutn\u00e9 \u00fato\u010dn\u00edkovi mieri\u0165 priamo do o\u010d\u00ed. Mus\u00edte po\u010d\u00edta\u0165 s t\u00fdm, \u017ee vonku v\u00e1s m\u00f4\u017ee prekvapi\u0165 vietor a oblak nasmerova\u0165 inam, ne\u017e by ste si priali a vo vn\u00fatri m\u00f4\u017eete zasiahnu\u0165 aj viac \u013eud\u00ed, ne\u017e len \u00fato\u010dn\u00edka. Pokia\u013e ale chcete zne\u0161kodni\u0165 psa, ktor\u00fd sa r\u00fdchlo pohybuje, nen\u00e1jdete lep\u0161\u00ed typ korenist\u00e9ho spreja, ne\u017e je aeros\u00f3lov\u00fd (na psy pou\u017e\u00edva\u0165 len v pr\u00edpade priameho ohrozenia \u017eivota!). Sprej je vysoko \u00fa\u010dinn\u00fd, sp\u00f4sobuje poleptanie a do\u010dasn\u00e9 oslepnutie. \u00da\u010dinn\u00e1 l\u00e1tka je 10% roztok OC (Oleoresin Capsicum &#8211; v\u00fd\u0165a\u017eok z extra p\u00e1liv\u00fdch papri\u010diek). V\u010faka tomu p\u00f4sob\u00ed aj na osoby so zn\u00ed\u017een\u00fdm prahom bolesti &#8211; podnapit\u00e9 a pod vplyvom drog. Obrann\u00fd pep\u0159ov\u00fd sprej KFOG2 20ml zafarb\u00ed zasiahnut\u00e9ho pre oko nevidite\u013enou farbou, ktor\u00e1 sa prejav\u00ed pod UV svetlom. To pom\u00f4\u017ee pol\u00edcii pri identifik\u00e1cii \u00fato\u010dn\u00edka a n\u00e1slednom dokazovan\u00ed zlo\u010dinu. Sprej nie je hor\u013eav\u00fd, preto sa nemus\u00edte b\u00e1\u0165, \u017ee by v\u00e1m mohol prirobi\u0165, napr\u00edklad v pr\u00edpade autonehody, probl\u00e9my. K-Fog2 m\u00e1 bezpe\u010dnostn\u00fa poistku a klip na opasok. hlavn\u00e9 znaky pep\u0159ov\u00e9ho spreja tekut\u00e1 n\u00e1pl\u0148 &#8211; aeros\u00f3lov\u00fd sprej ozna\u010denie p\u00e1chate\u013ea vidite\u013en\u00e9 pod UV svetlom nep\u00f4sob\u00ed trval\u00e9 po\u0161kodenie nehor\u013eav\u00fd dostrek cca 1,5 &#8211; 3 m zdravotne nez\u00e1vadn\u00fd obsah: 20 ml K-Fog2 je aeros\u00f3lov\u00fd pep\u0159ov\u00fd sprej, ktor\u00fd v\u00e1m. Je vysoko \u00fa\u010dinn\u00fd a p\u00f4sob\u00ed aj na osoby pod vplyvom drog.<\/p>\n","protected":false},"excerpt":{"rendered":"<p><strong>Korenist\u00fd<\/strong> sprej.<\/p>\n","protected":false},"featured_media":181999,"comment_status":"open","ping_status":"closed","template":"","meta":[],"pwb-brand":[3497],"product_brand":[],"product_cat":[3507],"product_tag":[],"class_list":{"0":"post-307250","1":"product","2":"type-product","3":"status-publish","4":"has-post-thumbnail","6":"pwb-brand-esp-sk","7":"product_cat-obranne-spreje-sk","9":"first","10":"instock","11":"taxable","12":"shipping-taxable","13":"purchasable","14":"product-type-simple"},"brands":[{"id":3497,"name":"ESP","slug":"esp-sk"}],"_links":{"self":[{"href":"https:\/\/www.moskito.cz\/sk\/wp-json\/wp\/v2\/product\/307250","targetHints":{"allow":["GET"]}}],"collection":[{"href":"https:\/\/www.moskito.cz\/sk\/wp-json\/wp\/v2\/product"}],"about":[{"href":"https:\/\/www.moskito.cz\/sk\/wp-json\/wp\/v2\/types\/product"}],"replies":[{"embeddable":true,"href":"https:\/\/www.moskito.cz\/sk\/wp-json\/wp\/v2\/comments?post=307250"}],"wp:featuredmedia":[{"embeddable":true,"href":"https:\/\/www.moskito.cz\/sk\/wp-json\/wp\/v2\/media\/181999"}],"wp:attachment":[{"href":"https:\/\/www.moskito.cz\/sk\/wp-json\/wp\/v2\/media?parent=307250"}],"wp:term":[{"taxonomy":"pwb-brand","embeddable":true,"href":"https:\/\/www.moskito.cz\/sk\/wp-json\/wp\/v2\/pwb-brand?post=307250"},{"taxonomy":"product_brand","embeddable":true,"href":"https:\/\/www.moskito.cz\/sk\/wp-json\/wp\/v2\/product_brand?post=307250"},{"taxonomy":"product_cat","embeddable":true,"href":"https:\/\/www.moskito.cz\/sk\/wp-json\/wp\/v2\/product_cat?post=307250"},{"taxonomy":"product_tag","embeddable":true,"href":"https:\/\/www.moskito.cz\/sk\/wp-json\/wp\/v2\/product_tag?post=307250"}],"curies":[{"name":"wp","href":"https:\/\/api.w.org\/{rel}","templated":true}]}}