{"id":307277,"date":"2019-06-01T15:28:27","date_gmt":"2024-02-06T10:55:56","guid":{"rendered":"https:\/\/www.moskito.cz\/produkt\/equalizer-50-ml-korenisty-sprej\/"},"modified":"2025-07-11T07:49:04","modified_gmt":"2025-07-11T06:49:04","slug":"equalizer-50-ml-korenisty-sprej","status":"publish","type":"product","link":"https:\/\/www.moskito.cz\/sk\/produkt\/equalizer-50-ml-korenisty-sprej\/","title":{"rendered":"EQUALIZER 50 ml Korenist\u00fd sprej"},"content":{"rendered":"<p>EQUALIZER 50 ml Korenist\u00fd sprej.  <\/p>\n<p>&nbsp;<\/p>\n<ul>\n<li>tekut\u00e1 strela &#8211; kvapaln\u00e1 n\u00e1pl\u0148<\/li>\n<li>ozna\u010denie p\u00e1chate\u013ea vidite\u013en\u00e9 pod UV svetlom<\/li>\n<li>nep\u00f4sob\u00ed trval\u00e9 po\u0161kodenie<\/li>\n<li>klip na opasok<\/li>\n<li>dostrek cca 2,5 &#8211; 3,5 m<\/li>\n<li>zdravotne nez\u00e1vadn\u00fd<\/li>\n<li>je nehor\u013eav\u00fd.<\/li>\n<li>obsah: 20 ml<\/li>\n<\/ul>\n<p>Equalizer2 je extr\u00e9mne v\u00fdkonn\u00fdm mal\u00fdm obrann\u00fdm sprejom, ktor\u00fd by v\u00e1m nemal vo vrecku alebo malej kabelke ch\u00fdba\u0165. V\u010faka klipu na opasok ho m\u00f4\u017eete ma\u0165 st\u00e1le so sebou, aj ke\u010f idete treba len beha\u0165.<\/p>\n","protected":false},"excerpt":{"rendered":"<p>Korenist\u00fd sprej.<\/p>\n","protected":false},"featured_media":164354,"comment_status":"open","ping_status":"closed","template":"","meta":[],"pwb-brand":[3497],"product_brand":[],"product_cat":[3507],"product_tag":[],"class_list":{"0":"post-307277","1":"product","2":"type-product","3":"status-publish","4":"has-post-thumbnail","6":"pwb-brand-esp-sk","7":"product_cat-obranne-spreje-sk","9":"first","10":"instock","11":"taxable","12":"shipping-taxable","13":"purchasable","14":"product-type-simple"},"brands":[{"id":3497,"name":"ESP","slug":"esp-sk"}],"_links":{"self":[{"href":"https:\/\/www.moskito.cz\/sk\/wp-json\/wp\/v2\/product\/307277","targetHints":{"allow":["GET"]}}],"collection":[{"href":"https:\/\/www.moskito.cz\/sk\/wp-json\/wp\/v2\/product"}],"about":[{"href":"https:\/\/www.moskito.cz\/sk\/wp-json\/wp\/v2\/types\/product"}],"replies":[{"embeddable":true,"href":"https:\/\/www.moskito.cz\/sk\/wp-json\/wp\/v2\/comments?post=307277"}],"wp:featuredmedia":[{"embeddable":true,"href":"https:\/\/www.moskito.cz\/sk\/wp-json\/wp\/v2\/media\/164354"}],"wp:attachment":[{"href":"https:\/\/www.moskito.cz\/sk\/wp-json\/wp\/v2\/media?parent=307277"}],"wp:term":[{"taxonomy":"pwb-brand","embeddable":true,"href":"https:\/\/www.moskito.cz\/sk\/wp-json\/wp\/v2\/pwb-brand?post=307277"},{"taxonomy":"product_brand","embeddable":true,"href":"https:\/\/www.moskito.cz\/sk\/wp-json\/wp\/v2\/product_brand?post=307277"},{"taxonomy":"product_cat","embeddable":true,"href":"https:\/\/www.moskito.cz\/sk\/wp-json\/wp\/v2\/product_cat?post=307277"},{"taxonomy":"product_tag","embeddable":true,"href":"https:\/\/www.moskito.cz\/sk\/wp-json\/wp\/v2\/product_tag?post=307277"}],"curies":[{"name":"wp","href":"https:\/\/api.w.org\/{rel}","templated":true}]}}