{"id":307283,"date":"2019-06-01T16:07:01","date_gmt":"2024-02-06T10:56:03","guid":{"rendered":"https:\/\/www.moskito.cz\/produkt\/korenisty-sprej-penovy-stoper-50ml\/"},"modified":"2025-07-11T07:49:05","modified_gmt":"2025-07-11T06:49:05","slug":"korenisty-sprej-penovy-stoper-50ml","status":"publish","type":"product","link":"https:\/\/www.moskito.cz\/sk\/produkt\/korenisty-sprej-penovy-stoper-50ml\/","title":{"rendered":"Korenist\u00fd sprej penov\u00fd Stoper 50ml"},"content":{"rendered":"<p>Korenist\u00fd sprej penov\u00fd Stoper 50ml.<\/p>\n<p>Ve\u013emi \u00fa\u010dinn\u00fd penov\u00fd obrann\u00fd sprej. Obsah 20 ml. OC je pr\u00edrodn\u00fd extrakt z \u010dili papri\u010diek. STOPER sp\u00f4sob\u00ed pokrytie tv\u00e1re penou. Obsahuje 10% OC (oleo-resin capsicum) zais\u0165uj\u00face okam\u017eit\u00fd \u00fa\u010dinok na zasiahnut\u00e9 sliznice: do\u010dasn\u00e9 oslepnutie, d\u00fdchavi\u010dnos\u0165, dr\u00e1\u017ediv\u00fd ka\u0161e\u013e a siln\u00e9 p\u00e1lenie poko\u017eky. Sprej je opatren\u00fd poistkou proti samovo\u013en\u00e9mu spusteniu &#8211; vhodn\u00fd pre \u017eeny. P\u00f4sob\u00ed aj proti agres\u00edvnym zvierat\u00e1m.<\/p>\n","protected":false},"excerpt":{"rendered":"<p>Obrann\u00fd penov\u00fd pep\u0159ov\u00fd sprej Stoper2 50ml<\/p>\n","protected":false},"featured_media":164361,"comment_status":"open","ping_status":"closed","template":"","meta":[],"pwb-brand":[3497],"product_brand":[],"product_cat":[3507],"product_tag":[],"class_list":{"0":"post-307283","1":"product","2":"type-product","3":"status-publish","4":"has-post-thumbnail","6":"pwb-brand-esp-sk","7":"product_cat-obranne-spreje-sk","9":"first","10":"instock","11":"taxable","12":"shipping-taxable","13":"purchasable","14":"product-type-simple"},"brands":[{"id":3497,"name":"ESP","slug":"esp-sk"}],"_links":{"self":[{"href":"https:\/\/www.moskito.cz\/sk\/wp-json\/wp\/v2\/product\/307283","targetHints":{"allow":["GET"]}}],"collection":[{"href":"https:\/\/www.moskito.cz\/sk\/wp-json\/wp\/v2\/product"}],"about":[{"href":"https:\/\/www.moskito.cz\/sk\/wp-json\/wp\/v2\/types\/product"}],"replies":[{"embeddable":true,"href":"https:\/\/www.moskito.cz\/sk\/wp-json\/wp\/v2\/comments?post=307283"}],"wp:featuredmedia":[{"embeddable":true,"href":"https:\/\/www.moskito.cz\/sk\/wp-json\/wp\/v2\/media\/164361"}],"wp:attachment":[{"href":"https:\/\/www.moskito.cz\/sk\/wp-json\/wp\/v2\/media?parent=307283"}],"wp:term":[{"taxonomy":"pwb-brand","embeddable":true,"href":"https:\/\/www.moskito.cz\/sk\/wp-json\/wp\/v2\/pwb-brand?post=307283"},{"taxonomy":"product_brand","embeddable":true,"href":"https:\/\/www.moskito.cz\/sk\/wp-json\/wp\/v2\/product_brand?post=307283"},{"taxonomy":"product_cat","embeddable":true,"href":"https:\/\/www.moskito.cz\/sk\/wp-json\/wp\/v2\/product_cat?post=307283"},{"taxonomy":"product_tag","embeddable":true,"href":"https:\/\/www.moskito.cz\/sk\/wp-json\/wp\/v2\/product_tag?post=307283"}],"curies":[{"name":"wp","href":"https:\/\/api.w.org\/{rel}","templated":true}]}}