{"id":307286,"date":"2019-08-10T14:39:55","date_gmt":"2024-02-06T10:56:04","guid":{"rendered":"https:\/\/www.moskito.cz\/produkt\/vrhaci-noz-throwing-knife\/"},"modified":"2025-07-11T07:49:35","modified_gmt":"2025-07-11T06:49:35","slug":"vrhaci-noz-throwing-knife","status":"publish","type":"product","link":"https:\/\/www.moskito.cz\/sk\/produkt\/vrhaci-noz-throwing-knife\/","title":{"rendered":"Vrhac\u00ed N\u00f4\u017e Throwing Knife"},"content":{"rendered":"<p>Vrhac\u00ed N\u00f4\u017e Throwing Knife.<\/p>\n<p>Celkov\u00e1 d\u013a\u017eka no\u017ea je 25 cm. Nerezov\u00e1 \u010depe\u013e s dvojit\u00fdm ostrie je dlh\u00e1 14 cm. Puzdro je z \u010dierneho nylonu.<\/p>\n","protected":false},"excerpt":{"rendered":"<p>Tr\u00e9ningov\u00fd n\u00f4\u017e.<\/p>\n","protected":false},"featured_media":198143,"comment_status":"open","ping_status":"closed","template":"","meta":[],"pwb-brand":[3519],"product_brand":[],"product_cat":[3186,3541],"product_tag":[],"class_list":{"0":"post-307286","1":"product","2":"type-product","3":"status-publish","4":"has-post-thumbnail","6":"pwb-brand-pakistan-sk","7":"product_cat-noze-sk","8":"product_cat-vrhacie-noze","10":"first","11":"outofstock","12":"taxable","13":"shipping-taxable","14":"purchasable","15":"product-type-simple"},"brands":[{"id":3519,"name":"P\u00e1kist\u00e1n","slug":"pakistan-sk"}],"_links":{"self":[{"href":"https:\/\/www.moskito.cz\/sk\/wp-json\/wp\/v2\/product\/307286","targetHints":{"allow":["GET"]}}],"collection":[{"href":"https:\/\/www.moskito.cz\/sk\/wp-json\/wp\/v2\/product"}],"about":[{"href":"https:\/\/www.moskito.cz\/sk\/wp-json\/wp\/v2\/types\/product"}],"replies":[{"embeddable":true,"href":"https:\/\/www.moskito.cz\/sk\/wp-json\/wp\/v2\/comments?post=307286"}],"wp:featuredmedia":[{"embeddable":true,"href":"https:\/\/www.moskito.cz\/sk\/wp-json\/wp\/v2\/media\/198143"}],"wp:attachment":[{"href":"https:\/\/www.moskito.cz\/sk\/wp-json\/wp\/v2\/media?parent=307286"}],"wp:term":[{"taxonomy":"pwb-brand","embeddable":true,"href":"https:\/\/www.moskito.cz\/sk\/wp-json\/wp\/v2\/pwb-brand?post=307286"},{"taxonomy":"product_brand","embeddable":true,"href":"https:\/\/www.moskito.cz\/sk\/wp-json\/wp\/v2\/product_brand?post=307286"},{"taxonomy":"product_cat","embeddable":true,"href":"https:\/\/www.moskito.cz\/sk\/wp-json\/wp\/v2\/product_cat?post=307286"},{"taxonomy":"product_tag","embeddable":true,"href":"https:\/\/www.moskito.cz\/sk\/wp-json\/wp\/v2\/product_tag?post=307286"}],"curies":[{"name":"wp","href":"https:\/\/api.w.org\/{rel}","templated":true}]}}