{"id":307292,"date":"2019-06-01T16:22:54","date_gmt":"2024-02-06T10:56:06","guid":{"rendered":"https:\/\/www.moskito.cz\/produkt\/korenisty-sprej-esp-tornado-63-ml\/"},"modified":"2025-07-11T07:49:07","modified_gmt":"2025-07-11T06:49:07","slug":"korenisty-sprej-esp-tornado-63-ml","status":"publish","type":"product","link":"https:\/\/www.moskito.cz\/sk\/produkt\/korenisty-sprej-esp-tornado-63-ml\/","title":{"rendered":"Korenist\u00fd sprej ESP Tornado 63 ml"},"content":{"rendered":"<p>Korenist\u00fd sprej ESP Tornado 63 ml &#8211; Po vypr\u00e1zdnen\u00ed n\u00e1dobky spreja POLICE TORNADO \u00ae je mo\u017en\u00e9 modul svetla premontova\u0165 na n\u00e1hradn\u00fa n\u00e1dobku.<\/p>\n<p>N\u00e1vod na pou\u017eitie:<\/p>\n<p>Pri ohrozen\u00ed namierte ventil spreja na \u00fato\u010dn\u00edka na vzdialenos\u0165 1\u20133 ma striekajte v kr\u00e1tkych d\u00e1vkach cca 1 sekundu (v smere vetra). Nestriekajte proti vetru. Nepou\u017e\u00edvajte v mal\u00fdch alebo uzavret\u00fdch priestoroch (napr. vo v\u00fd\u0165ahu, aute) a na vzdialenos\u0165 pod 1 m, preto\u017ee hroz\u00ed zasiahnutie samotn\u00e9ho u\u017e\u00edvate\u013ea. Zasiahnutie tv\u00e1re sp\u00f4sob\u00ed prudk\u00e9 p\u00e1lenie o\u010d\u00ed a ka\u0161e\u013e. \u00dato\u010dn\u00edk je po dobu cca 30 min\u00fat dezorientovan\u00fd.<\/p>\n<p>Upozornenie:<\/p>\n<p>ESP Korenist\u00fd sprej Tornado 63 ml je ur\u010den\u00fd v\u00fdhradne k sebaobrane, zneu\u017eitie sa trest\u00e1. Sprej sa nesmie pou\u017e\u00edva\u0165 proti tehotn\u00fdm \u017een\u00e1m, osob\u00e1m mlad\u0161\u00edm ako 15 rokov, osob\u00e1m chor\u00fdm a osob\u00e1m vysok\u00e9ho veku. Predaj iba osob\u00e1m star\u0161\u00edm ako 18 rokov.<\/p>\n<p>Pozor:<\/p>\n<p>Dr\u00e1\u017edi ko\u017eu. Sp\u00f4sobuje v\u00e1\u017ene podr\u00e1\u017edenie o\u010d\u00ed. M\u00f4\u017ee sp\u00f4sobi\u0165 podr\u00e1\u017edenie d\u00fdchac\u00edch ciest. Zabr\u00e1\u0148te kontaktu s poko\u017ekou a o\u010dami. Skladujte na dobre vetranom mieste. Nevdychujte aeros\u00f3l. Uchov\u00e1vajte mimo dosahu det\u00ed. Chr\u00e1\u0148te pred teplom \/ iskrami \/ otvoren\u00fdm plame\u0148om \/ hor\u00facimi povrchmi. \u2013 Z\u00e1kaz faj\u010denia. Tlakov\u00fd obal: neprepichujte alebo nespa\u013eujte ani po pou\u017eit\u00ed. Chr\u00e1\u0148te pred slne\u010dn\u00fdm \u017eiaren\u00edm. Nevystavujte teplote presahuj\u00facej 50 \u00b0C \/ 122 \u00b0F. Obal a zvy\u0161ky obsahu likvidujte na zbernom mieste nebezpe\u010dn\u00fdch odpadov.<\/p>\n<p>Prv\u00e1 pomoc:<\/p>\n<ul>\n<li>PRI ZASIAHNUT\u00cd O\u010c\u00cd: Nieko\u013eko min\u00fat opatrne vyplachujte vodou. Vyberte kontaktn\u00e9 \u0161o\u0161ovky, ak s\u00fa nasaden\u00e9, a pokia\u013e ich mo\u017eno vybra\u0165 \u013eahko. Pokra\u010dujte vo vyplachovan\u00ed. PRI STYKU S KO\u017dOU: Umyte ve\u013ek\u00fdm mno\u017estvom vody a mydla. Nepou\u017e\u00edvajte kr\u00e9my, masti a oleje. V pr\u00edpade nehody pri vd\u00fdchnut\u00ed preneste postihnut\u00e9ho na \u010derstv\u00fd vzduch a ponechajte ho v pokoji. Ak nepomin\u00fa \u0165a\u017ekosti po 1 hodine, vyh\u013eadajte okam\u017eite lek\u00e1ra. Pri po\u017eit\u00ed okam\u017eite vyh\u013eadajte lek\u00e1rsku pomoc a uk\u00e1\u017ete tento obal.<\/li>\n<li>Dr\u00e1\u017ediv\u00e1 zlo\u017eka OC. 30 % hmotnosti n\u00e1plne je hor\u013eav\u00fdch. D\u00e1tum expir\u00e1cie: na dne n\u00e1dobky.<\/li>\n<\/ul>\n","protected":false},"excerpt":{"rendered":"<p>Korenist\u00fd sprej.<\/p>\n","protected":false},"featured_media":164366,"comment_status":"open","ping_status":"closed","template":"","meta":[],"pwb-brand":[3497],"product_brand":[],"product_cat":[3507],"product_tag":[],"class_list":{"0":"post-307292","1":"product","2":"type-product","3":"status-publish","4":"has-post-thumbnail","6":"pwb-brand-esp-sk","7":"product_cat-obranne-spreje-sk","9":"first","10":"instock","11":"taxable","12":"shipping-taxable","13":"purchasable","14":"product-type-simple"},"brands":[{"id":3497,"name":"ESP","slug":"esp-sk"}],"_links":{"self":[{"href":"https:\/\/www.moskito.cz\/sk\/wp-json\/wp\/v2\/product\/307292","targetHints":{"allow":["GET"]}}],"collection":[{"href":"https:\/\/www.moskito.cz\/sk\/wp-json\/wp\/v2\/product"}],"about":[{"href":"https:\/\/www.moskito.cz\/sk\/wp-json\/wp\/v2\/types\/product"}],"replies":[{"embeddable":true,"href":"https:\/\/www.moskito.cz\/sk\/wp-json\/wp\/v2\/comments?post=307292"}],"wp:featuredmedia":[{"embeddable":true,"href":"https:\/\/www.moskito.cz\/sk\/wp-json\/wp\/v2\/media\/164366"}],"wp:attachment":[{"href":"https:\/\/www.moskito.cz\/sk\/wp-json\/wp\/v2\/media?parent=307292"}],"wp:term":[{"taxonomy":"pwb-brand","embeddable":true,"href":"https:\/\/www.moskito.cz\/sk\/wp-json\/wp\/v2\/pwb-brand?post=307292"},{"taxonomy":"product_brand","embeddable":true,"href":"https:\/\/www.moskito.cz\/sk\/wp-json\/wp\/v2\/product_brand?post=307292"},{"taxonomy":"product_cat","embeddable":true,"href":"https:\/\/www.moskito.cz\/sk\/wp-json\/wp\/v2\/product_cat?post=307292"},{"taxonomy":"product_tag","embeddable":true,"href":"https:\/\/www.moskito.cz\/sk\/wp-json\/wp\/v2\/product_tag?post=307292"}],"curies":[{"name":"wp","href":"https:\/\/api.w.org\/{rel}","templated":true}]}}