{"id":307299,"date":"2019-08-10T12:48:55","date_gmt":"2024-02-06T10:56:08","guid":{"rendered":"https:\/\/www.moskito.cz\/produkt\/pevny-noz-zb030b\/"},"modified":"2025-07-11T07:49:34","modified_gmt":"2025-07-11T06:49:34","slug":"pevny-noz-zb030b","status":"publish","type":"product","link":"https:\/\/www.moskito.cz\/sk\/produkt\/pevny-noz-zb030b\/","title":{"rendered":"Pevn\u00fd n\u00f4\u017e ZB030B"},"content":{"rendered":"<p>Pevn\u00fd n\u00f4\u017e ZB030B.<\/p>\n<p>Celkov\u00e1 d\u013a\u017eka no\u017ea je 12,5 cm. \u010cepe\u013e je \u010dierna, \u010diasto\u010dne vr\u00fabkovan\u00e1 a je dlh\u00e1 6,25 cm. Jednodielna nerezov\u00e1 kon\u0161trukcia s \u010diernym povrchom. T-rukov\u00e4\u0165 s \u010diernymi hlin\u00edkov\u00fdmi v\u00e1hami. Puzdro je z \u010dierneho nylonu.<\/p>\n<p>5&#8243; overall. 2 1\/2&#8243; partially serrated double edge dagger blade. One-piece stainless construction with black finish and integrated guard. T-handle with black aluminum scales. Black nylon belt sheath.<\/p>\n","protected":false},"excerpt":{"rendered":"<p>Pevn\u00fd n\u00f4\u017e.<\/p>\n","protected":false},"featured_media":164950,"comment_status":"open","ping_status":"closed","template":"","meta":[],"pwb-brand":[3524],"product_brand":[],"product_cat":[3186,3187],"product_tag":[],"class_list":{"0":"post-307299","1":"product","2":"type-product","3":"status-publish","4":"has-post-thumbnail","6":"pwb-brand-z-hunter-sk","7":"product_cat-noze-sk","8":"product_cat-pevne-noze-sk","10":"first","11":"outofstock","12":"taxable","13":"shipping-taxable","14":"purchasable","15":"product-type-simple"},"brands":[{"id":3524,"name":"Z-Hunter","slug":"z-hunter-sk"}],"_links":{"self":[{"href":"https:\/\/www.moskito.cz\/sk\/wp-json\/wp\/v2\/product\/307299","targetHints":{"allow":["GET"]}}],"collection":[{"href":"https:\/\/www.moskito.cz\/sk\/wp-json\/wp\/v2\/product"}],"about":[{"href":"https:\/\/www.moskito.cz\/sk\/wp-json\/wp\/v2\/types\/product"}],"replies":[{"embeddable":true,"href":"https:\/\/www.moskito.cz\/sk\/wp-json\/wp\/v2\/comments?post=307299"}],"wp:featuredmedia":[{"embeddable":true,"href":"https:\/\/www.moskito.cz\/sk\/wp-json\/wp\/v2\/media\/164950"}],"wp:attachment":[{"href":"https:\/\/www.moskito.cz\/sk\/wp-json\/wp\/v2\/media?parent=307299"}],"wp:term":[{"taxonomy":"pwb-brand","embeddable":true,"href":"https:\/\/www.moskito.cz\/sk\/wp-json\/wp\/v2\/pwb-brand?post=307299"},{"taxonomy":"product_brand","embeddable":true,"href":"https:\/\/www.moskito.cz\/sk\/wp-json\/wp\/v2\/product_brand?post=307299"},{"taxonomy":"product_cat","embeddable":true,"href":"https:\/\/www.moskito.cz\/sk\/wp-json\/wp\/v2\/product_cat?post=307299"},{"taxonomy":"product_tag","embeddable":true,"href":"https:\/\/www.moskito.cz\/sk\/wp-json\/wp\/v2\/product_tag?post=307299"}],"curies":[{"name":"wp","href":"https:\/\/api.w.org\/{rel}","templated":true}]}}