{"id":307312,"date":"2019-08-13T15:14:01","date_gmt":"2024-02-06T10:56:11","guid":{"rendered":"https:\/\/www.moskito.cz\/produkt\/bruska-ostric-na-noze-vulkanus-basic-skladaci\/"},"modified":"2025-07-11T07:49:36","modified_gmt":"2025-07-11T06:49:36","slug":"bruska-ostric-na-noze-vulkanus-basic-skladaci","status":"publish","type":"product","link":"https:\/\/www.moskito.cz\/sk\/produkt\/bruska-ostric-na-noze-vulkanus-basic-skladaci\/","title":{"rendered":"Br\u00faska Ostri\u010d na no\u017ee Vulkanus Basic skladac\u00ed"},"content":{"rendered":"<p>Br\u00faska Ostri\u010d na no\u017ee Vulkanus Basic skladac\u00ed.<br \/>\nPrvotriedny skladac\u00ed br\u00fasik na rovn\u00e9 aj vlnkov\u00e9 ostrie. Rozmer: 17,3\u00d79,7 cm.<br \/>\nBr\u00fasok VULKANUS bol vyn\u00e1jden\u00fd Haraldom Stalleggerom zo Salzburgu, ktor\u00fd si ho potom nechal patentova\u0165. Odpru\u017een\u00e9 ty\u010de z tvrd\u00fdch zliatin (spekan\u00fd karbid) zost\u00e1vaj\u00fa pevne v kontakte s \u010depe\u013eou \u013eubovo\u013en\u00e9ho tvaru. Ve\u013emi jednoduch\u00fdm sp\u00f4sobom naostr\u00edte hladk\u00e9 aj vr\u00fabkovan\u00e9 no\u017ee na chlieb bez ne\u017eiaducich \u0161krabancov.<br \/>\nJednoduch\u00e9 br\u00fasenie ktor\u00e9 zvl\u00e1dne ka\u017ed\u00fd. Sta\u010d\u00ed len nieko\u013ekokr\u00e1t prejs\u0165 no\u017eom br\u00faskou \u0161pi\u010dkou dole potiahnu\u0165 bez zv\u00fd\u0161en\u00e9ho tlaku a m\u00f4\u017eete pokra\u010dova\u0165 v kr\u00e1jan\u00ed. Br\u00faska pracuje na princ\u00edpe patentovan\u00e9ho pru\u017einov\u00e9ho syst\u00e9mu. Je vyroben\u00fd z vysoko kvalitn\u00e9ho \u010dierneho plastu.<\/p>\n<p>No\u017ee a rezn\u00e9 n\u00e1stroje pou\u017e\u00edvaj\u00fa \u013eudia v\u0161etk\u00fdch kult\u00far a epoch. S\u00fa symbolom moci, s\u00fa vn\u00edman\u00e9 ako umeleck\u00e9 objekty a multifunk\u010dn\u00e9 n\u00e1stroje.<br \/>\nV\u017edy bolo d\u00f4le\u017eit\u00e9, alebo dokonca \u017eivotne d\u00f4le\u017eit\u00e9, aby \u013eudia mali n\u00f4\u017e alebo zbra\u0148 s potrebnou ostros\u0165ou.<br \/>\nPreto profesia ostriaceho no\u017ea v\u017edy hrala d\u00f4le\u017eit\u00fa \u00falohu v spolo\u010dnosti. Ostrenie no\u017eov je rovnako star\u00e9 ako hist\u00f3ria \u013eudstva a st\u00e1le je zauj\u00edmav\u00e9. Existuje mnoho ostrie no\u017eov.<\/p>\n<p>Zatia\u013e \u010do ostrenie no\u017eov bolo doteraz v\u00e4\u010d\u0161inou ponechan\u00e9 odborn\u00edkom, Vulkanus vytvoril br\u00fasik, ktor\u00fd je tak u\u017e\u00edvate\u013esky pr\u00edvetiv\u00fd, \u017ee ho m\u00f4\u017eu pou\u017e\u00edva\u0165 v\u0161etci. Dnes \u017eiadna modern\u00e1 dom\u00e1cnos\u0165 by nemala by\u0165 bez zodpovedaj\u00faceho zariadenia na br\u00fasenie no\u017eov. Av\u0161ak len m\u00e1lo pon\u00fakan\u00fdch produktov je naozaj \u013eahk\u00e9. Preto t\u00e1to rak\u00faska firma pri v\u00fdvoji tohto br\u00faska prikladala ve\u013ek\u00fa d\u00f4le\u017eitos\u0165 vytvoreniu univerz\u00e1lneho a \u013eahko pou\u017eite\u013en\u00e9ho zariadenia.<\/p>\n<p>V\u00fdvoj br\u00fasky no\u017eov Vulkanus je zalo\u017een\u00fd na 20 rokoch sk\u00fasenost\u00ed majite\u013ea firmy Haralda Stalleggera v oblasti rezania a ostrenia no\u017eov. S nov\u00fdm \u201eVulkanusom\u201c vyvinul Stallegger br\u00fasik no\u017eov, ktor\u00fd je k dispoz\u00edcii v r\u00f4znych verzi\u00e1ch, aby sp\u013a\u0148al \u0161irok\u00fa \u0161k\u00e1lu r\u00f4znych po\u017eiadaviek. Patentovan\u00fd rad v\u00fdrobkov Vulkanus, zah\u0155\u0148aj\u00faci rad unik\u00e1tnych produktov (pre ostrenie a br\u00fasenie hladk\u00fdch i zubat\u00fdch \u010depel\u00ed), r\u00fdchlo na\u0161iel medzin\u00e1rodn\u00fdch distribu\u010dn\u00fdch partnerov. Dnes s\u00fa tieto v\u00fdrobky k dispoz\u00edcii vo vysoko kvalitn\u00fdch \u0161pecializovan\u00fdch predajniach po celom svete.<\/p>\n<p>Ako rodinn\u00fd podnik je spolo\u010dnos\u0165 zvyknut\u00e1 na pr\u00e1cu orientovan\u00fa na z\u00e1kazn\u00edka. Tento postoj sa zvy\u0161uje v\u010faka vysoko kvalitn\u00e9mu rastu a trval\u00e9mu v\u00fdvoju produktov. INOV\u00c1CIA \u2013 PR\u00c1VO \u2013 KVALITA<\/p>\n","protected":false},"excerpt":{"rendered":"<p><strong>Patentovan\u00fd<\/strong> syst\u00e9m br\u00fasenia.<br \/>\n<strong>Vyroben\u00e9 v Rak\u00fasku.<\/strong><\/p>\n","protected":false},"featured_media":175760,"comment_status":"open","ping_status":"closed","template":"","meta":[],"pwb-brand":[3366],"product_brand":[],"product_cat":[3205],"product_tag":[],"class_list":{"0":"post-307312","1":"product","2":"type-product","3":"status-publish","4":"has-post-thumbnail","6":"pwb-brand-vulkanus-sk","7":"product_cat-brusky-a-ocielky","9":"first","10":"instock","11":"taxable","12":"shipping-taxable","13":"purchasable","14":"product-type-simple"},"brands":[{"id":3366,"name":"Vulkanus","slug":"vulkanus-sk"}],"_links":{"self":[{"href":"https:\/\/www.moskito.cz\/sk\/wp-json\/wp\/v2\/product\/307312","targetHints":{"allow":["GET"]}}],"collection":[{"href":"https:\/\/www.moskito.cz\/sk\/wp-json\/wp\/v2\/product"}],"about":[{"href":"https:\/\/www.moskito.cz\/sk\/wp-json\/wp\/v2\/types\/product"}],"replies":[{"embeddable":true,"href":"https:\/\/www.moskito.cz\/sk\/wp-json\/wp\/v2\/comments?post=307312"}],"wp:featuredmedia":[{"embeddable":true,"href":"https:\/\/www.moskito.cz\/sk\/wp-json\/wp\/v2\/media\/175760"}],"wp:attachment":[{"href":"https:\/\/www.moskito.cz\/sk\/wp-json\/wp\/v2\/media?parent=307312"}],"wp:term":[{"taxonomy":"pwb-brand","embeddable":true,"href":"https:\/\/www.moskito.cz\/sk\/wp-json\/wp\/v2\/pwb-brand?post=307312"},{"taxonomy":"product_brand","embeddable":true,"href":"https:\/\/www.moskito.cz\/sk\/wp-json\/wp\/v2\/product_brand?post=307312"},{"taxonomy":"product_cat","embeddable":true,"href":"https:\/\/www.moskito.cz\/sk\/wp-json\/wp\/v2\/product_cat?post=307312"},{"taxonomy":"product_tag","embeddable":true,"href":"https:\/\/www.moskito.cz\/sk\/wp-json\/wp\/v2\/product_tag?post=307312"}],"curies":[{"name":"wp","href":"https:\/\/api.w.org\/{rel}","templated":true}]}}