{"id":307316,"date":"2019-06-01T16:09:25","date_gmt":"2024-02-06T10:56:13","guid":{"rendered":"https:\/\/www.moskito.cz\/produkt\/korenisty-sprej-penovy-stoper-63ml\/"},"modified":"2025-07-11T07:49:06","modified_gmt":"2025-07-11T06:49:06","slug":"korenisty-sprej-penovy-stoper-63ml","status":"publish","type":"product","link":"https:\/\/www.moskito.cz\/sk\/produkt\/korenisty-sprej-penovy-stoper-63ml\/","title":{"rendered":"Korenist\u00fd sprej penov\u00fd Stoper 63ml"},"content":{"rendered":"<p>Korenist\u00fd sprej penov\u00fd Stoper 63ml.<\/p>\n<p>Ve\u013emi \u00fa\u010dinn\u00fd penov\u00fd obrann\u00fd sprej. Obsah 20 ml. OC je pr\u00edrodn\u00fd extrakt z \u010dili papri\u010diek. STOPER sp\u00f4sob\u00ed pokrytie tv\u00e1re penou. Obsahuje 10% OC (oleo-resin capsicum) zais\u0165uj\u00face okam\u017eit\u00fd \u00fa\u010dinok na zasiahnut\u00e9 sliznice: do\u010dasn\u00e9 oslepnutie, d\u00fdchavi\u010dnos\u0165, dr\u00e1\u017ediv\u00fd ka\u0161e\u013e a siln\u00e9 p\u00e1lenie poko\u017eky. Sprej je opatren\u00fd poistkou proti samovo\u013en\u00e9mu spusteniu &#8211; vhodn\u00fd pre \u017eeny. P\u00f4sob\u00ed aj proti agres\u00edvnym zvierat\u00e1m.<\/p>\n","protected":false},"excerpt":{"rendered":"<p>Obrann\u00fd penov\u00fd pep\u0159ov\u00fd sprej Stoper2 63ml.<\/p>\n","protected":false},"featured_media":164361,"comment_status":"open","ping_status":"closed","template":"","meta":[],"pwb-brand":[],"product_brand":[],"product_cat":[3507],"product_tag":[],"class_list":{"0":"post-307316","1":"product","2":"type-product","3":"status-publish","4":"has-post-thumbnail","6":"product_cat-obranne-spreje-sk","8":"first","9":"instock","10":"taxable","11":"shipping-taxable","12":"purchasable","13":"product-type-simple"},"brands":[],"_links":{"self":[{"href":"https:\/\/www.moskito.cz\/sk\/wp-json\/wp\/v2\/product\/307316","targetHints":{"allow":["GET"]}}],"collection":[{"href":"https:\/\/www.moskito.cz\/sk\/wp-json\/wp\/v2\/product"}],"about":[{"href":"https:\/\/www.moskito.cz\/sk\/wp-json\/wp\/v2\/types\/product"}],"replies":[{"embeddable":true,"href":"https:\/\/www.moskito.cz\/sk\/wp-json\/wp\/v2\/comments?post=307316"}],"wp:featuredmedia":[{"embeddable":true,"href":"https:\/\/www.moskito.cz\/sk\/wp-json\/wp\/v2\/media\/164361"}],"wp:attachment":[{"href":"https:\/\/www.moskito.cz\/sk\/wp-json\/wp\/v2\/media?parent=307316"}],"wp:term":[{"taxonomy":"pwb-brand","embeddable":true,"href":"https:\/\/www.moskito.cz\/sk\/wp-json\/wp\/v2\/pwb-brand?post=307316"},{"taxonomy":"product_brand","embeddable":true,"href":"https:\/\/www.moskito.cz\/sk\/wp-json\/wp\/v2\/product_brand?post=307316"},{"taxonomy":"product_cat","embeddable":true,"href":"https:\/\/www.moskito.cz\/sk\/wp-json\/wp\/v2\/product_cat?post=307316"},{"taxonomy":"product_tag","embeddable":true,"href":"https:\/\/www.moskito.cz\/sk\/wp-json\/wp\/v2\/product_tag?post=307316"}],"curies":[{"name":"wp","href":"https:\/\/api.w.org\/{rel}","templated":true}]}}