{"id":307327,"date":"2019-08-10T16:05:42","date_gmt":"2024-02-06T10:56:16","guid":{"rendered":"https:\/\/www.moskito.cz\/produkt\/pevny-noz-pa3403\/"},"modified":"2025-07-11T07:49:36","modified_gmt":"2025-07-11T06:49:36","slug":"pevny-noz-pa3403","status":"publish","type":"product","link":"https:\/\/www.moskito.cz\/sk\/produkt\/pevny-noz-pa3403\/","title":{"rendered":"Pevn\u00fd n\u00f4\u017e PA3403"},"content":{"rendered":"<p>Pevn\u00fd n\u00f4\u017e PA3403.<\/p>\n<p>Celkov\u00e1 d\u013a\u017eka no\u017ea je 19 cm. Sat\u00e9nov\u00e1 nerezov\u00e1 \u010depe\u013e s dvojit\u00fdm ostrie je dlh\u00e1 9.5 cm. \u010cierna rukov\u00e4\u0165 je z dreva. Puzdro je \u010dierne ko\u017een\u00e9.<\/p>\n","protected":false},"excerpt":{"rendered":"<p>Pevn\u00fd n\u00f4\u017e.<\/p>\n","protected":false},"featured_media":165006,"comment_status":"open","ping_status":"closed","template":"","meta":[],"pwb-brand":[3519],"product_brand":[],"product_cat":[3186,3187],"product_tag":[],"class_list":{"0":"post-307327","1":"product","2":"type-product","3":"status-publish","4":"has-post-thumbnail","6":"pwb-brand-pakistan-sk","7":"product_cat-noze-sk","8":"product_cat-pevne-noze-sk","10":"first","11":"outofstock","12":"taxable","13":"shipping-taxable","14":"purchasable","15":"product-type-simple"},"brands":[{"id":3519,"name":"P\u00e1kist\u00e1n","slug":"pakistan-sk"}],"_links":{"self":[{"href":"https:\/\/www.moskito.cz\/sk\/wp-json\/wp\/v2\/product\/307327","targetHints":{"allow":["GET"]}}],"collection":[{"href":"https:\/\/www.moskito.cz\/sk\/wp-json\/wp\/v2\/product"}],"about":[{"href":"https:\/\/www.moskito.cz\/sk\/wp-json\/wp\/v2\/types\/product"}],"replies":[{"embeddable":true,"href":"https:\/\/www.moskito.cz\/sk\/wp-json\/wp\/v2\/comments?post=307327"}],"wp:featuredmedia":[{"embeddable":true,"href":"https:\/\/www.moskito.cz\/sk\/wp-json\/wp\/v2\/media\/165006"}],"wp:attachment":[{"href":"https:\/\/www.moskito.cz\/sk\/wp-json\/wp\/v2\/media?parent=307327"}],"wp:term":[{"taxonomy":"pwb-brand","embeddable":true,"href":"https:\/\/www.moskito.cz\/sk\/wp-json\/wp\/v2\/pwb-brand?post=307327"},{"taxonomy":"product_brand","embeddable":true,"href":"https:\/\/www.moskito.cz\/sk\/wp-json\/wp\/v2\/product_brand?post=307327"},{"taxonomy":"product_cat","embeddable":true,"href":"https:\/\/www.moskito.cz\/sk\/wp-json\/wp\/v2\/product_cat?post=307327"},{"taxonomy":"product_tag","embeddable":true,"href":"https:\/\/www.moskito.cz\/sk\/wp-json\/wp\/v2\/product_tag?post=307327"}],"curies":[{"name":"wp","href":"https:\/\/api.w.org\/{rel}","templated":true}]}}