{"id":307343,"date":"2019-08-31T16:34:06","date_gmt":"2024-02-06T10:56:26","guid":{"rendered":"https:\/\/www.moskito.cz\/produkt\/zatvaraci-noz-joker-nm136\/"},"modified":"2025-07-11T07:49:44","modified_gmt":"2025-07-11T06:49:44","slug":"zatvaraci-noz-joker-nm136","status":"publish","type":"product","link":"https:\/\/www.moskito.cz\/sk\/produkt\/zatvaraci-noz-joker-nm136\/","title":{"rendered":"Zatv\u00e1rac\u00ed n\u00f4\u017e Joker NM136"},"content":{"rendered":"<p>Zatv\u00e1rac\u00ed n\u00f4\u017e Joker NM136.<\/p>\n<p>Klasick\u00fd zatv\u00e1rac\u00ed po\u013eovn\u00edcky n\u00f4\u017e s pr\u00edru\u010dnou p\u00edlkou, na ktorej sa nach\u00e1dza u\u017eito\u010dn\u00fd otv\u00e1ra\u010d na f\u013ea\u0161u. N\u00f4\u017e je vysoko odoln\u00fd v\u010faka micartov\u00fdm r\u00fa\u010dkam v \u010dervenom preveden\u00ed. \u010cepe\u013e aj p\u00edlka s\u00fa vyroben\u00e9 z vysoko odolnej nerezovej ocele. V otvorenej poz\u00edcii s\u00fa \u010depele isten\u00e9 poistkou back-lock.<\/p>\n<p>MULTIFUNCTION HUNTING KNIFE JOKER CANGURO III STAINLESS STEEL BLADE + BLADE WITH SAW, MICARTA SCALES, STAINLESS BOLSTER.<br \/>\nNM136<br \/>\nProduct characteristics:<\/p>\n<p>Multifunction Hunting Knife JOKER CANGURO III<\/p>\n","protected":false},"excerpt":{"rendered":"<p>No\u017ee <strong>Joker<\/strong> poch\u00e1dzaj\u00fa zo \u0160panielskeho mesta Albacete, ktor\u00e9 je zn\u00e1me tradi\u010dnou v\u00fdrobou no\u017eov a d\u00fdk.<br \/>\nNavrhnut\u00e9 a vyroben\u00e9 v \u0160panielsku <strong>(Albacete)<\/strong><\/p>\n","protected":false},"featured_media":192769,"comment_status":"open","ping_status":"closed","template":"","meta":[],"pwb-brand":[3399],"product_brand":[],"product_cat":[3186,3233],"product_tag":[],"class_list":{"0":"post-307343","1":"product","2":"type-product","3":"status-publish","4":"has-post-thumbnail","6":"pwb-brand-joker-sk","7":"product_cat-noze-sk","8":"product_cat-zatvaracie-noze","10":"first","11":"instock","12":"taxable","13":"shipping-taxable","14":"purchasable","15":"product-type-simple"},"brands":[{"id":3399,"name":"Joker","slug":"joker-sk"}],"_links":{"self":[{"href":"https:\/\/www.moskito.cz\/sk\/wp-json\/wp\/v2\/product\/307343","targetHints":{"allow":["GET"]}}],"collection":[{"href":"https:\/\/www.moskito.cz\/sk\/wp-json\/wp\/v2\/product"}],"about":[{"href":"https:\/\/www.moskito.cz\/sk\/wp-json\/wp\/v2\/types\/product"}],"replies":[{"embeddable":true,"href":"https:\/\/www.moskito.cz\/sk\/wp-json\/wp\/v2\/comments?post=307343"}],"wp:featuredmedia":[{"embeddable":true,"href":"https:\/\/www.moskito.cz\/sk\/wp-json\/wp\/v2\/media\/192769"}],"wp:attachment":[{"href":"https:\/\/www.moskito.cz\/sk\/wp-json\/wp\/v2\/media?parent=307343"}],"wp:term":[{"taxonomy":"pwb-brand","embeddable":true,"href":"https:\/\/www.moskito.cz\/sk\/wp-json\/wp\/v2\/pwb-brand?post=307343"},{"taxonomy":"product_brand","embeddable":true,"href":"https:\/\/www.moskito.cz\/sk\/wp-json\/wp\/v2\/product_brand?post=307343"},{"taxonomy":"product_cat","embeddable":true,"href":"https:\/\/www.moskito.cz\/sk\/wp-json\/wp\/v2\/product_cat?post=307343"},{"taxonomy":"product_tag","embeddable":true,"href":"https:\/\/www.moskito.cz\/sk\/wp-json\/wp\/v2\/product_tag?post=307343"}],"curies":[{"name":"wp","href":"https:\/\/api.w.org\/{rel}","templated":true}]}}