{"id":307356,"date":"2019-08-31T11:53:38","date_gmt":"2024-02-06T10:56:29","guid":{"rendered":"https:\/\/www.moskito.cz\/produkt\/zatvaraci-noz-joker-no-64\/"},"modified":"2025-07-11T07:49:43","modified_gmt":"2025-07-11T06:49:43","slug":"zatvaraci-noz-joker-no-64","status":"publish","type":"product","link":"https:\/\/www.moskito.cz\/sk\/produkt\/zatvaraci-noz-joker-no-64\/","title":{"rendered":"Zatv\u00e1rac\u00ed n\u00f4\u017e Joker NO-64"},"content":{"rendered":"<p>Zatv\u00e1rac\u00ed n\u00f4\u017e Joker NO-64.<\/p>\n<p>Zatv\u00e1rac\u00ed n\u00f4\u017e z nerezovej molybd\u00e9n van\u00e1diovej ocele a r\u00fa\u010dkou z olivov\u00e9ho dreva.<\/p>\n<p>D\u013a\u017eka no\u017ea (cm) 20,5<br \/>\nD\u013a\u017eka \u010depele (cm) 9<br \/>\nD\u013a\u017eka zatvoren\u00e9ho no\u017ea (cm) 11,5<br \/>\nSila \u010depele (mm) 2,5<br \/>\nV\u00e1ha (g) 115<br \/>\nTyp ocele nerez molybd\u00e9n van\u00e1d<br \/>\nStrenka olivov\u00e9 drevo<\/p>\n<p>HUNTING FOLDING KNIFE WITH OLIVE WOOD HANDLE AND BLADE LENGTH 9 CM.<br \/>\nNO64<br \/>\nProduct characteristics:<\/p>\n<p>Blade: Molybd\u00e9n Vanadium<br \/>\nHandle: Olive wood<br \/>\n9 cm &#8211; 115 gr<\/p>\n","protected":false},"excerpt":{"rendered":"<p>No\u017ee <strong>Joker<\/strong> poch\u00e1dzaj\u00fa zo \u0160panielskeho mesta Albacete, ktor\u00e9 je zn\u00e1me tradi\u010dnou v\u00fdrobou no\u017eov a d\u00fdk.<br \/>\nNavrhnut\u00e9 a vyroben\u00e9 v \u0160panielsku <strong>(Albacete)<\/strong><\/p>\n","protected":false},"featured_media":192785,"comment_status":"open","ping_status":"closed","template":"","meta":[],"pwb-brand":[3399],"product_brand":[],"product_cat":[3186,3233],"product_tag":[],"class_list":{"0":"post-307356","1":"product","2":"type-product","3":"status-publish","4":"has-post-thumbnail","6":"pwb-brand-joker-sk","7":"product_cat-noze-sk","8":"product_cat-zatvaracie-noze","10":"first","11":"onbackorder","12":"taxable","13":"shipping-taxable","14":"purchasable","15":"product-type-simple"},"brands":[{"id":3399,"name":"Joker","slug":"joker-sk"}],"_links":{"self":[{"href":"https:\/\/www.moskito.cz\/sk\/wp-json\/wp\/v2\/product\/307356","targetHints":{"allow":["GET"]}}],"collection":[{"href":"https:\/\/www.moskito.cz\/sk\/wp-json\/wp\/v2\/product"}],"about":[{"href":"https:\/\/www.moskito.cz\/sk\/wp-json\/wp\/v2\/types\/product"}],"replies":[{"embeddable":true,"href":"https:\/\/www.moskito.cz\/sk\/wp-json\/wp\/v2\/comments?post=307356"}],"wp:featuredmedia":[{"embeddable":true,"href":"https:\/\/www.moskito.cz\/sk\/wp-json\/wp\/v2\/media\/192785"}],"wp:attachment":[{"href":"https:\/\/www.moskito.cz\/sk\/wp-json\/wp\/v2\/media?parent=307356"}],"wp:term":[{"taxonomy":"pwb-brand","embeddable":true,"href":"https:\/\/www.moskito.cz\/sk\/wp-json\/wp\/v2\/pwb-brand?post=307356"},{"taxonomy":"product_brand","embeddable":true,"href":"https:\/\/www.moskito.cz\/sk\/wp-json\/wp\/v2\/product_brand?post=307356"},{"taxonomy":"product_cat","embeddable":true,"href":"https:\/\/www.moskito.cz\/sk\/wp-json\/wp\/v2\/product_cat?post=307356"},{"taxonomy":"product_tag","embeddable":true,"href":"https:\/\/www.moskito.cz\/sk\/wp-json\/wp\/v2\/product_tag?post=307356"}],"curies":[{"name":"wp","href":"https:\/\/api.w.org\/{rel}","templated":true}]}}