{"id":307381,"date":"2019-08-31T18:49:57","date_gmt":"2019-08-31T17:49:57","guid":{"rendered":"https:\/\/www.moskito.cz\/produkt\/zatvaraci-noz-joker-nn125\/"},"modified":"2025-07-11T07:49:44","modified_gmt":"2025-07-11T06:49:44","slug":"zatvaraci-noz-joker-nn125","status":"publish","type":"product","link":"https:\/\/www.moskito.cz\/sk\/produkt\/zatvaraci-noz-joker-nn125\/","title":{"rendered":"Zatv\u00e1rac\u00ed n\u00f4\u017e Joker NN125"},"content":{"rendered":"<p>Zatv\u00e1rac\u00ed n\u00f4\u017e Joker NN125.<\/p>\n<p>No\u017ee <strong>Joker<\/strong> poch\u00e1dzaj\u00fa zo \u0160panielskeho mesta Albacete, ktor\u00e9 je zn\u00e1me tradi\u010dnou v\u00fdrobou no\u017eov.<\/p>\n<p>Detail produktu:<\/p>\n<p>N\u00f4\u017e Joker NN125<\/p>\n<p>\u00b7 D\u013a\u017eka \u010depele: 80 mm<\/p>\n<p>\u00b7 Oce\u013e: Molybd\u00e9n Vanadium Steel<\/p>\n<p>\u00b7 Materi\u00e1l r\u00fa\u010dky: Micarta<\/p>\n<p>MICARTA SPORTING FOLDING POCKET KNIFE 8 CM STAINLESS BLADE LENGTH<br \/>\nNN125<br \/>\nProduct characteristics:<\/p>\n<p>Blade: Molybd\u00e9n Vanadium Steel<br \/>\nHandle: Micarta<br \/>\n8 cm &#8211; 83 gr<\/p>\n","protected":false},"excerpt":{"rendered":"<p>No\u017ee <strong>Joker<\/strong> poch\u00e1dzaj\u00fa zo \u0160panielskeho mesta Albacete, ktor\u00e9 je zn\u00e1me tradi\u010dnou v\u00fdrobou no\u017eov a d\u00fdk.<br \/>\nNavrhnut\u00e9 a vyroben\u00e9 v \u0160panielsku <strong>(Albacete)<\/strong><\/p>\n","protected":false},"featured_media":192760,"comment_status":"open","ping_status":"closed","template":"","meta":[],"pwb-brand":[3399],"product_brand":[],"product_cat":[3233,3186],"product_tag":[],"class_list":{"0":"post-307381","1":"product","2":"type-product","3":"status-publish","4":"has-post-thumbnail","6":"pwb-brand-joker-sk","7":"product_cat-zatvaracie-noze","8":"product_cat-noze-sk","10":"first","11":"outofstock","12":"taxable","13":"shipping-taxable","14":"purchasable","15":"product-type-simple"},"brands":[{"id":3399,"name":"Joker","slug":"joker-sk"}],"_links":{"self":[{"href":"https:\/\/www.moskito.cz\/sk\/wp-json\/wp\/v2\/product\/307381","targetHints":{"allow":["GET"]}}],"collection":[{"href":"https:\/\/www.moskito.cz\/sk\/wp-json\/wp\/v2\/product"}],"about":[{"href":"https:\/\/www.moskito.cz\/sk\/wp-json\/wp\/v2\/types\/product"}],"replies":[{"embeddable":true,"href":"https:\/\/www.moskito.cz\/sk\/wp-json\/wp\/v2\/comments?post=307381"}],"wp:featuredmedia":[{"embeddable":true,"href":"https:\/\/www.moskito.cz\/sk\/wp-json\/wp\/v2\/media\/192760"}],"wp:attachment":[{"href":"https:\/\/www.moskito.cz\/sk\/wp-json\/wp\/v2\/media?parent=307381"}],"wp:term":[{"taxonomy":"pwb-brand","embeddable":true,"href":"https:\/\/www.moskito.cz\/sk\/wp-json\/wp\/v2\/pwb-brand?post=307381"},{"taxonomy":"product_brand","embeddable":true,"href":"https:\/\/www.moskito.cz\/sk\/wp-json\/wp\/v2\/product_brand?post=307381"},{"taxonomy":"product_cat","embeddable":true,"href":"https:\/\/www.moskito.cz\/sk\/wp-json\/wp\/v2\/product_cat?post=307381"},{"taxonomy":"product_tag","embeddable":true,"href":"https:\/\/www.moskito.cz\/sk\/wp-json\/wp\/v2\/product_tag?post=307381"}],"curies":[{"name":"wp","href":"https:\/\/api.w.org\/{rel}","templated":true}]}}