{"id":307385,"date":"2019-09-01T13:55:40","date_gmt":"2024-02-06T10:56:42","guid":{"rendered":"https:\/\/www.moskito.cz\/produkt\/vystrelovaci-noz-microtech-ludt-135-10\/"},"modified":"2025-07-11T07:49:47","modified_gmt":"2025-07-11T06:49:47","slug":"vystrelovaci-noz-microtech-ludt-135-10","status":"publish","type":"product","link":"https:\/\/www.moskito.cz\/sk\/produkt\/vystrelovaci-noz-microtech-ludt-135-10\/","title":{"rendered":"Vystre\u013eovac\u00ed N\u00f4\u017e Microtech LUDT 135-10"},"content":{"rendered":"<p>Vystre\u013eovac\u00ed N\u00f4\u017e <strong>Microtech LUDT<\/strong> 135-10.<br \/>\nVystre\u013eovac\u00ed n\u00f4\u017e.<\/p>\n<p>Vystre\u013eovac\u00ed N\u00f4\u017e <strong>Microtech<\/strong> LUDT 135-10 &#8211; LUDT je \u200b\u200bsp\u00e4\u0165 a lep\u0161\u00ed ako inokedy! V\u00fdrazn\u00e9 zmeny automatick\u00e9ho no\u017ea LUDT je \u200b\u200bmo\u017en\u00e9 vidie\u0165 v celej jeho kr\u00e1se, ale najv\u00fdraznej\u0161\u00edm je rozdiel v revidovanom profile, so zdvihnutou palcovou rampou a hladkou korunovanou chrbticou.<\/p>\n<p>Tvar sp\u00e4tn\u00e9ho chodu je vidie\u0165 v fr\u00e9zovan\u00fdch dr\u00e1\u017ekach z ku\u017ee\u013eovej hlin\u00edkovej rukov\u00e4te 6061-T6, ktor\u00e1 sa datuje od modelov zo za\u010diatku roku 2000. LUDT je \u200b\u200bto, \u010do pova\u017eujeme za \u201ecenov\u00fa dokonalos\u0165\u201c. Kombinuje presn\u00e9 spracovanie, pr\u00e9miov\u00e9 materi\u00e1ly a nad\u010dasov\u00fd design.<\/p>\n<p>Pred viac ako 20 rokmi predstavil Anthony Marfione UDT (Underwater Demolition Team), kompaktn\u00fd automatick\u00fd n\u00f4\u017e, ktor\u00fd bol okam\u017eit\u00fdm hitom medzi nad\u0161encami no\u017eov. Ve\u013ek\u00fd UDT, alebo LUDT, nasledoval \u010doskoro potom a odvtedy je preru\u0161ovane vyr\u00e1ban\u00fd.<\/p>\n<p>Celkov\u00e1 d\u013a\u017eka: 20cm<br \/>\nD\u013a\u017eka \u010depele: 8.5 cm<br \/>\nHr\u00fabka \u010depele: 0,33 cm<br \/>\nMateri\u00e1l \u010depele: M390<\/p>\n<p>Oce\u013e: Elmax<br \/>\n\u0160t\u00fdl \u010depel\u00ed: Drop Point<br \/>\nBritov\u00e9 do\u0161ti\u010dky: Ploch\u00e9<br \/>\nTyp okraja: oby\u010dajn\u00fd<br \/>\nMateri\u00e1l rukov\u00e4te: hlin\u00edk<br \/>\nHmotnos\u0165: 3,62 oz.<br \/>\nU\u017e\u00edvate\u013e: Prav\u00e1 ruka<br \/>\nPocket Clip: Tip-Up<br \/>\nTyp no\u017ea: Automatick\u00fd<br \/>\nOtv\u00e1ra\u010d: Tla\u010didlo<br \/>\nTyp z\u00e1mku: Blokovac\u00ed z\u00e1mok<br \/>\nZna\u010dka: Microtech<br \/>\nModel: LUDT<br \/>\n\u010c\u00edslo modelu: 135-10<br \/>\nKrajina p\u00f4vodu: USA<br \/>\nNajlep\u0161ie vyu\u017eitie: Taktick\u00e9<\/p>\n<div class=\"description\">\n<p><iframe title=\"Microtech Combat Troodon Torture Test\" width=\"800\" height=\"450\" src=\"https:\/\/www.youtube.com\/embed\/xE9TeOFYEjg?feature=oembed\" frameborder=\"0\" allow=\"accelerometer; autoplay; clipboard-write; encrypted-media; gyroscope; picture-in-picture; web-share\" allowfullscreen><\/iframe><\/p>\n<p>&nbsp;<\/p>\n<\/div>\n","protected":false},"excerpt":{"rendered":"<p>V priebehu rokov <strong>Microtech\u00ae Knives<\/strong> naplnil v\u00e1\u0161\u0148ou a zru\u010dnos\u0165ou v\u00fdrobu no\u017eov, a\u017e z nich vytvoril takmer umeleck\u00e9 diela, ktor\u00e9 s\u00fa vrcholom funk\u010dnosti. V\u0161etky diely s\u00fa vyroben\u00e9 v USA.<br \/>\n<strong>Na v\u0161etky no\u017ee Microtech je do\u017eivotn\u00e1 z\u00e1ruka.<\/strong><\/p>\n<p><strong>Doprava zadarmo.<\/strong><\/p>\n","protected":false},"featured_media":215178,"comment_status":"open","ping_status":"closed","template":"","meta":[],"pwb-brand":[3200],"product_brand":[],"product_cat":[3186,3197],"product_tag":[3668],"class_list":{"0":"post-307385","1":"product","2":"type-product","3":"status-publish","4":"has-post-thumbnail","6":"pwb-brand-microtech-sk","7":"product_cat-noze-sk","8":"product_cat-vystrelovacie-noze-sk","9":"product_tag-b2b-sk","11":"first","12":"outofstock","13":"taxable","14":"shipping-taxable","15":"purchasable","16":"product-type-simple"},"brands":[{"id":3200,"name":"Microtech","slug":"microtech-sk"}],"_links":{"self":[{"href":"https:\/\/www.moskito.cz\/sk\/wp-json\/wp\/v2\/product\/307385","targetHints":{"allow":["GET"]}}],"collection":[{"href":"https:\/\/www.moskito.cz\/sk\/wp-json\/wp\/v2\/product"}],"about":[{"href":"https:\/\/www.moskito.cz\/sk\/wp-json\/wp\/v2\/types\/product"}],"replies":[{"embeddable":true,"href":"https:\/\/www.moskito.cz\/sk\/wp-json\/wp\/v2\/comments?post=307385"}],"wp:featuredmedia":[{"embeddable":true,"href":"https:\/\/www.moskito.cz\/sk\/wp-json\/wp\/v2\/media\/215178"}],"wp:attachment":[{"href":"https:\/\/www.moskito.cz\/sk\/wp-json\/wp\/v2\/media?parent=307385"}],"wp:term":[{"taxonomy":"pwb-brand","embeddable":true,"href":"https:\/\/www.moskito.cz\/sk\/wp-json\/wp\/v2\/pwb-brand?post=307385"},{"taxonomy":"product_brand","embeddable":true,"href":"https:\/\/www.moskito.cz\/sk\/wp-json\/wp\/v2\/product_brand?post=307385"},{"taxonomy":"product_cat","embeddable":true,"href":"https:\/\/www.moskito.cz\/sk\/wp-json\/wp\/v2\/product_cat?post=307385"},{"taxonomy":"product_tag","embeddable":true,"href":"https:\/\/www.moskito.cz\/sk\/wp-json\/wp\/v2\/product_tag?post=307385"}],"curies":[{"name":"wp","href":"https:\/\/api.w.org\/{rel}","templated":true}]}}