{"id":307400,"date":"2019-09-08T16:30:42","date_gmt":"2024-02-06T10:56:46","guid":{"rendered":"https:\/\/www.moskito.cz\/produkt\/zatvaraci-noz-joker-no-17\/"},"modified":"2025-07-11T07:49:51","modified_gmt":"2025-07-11T06:49:51","slug":"zatvaraci-noz-joker-no-17","status":"publish","type":"product","link":"https:\/\/www.moskito.cz\/sk\/produkt\/zatvaraci-noz-joker-no-17\/","title":{"rendered":"Zatv\u00e1rac\u00ed n\u00f4\u017e Joker NO-17"},"content":{"rendered":"<p>Zatv\u00e1rac\u00ed n\u00f4\u017e Joker NO-17.<\/p>\n<p>No\u017ee <strong>Joker<\/strong> poch\u00e1dzaj\u00fa zo \u0160panielskeho mesta Albacete, ktor\u00e9 je zn\u00e1me tradi\u010dnou v\u00fdrobou no\u017eov a d\u00fdk.<\/p>\n<p>Origin\u00e1lny n\u00f4\u017e od svetovo uzn\u00e1van\u00e9ho \u0161panielskeho v\u00fdrobcu \u0161pi\u010dkov\u00fdch no\u017eov Joker. Molybd\u00e9n-van\u00e1diov\u00e1 nerezov\u00e1 oce\u013e zaist\u00ed kvalitn\u00e9 a pevn\u00e9 ostrie. K dokonalosti prispieva \u010drienka z luxusn\u00e9ho olivov\u00e9ho dreva.<\/p>\n<p>Celkov\u00e1 d\u013a\u017eka: 205 mm<br \/>\nD\u013a\u017eka \u010depele: 90 mm<br \/>\nHr\u00fabka \u010depele: 2,7 mm<br \/>\nHmotnos\u0165: 140 g<\/p>\n<p>HUNTING FOLDING KNIFE JOKER TERRIER WITH OLIVE WOOD HANDLE SS BOLSTER AND BLADE LENGTH 9 CM.<br \/>\nNO17<br \/>\nProduct characteristics:<\/p>\n<p>Hunting knife<br \/>\nModel: Terrier<br \/>\nReferencie: NO17<br \/>\nSteel: Inox MOVA 1.4116<br \/>\nHardness: 55 &#8211; 57 HRC<br \/>\nHandle: Olive wood<br \/>\nback lock<br \/>\nBlade tip: Drop Point<br \/>\nSatin finish blade<br \/>\nSerrated spine<br \/>\nBolster: S.steel<br \/>\nBlade Length: 9 cms<br \/>\nBlade width: 2.45 cm<br \/>\nSheet thickness: 2.5mm<br \/>\nKnife weight: 140 grams<br \/>\nDesigned and Made in Spain (Albacete)<\/p>\n","protected":false},"excerpt":{"rendered":"<p>No\u017ee <strong>Joker<\/strong> poch\u00e1dzaj\u00fa zo \u0160panielskeho mesta Albacete, ktor\u00e9 je zn\u00e1me tradi\u010dnou v\u00fdrobou no\u017eov a d\u00fdk.<br \/>\n<strong>Navrhnut\u00e9 a vyroben\u00e9 v \u0160panielsku (Albacete)<\/strong><\/p>\n","protected":false},"featured_media":192745,"comment_status":"open","ping_status":"closed","template":"","meta":[],"pwb-brand":[3399],"product_brand":[],"product_cat":[3186,3233],"product_tag":[],"class_list":{"0":"post-307400","1":"product","2":"type-product","3":"status-publish","4":"has-post-thumbnail","6":"pwb-brand-joker-sk","7":"product_cat-noze-sk","8":"product_cat-zatvaracie-noze","10":"first","11":"instock","12":"taxable","13":"shipping-taxable","14":"purchasable","15":"product-type-simple"},"brands":[{"id":3399,"name":"Joker","slug":"joker-sk"}],"_links":{"self":[{"href":"https:\/\/www.moskito.cz\/sk\/wp-json\/wp\/v2\/product\/307400","targetHints":{"allow":["GET"]}}],"collection":[{"href":"https:\/\/www.moskito.cz\/sk\/wp-json\/wp\/v2\/product"}],"about":[{"href":"https:\/\/www.moskito.cz\/sk\/wp-json\/wp\/v2\/types\/product"}],"replies":[{"embeddable":true,"href":"https:\/\/www.moskito.cz\/sk\/wp-json\/wp\/v2\/comments?post=307400"}],"wp:featuredmedia":[{"embeddable":true,"href":"https:\/\/www.moskito.cz\/sk\/wp-json\/wp\/v2\/media\/192745"}],"wp:attachment":[{"href":"https:\/\/www.moskito.cz\/sk\/wp-json\/wp\/v2\/media?parent=307400"}],"wp:term":[{"taxonomy":"pwb-brand","embeddable":true,"href":"https:\/\/www.moskito.cz\/sk\/wp-json\/wp\/v2\/pwb-brand?post=307400"},{"taxonomy":"product_brand","embeddable":true,"href":"https:\/\/www.moskito.cz\/sk\/wp-json\/wp\/v2\/product_brand?post=307400"},{"taxonomy":"product_cat","embeddable":true,"href":"https:\/\/www.moskito.cz\/sk\/wp-json\/wp\/v2\/product_cat?post=307400"},{"taxonomy":"product_tag","embeddable":true,"href":"https:\/\/www.moskito.cz\/sk\/wp-json\/wp\/v2\/product_tag?post=307400"}],"curies":[{"name":"wp","href":"https:\/\/api.w.org\/{rel}","templated":true}]}}