{"id":307443,"date":"2019-09-19T18:46:54","date_gmt":"2024-02-06T10:57:05","guid":{"rendered":"https:\/\/www.moskito.cz\/produkt\/zatvaraci-noz-smith-wesson-swmp3\/"},"modified":"2025-07-11T07:49:58","modified_gmt":"2025-07-11T06:49:58","slug":"zatvaraci-noz-smith-wesson-swmp3","status":"publish","type":"product","link":"https:\/\/www.moskito.cz\/sk\/produkt\/zatvaraci-noz-smith-wesson-swmp3\/","title":{"rendered":"Zatv\u00e1rac\u00ed n\u00f4\u017e Smith &amp; Wesson SWMP3"},"content":{"rendered":"<p>Zatv\u00e1rac\u00ed n\u00f4\u017e Smith &amp; Wesson SWMP3.<\/p>\n<p>N\u00f4\u017e SWMP3 radu Military and Police firmy Smith Wesson s asistovan\u00fdm otv\u00e1ran\u00edm MAGIC a hladk\u00fdm ostr\u00edm. \u010cepe\u013e je z nerezovej ocele 4034 a rukov\u00e4\u0165 z hlin\u00edka. Na konci rukov\u00e4te n\u00e1jdete hrot na rozbitie skiel.<\/p>\n<p>D\u013a\u017eka \u010depele 7.5 cm<\/p>\n<p>D\u013a\u017eka rukov\u00e4te 10.5 cm<\/p>\n<p>Celkov\u00e1 d\u013a\u017eka 18 cm<\/p>\n<p>V\u00e1ha no\u017ea 117 g  <\/p>\n","protected":false},"excerpt":{"rendered":"<p>Zatv\u00e1rac\u00ed n\u00f4\u017e  <\/p>\n","protected":false},"featured_media":165529,"comment_status":"open","ping_status":"closed","template":"","meta":[],"pwb-brand":[3446],"product_brand":[],"product_cat":[3186,3233],"product_tag":[],"class_list":{"0":"post-307443","1":"product","2":"type-product","3":"status-publish","4":"has-post-thumbnail","6":"pwb-brand-smith-wesson-sk","7":"product_cat-noze-sk","8":"product_cat-zatvaracie-noze","10":"first","11":"instock","12":"taxable","13":"shipping-taxable","14":"purchasable","15":"product-type-simple"},"brands":[{"id":3446,"name":"Smith &amp; Wesson","slug":"smith-wesson-sk"}],"_links":{"self":[{"href":"https:\/\/www.moskito.cz\/sk\/wp-json\/wp\/v2\/product\/307443","targetHints":{"allow":["GET"]}}],"collection":[{"href":"https:\/\/www.moskito.cz\/sk\/wp-json\/wp\/v2\/product"}],"about":[{"href":"https:\/\/www.moskito.cz\/sk\/wp-json\/wp\/v2\/types\/product"}],"replies":[{"embeddable":true,"href":"https:\/\/www.moskito.cz\/sk\/wp-json\/wp\/v2\/comments?post=307443"}],"wp:featuredmedia":[{"embeddable":true,"href":"https:\/\/www.moskito.cz\/sk\/wp-json\/wp\/v2\/media\/165529"}],"wp:attachment":[{"href":"https:\/\/www.moskito.cz\/sk\/wp-json\/wp\/v2\/media?parent=307443"}],"wp:term":[{"taxonomy":"pwb-brand","embeddable":true,"href":"https:\/\/www.moskito.cz\/sk\/wp-json\/wp\/v2\/pwb-brand?post=307443"},{"taxonomy":"product_brand","embeddable":true,"href":"https:\/\/www.moskito.cz\/sk\/wp-json\/wp\/v2\/product_brand?post=307443"},{"taxonomy":"product_cat","embeddable":true,"href":"https:\/\/www.moskito.cz\/sk\/wp-json\/wp\/v2\/product_cat?post=307443"},{"taxonomy":"product_tag","embeddable":true,"href":"https:\/\/www.moskito.cz\/sk\/wp-json\/wp\/v2\/product_tag?post=307443"}],"curies":[{"name":"wp","href":"https:\/\/api.w.org\/{rel}","templated":true}]}}