{"id":307456,"date":"2019-09-22T14:28:36","date_gmt":"2024-02-06T10:57:09","guid":{"rendered":"https:\/\/www.moskito.cz\/produkt\/zatvaraci-noz-ka-bar-dozier-small-folder-ka4072\/"},"modified":"2025-07-11T07:50:01","modified_gmt":"2025-07-11T06:50:01","slug":"zatvaraci-noz-ka-bar-dozier-small-folder-ka4072","status":"publish","type":"product","link":"https:\/\/www.moskito.cz\/sk\/produkt\/zatvaraci-noz-ka-bar-dozier-small-folder-ka4072\/","title":{"rendered":"Zatv\u00e1rac\u00ed n\u00f4\u017e Ka-Bar Dozier Small Folder KA4072"},"content":{"rendered":"<p>Zatv\u00e1rac\u00ed n\u00f4\u017e Ka-Bar Dozier Small Folder KA4072.<\/p>\n<p>D\u013a\u017eka \u010depele: 5,7 cm<br \/>\nCelkov\u00e1 d\u013a\u017eka: 14,6 cm<br \/>\nN\u00f4\u017e z nerezovej ocele AUS 8A<br \/>\nMateri\u00e1l rukov\u00e4te: Z\u00fdte\u013e s proti\u0161mykovou \u00fapravou a nerezov\u00fdm vreckov\u00fdm klipom, poistka, farba \u010dierna<\/p>\n","protected":false},"excerpt":{"rendered":"<p>Zatv\u00e1rac\u00ed n\u00f4\u017e<\/p>\n","protected":false},"featured_media":165618,"comment_status":"open","ping_status":"closed","template":"","meta":[],"pwb-brand":[3437],"product_brand":[],"product_cat":[3186,3233],"product_tag":[],"class_list":{"0":"post-307456","1":"product","2":"type-product","3":"status-publish","4":"has-post-thumbnail","6":"pwb-brand-ka-bar-sk","7":"product_cat-noze-sk","8":"product_cat-zatvaracie-noze","10":"first","11":"outofstock","12":"taxable","13":"shipping-taxable","14":"purchasable","15":"product-type-simple"},"brands":[{"id":3437,"name":"Ka-Bar","slug":"ka-bar-sk"}],"_links":{"self":[{"href":"https:\/\/www.moskito.cz\/sk\/wp-json\/wp\/v2\/product\/307456","targetHints":{"allow":["GET"]}}],"collection":[{"href":"https:\/\/www.moskito.cz\/sk\/wp-json\/wp\/v2\/product"}],"about":[{"href":"https:\/\/www.moskito.cz\/sk\/wp-json\/wp\/v2\/types\/product"}],"replies":[{"embeddable":true,"href":"https:\/\/www.moskito.cz\/sk\/wp-json\/wp\/v2\/comments?post=307456"}],"wp:featuredmedia":[{"embeddable":true,"href":"https:\/\/www.moskito.cz\/sk\/wp-json\/wp\/v2\/media\/165618"}],"wp:attachment":[{"href":"https:\/\/www.moskito.cz\/sk\/wp-json\/wp\/v2\/media?parent=307456"}],"wp:term":[{"taxonomy":"pwb-brand","embeddable":true,"href":"https:\/\/www.moskito.cz\/sk\/wp-json\/wp\/v2\/pwb-brand?post=307456"},{"taxonomy":"product_brand","embeddable":true,"href":"https:\/\/www.moskito.cz\/sk\/wp-json\/wp\/v2\/product_brand?post=307456"},{"taxonomy":"product_cat","embeddable":true,"href":"https:\/\/www.moskito.cz\/sk\/wp-json\/wp\/v2\/product_cat?post=307456"},{"taxonomy":"product_tag","embeddable":true,"href":"https:\/\/www.moskito.cz\/sk\/wp-json\/wp\/v2\/product_tag?post=307456"}],"curies":[{"name":"wp","href":"https:\/\/api.w.org\/{rel}","templated":true}]}}