{"id":307468,"date":"2019-09-18T10:45:59","date_gmt":"2024-02-06T10:57:14","guid":{"rendered":"https:\/\/www.moskito.cz\/produkt\/zatvaraci-damaskovy-noz-boker-2010\/"},"modified":"2025-07-11T07:49:55","modified_gmt":"2025-07-11T06:49:55","slug":"zatvaraci-damaskovy-noz-boker-2010","status":"publish","type":"product","link":"https:\/\/www.moskito.cz\/sk\/produkt\/zatvaraci-damaskovy-noz-boker-2010\/","title":{"rendered":"Zatv\u00e1rac\u00ed dama\u0161kov\u00fd n\u00f4\u017e B\u00f6ker 2010"},"content":{"rendered":"<p>Zatv\u00e1rac\u00ed dama\u0161kov\u00fd n\u00f4\u017e <strong>B\u00f6ker<\/strong> 2010.<\/p>\n<p>Boker Solingen v\u00fdro\u010dn\u00e1 limitovan\u00e1 ed\u00edcia Damascus Canoe 2010. Thomas Damask, predstavoval 300 vrstiev ru\u010dne kovanej ocele Damasku. Prezenta\u010dn\u00fd box a certifik\u00e1t pravosti.<br \/>\nD\u013a\u017eka \u010depele 6,25 a 4,4 cm. Uzavret\u00e1 9,5 cm.<\/p>\n<p>Boker Solingen 2010 Annual Damascus Canoe Limited Edition. Thomas damascus, ktor\u00fd tvor\u00ed 300 znakov &#8222;ripplingu&#8220; ruka sformovan\u00e9ho Damascus steel. Presentation box and certificate of authenticity. Blade length: 2 1\/2 &#8220; and 1 3\/4 &#8222;. Closed length: 3 5\/8 &#8222;.<\/p>\n","protected":false},"excerpt":{"rendered":"<p>Zatv\u00e1rac\u00ed n\u00f4\u017e z Damasku.<\/p>\n","protected":false},"featured_media":190040,"comment_status":"open","ping_status":"closed","template":"","meta":[],"pwb-brand":[3419],"product_brand":[],"product_cat":[3424,3186],"product_tag":[3668],"class_list":{"0":"post-307468","1":"product","2":"type-product","3":"status-publish","4":"has-post-thumbnail","6":"pwb-brand-boker-sk","7":"product_cat-damascenske-noze-sk","8":"product_cat-noze-sk","9":"product_tag-b2b-sk","11":"first","12":"instock","13":"taxable","14":"shipping-taxable","15":"purchasable","16":"product-type-simple"},"brands":[{"id":3419,"name":"Boker","slug":"boker-sk"}],"_links":{"self":[{"href":"https:\/\/www.moskito.cz\/sk\/wp-json\/wp\/v2\/product\/307468","targetHints":{"allow":["GET"]}}],"collection":[{"href":"https:\/\/www.moskito.cz\/sk\/wp-json\/wp\/v2\/product"}],"about":[{"href":"https:\/\/www.moskito.cz\/sk\/wp-json\/wp\/v2\/types\/product"}],"replies":[{"embeddable":true,"href":"https:\/\/www.moskito.cz\/sk\/wp-json\/wp\/v2\/comments?post=307468"}],"wp:featuredmedia":[{"embeddable":true,"href":"https:\/\/www.moskito.cz\/sk\/wp-json\/wp\/v2\/media\/190040"}],"wp:attachment":[{"href":"https:\/\/www.moskito.cz\/sk\/wp-json\/wp\/v2\/media?parent=307468"}],"wp:term":[{"taxonomy":"pwb-brand","embeddable":true,"href":"https:\/\/www.moskito.cz\/sk\/wp-json\/wp\/v2\/pwb-brand?post=307468"},{"taxonomy":"product_brand","embeddable":true,"href":"https:\/\/www.moskito.cz\/sk\/wp-json\/wp\/v2\/product_brand?post=307468"},{"taxonomy":"product_cat","embeddable":true,"href":"https:\/\/www.moskito.cz\/sk\/wp-json\/wp\/v2\/product_cat?post=307468"},{"taxonomy":"product_tag","embeddable":true,"href":"https:\/\/www.moskito.cz\/sk\/wp-json\/wp\/v2\/product_tag?post=307468"}],"curies":[{"name":"wp","href":"https:\/\/api.w.org\/{rel}","templated":true}]}}