{"id":307472,"date":"2019-09-21T17:41:33","date_gmt":"2024-02-06T10:57:15","guid":{"rendered":"https:\/\/www.moskito.cz\/produkt\/zatvaraci-noz-smithwesson-ck5cp\/"},"modified":"2025-07-11T07:50:00","modified_gmt":"2025-07-11T06:50:00","slug":"zatvaraci-noz-smithwesson-ck5cp","status":"publish","type":"product","link":"https:\/\/www.moskito.cz\/sk\/produkt\/zatvaraci-noz-smithwesson-ck5cp\/","title":{"rendered":"Zatv\u00e1rac\u00ed n\u00f4\u017e Smith&amp;Wesson CK5CP"},"content":{"rendered":"<p>Zatv\u00e1rac\u00ed n\u00f4\u017e <strong>Smith&amp;Wesson<\/strong> CK5CP.<\/p>\n<p>D\u013a\u017eka no\u017ea v uzavretom stave je 11,2 cm. \u010cepe\u013e no\u017ea je z nerezovej ocele a jej d\u013a\u017eka je 8,8 cm. N\u00f4\u017e disponuje \u0161edou nerezovou rukov\u00e4\u0165ou a vreckov\u00fdm klipom.<\/p>\n<p>Closed: 4.5&#8243;; Blade: 3.5&#8243; l Stainless l Standard Edge l Matte Finish; Handle: Gray l Stainless; \u010eal\u0161ie inform\u00e1cie: Lanyard Hole l Thumb Stud(s) l Pocket Clip. Carbon fiber handle insert. Hang Packaged.<\/p>\n","protected":false},"excerpt":{"rendered":"<p>Zatv\u00e1rac\u00ed n\u00f4\u017e s poistkou a klipom.<\/p>\n","protected":false},"featured_media":165574,"comment_status":"open","ping_status":"closed","template":"","meta":[],"pwb-brand":[3446],"product_brand":[],"product_cat":[3186,3233],"product_tag":[],"class_list":{"0":"post-307472","1":"product","2":"type-product","3":"status-publish","4":"has-post-thumbnail","6":"pwb-brand-smith-wesson-sk","7":"product_cat-noze-sk","8":"product_cat-zatvaracie-noze","10":"first","11":"outofstock","12":"taxable","13":"shipping-taxable","14":"purchasable","15":"product-type-simple"},"brands":[{"id":3446,"name":"Smith &amp; Wesson","slug":"smith-wesson-sk"}],"_links":{"self":[{"href":"https:\/\/www.moskito.cz\/sk\/wp-json\/wp\/v2\/product\/307472","targetHints":{"allow":["GET"]}}],"collection":[{"href":"https:\/\/www.moskito.cz\/sk\/wp-json\/wp\/v2\/product"}],"about":[{"href":"https:\/\/www.moskito.cz\/sk\/wp-json\/wp\/v2\/types\/product"}],"replies":[{"embeddable":true,"href":"https:\/\/www.moskito.cz\/sk\/wp-json\/wp\/v2\/comments?post=307472"}],"wp:featuredmedia":[{"embeddable":true,"href":"https:\/\/www.moskito.cz\/sk\/wp-json\/wp\/v2\/media\/165574"}],"wp:attachment":[{"href":"https:\/\/www.moskito.cz\/sk\/wp-json\/wp\/v2\/media?parent=307472"}],"wp:term":[{"taxonomy":"pwb-brand","embeddable":true,"href":"https:\/\/www.moskito.cz\/sk\/wp-json\/wp\/v2\/pwb-brand?post=307472"},{"taxonomy":"product_brand","embeddable":true,"href":"https:\/\/www.moskito.cz\/sk\/wp-json\/wp\/v2\/product_brand?post=307472"},{"taxonomy":"product_cat","embeddable":true,"href":"https:\/\/www.moskito.cz\/sk\/wp-json\/wp\/v2\/product_cat?post=307472"},{"taxonomy":"product_tag","embeddable":true,"href":"https:\/\/www.moskito.cz\/sk\/wp-json\/wp\/v2\/product_tag?post=307472"}],"curies":[{"name":"wp","href":"https:\/\/api.w.org\/{rel}","templated":true}]}}