{"id":307479,"date":"2019-09-18T17:17:59","date_gmt":"2024-02-06T10:57:22","guid":{"rendered":"https:\/\/www.moskito.cz\/produkt\/rambo-first-blood-part-ii-rb9295\/"},"modified":"2025-11-18T13:21:17","modified_gmt":"2025-11-18T12:21:17","slug":"rambo-first-blood-part-ii-rb9295","status":"publish","type":"product","link":"https:\/\/www.moskito.cz\/sk\/produkt\/rambo-first-blood-part-ii-rb9295\/","title":{"rendered":"Rambo First Blood Part II RB9295"},"content":{"rendered":"<p><strong>Rambo<\/strong> n\u00f4\u017e First Blood Part II RB9295.<\/p>\n<p>N\u00f4\u017e s podpisom.<br \/>\nOfici\u00e1lne licencovan\u00fd Rambo n\u00f4\u017e. T\u00e1to replika je zhotoven\u00e1 z najlep\u0161\u00edch materi\u00e1lov, ktor\u00e9 boli dostupn\u00e9 a je presnou k\u00f3piou, ktor\u00fa pou\u017e\u00edval John Rambo alias Silvester Stallone, v poslednom uvedenom diele s\u00e9rie Rambo. D\u013a\u017eka no\u017ea je 38 cm, \u010depe\u013e je z nerezovej ocele 420 s matn\u00fdm povrchom a rukov\u00e4\u0165 je obalen\u00e1 nylonovou \u0161n\u00farou. Replika m\u00e1 tie\u017e dve br\u00fasky a jej s\u00fa\u010das\u0165ou je vysoko kvalitn\u00e1 po\u0161va z byvolej ko\u017ee.<br \/>\nT\u00e1to replika obsahuje autentick\u00fa k\u00f3piu podpisu Silvestera Stallone a je aj jeho ofici\u00e1lnym produktom. Jedn\u00e1 sa o striktne limitovan\u00fa ed\u00edciu: 10 000 ks. Ka\u017ed\u00fd kus m\u00e1 svoje vlastn\u00e9 s\u00e9riov\u00e9 \u010d\u00edslo.<\/p>\n<p>Edition. 14&#8243; overall. 9&#8243; matte satin finish stainless blade with sawback. Hollow handle wrapped in heavy OD green nylon cord. Aluminum butt cap with precision compass. Survival kit. Stainless guard with lashing holes and integrated Phillips and standard screwdrivers. Top obiln\u00e1 ko\u017een\u00e1 biela sheath with leg tie. Officially licensed reproduction. Limited edition of 10,000.<\/p>\n","protected":false},"excerpt":{"rendered":"<p>Ofici\u00e1lne licencovan\u00fd <strong>Rambo<\/strong> n\u00f4\u017e. T\u00e1to replika je zhotoven\u00e1 z najlep\u0161\u00edch materi\u00e1lov, ktor\u00e9 boli dostupn\u00e9 a je presnou k\u00f3piou, ktor\u00fa pou\u017e\u00edval John Rambo alias Silvester Stallone, v poslednom uvedenom diele s\u00e9rie Rambo.<br \/>\n<strong>Doprava zadarmo.<\/strong><\/p>\n","protected":false},"featured_media":165497,"comment_status":"open","ping_status":"closed","template":"","meta":[],"pwb-brand":[3558],"product_brand":[],"product_cat":[3186,3187],"product_tag":[3668,3559],"class_list":{"0":"post-307479","1":"product","2":"type-product","3":"status-publish","4":"has-post-thumbnail","6":"pwb-brand-rambo-sk","7":"product_cat-noze-sk","8":"product_cat-pevne-noze-sk","9":"product_tag-b2b-sk","10":"product_tag-rambo-noz","12":"first","13":"outofstock","14":"taxable","15":"shipping-taxable","16":"purchasable","17":"product-type-simple"},"brands":[{"id":3558,"name":"Rambo","slug":"rambo-sk"}],"_links":{"self":[{"href":"https:\/\/www.moskito.cz\/sk\/wp-json\/wp\/v2\/product\/307479","targetHints":{"allow":["GET"]}}],"collection":[{"href":"https:\/\/www.moskito.cz\/sk\/wp-json\/wp\/v2\/product"}],"about":[{"href":"https:\/\/www.moskito.cz\/sk\/wp-json\/wp\/v2\/types\/product"}],"replies":[{"embeddable":true,"href":"https:\/\/www.moskito.cz\/sk\/wp-json\/wp\/v2\/comments?post=307479"}],"wp:featuredmedia":[{"embeddable":true,"href":"https:\/\/www.moskito.cz\/sk\/wp-json\/wp\/v2\/media\/165497"}],"wp:attachment":[{"href":"https:\/\/www.moskito.cz\/sk\/wp-json\/wp\/v2\/media?parent=307479"}],"wp:term":[{"taxonomy":"pwb-brand","embeddable":true,"href":"https:\/\/www.moskito.cz\/sk\/wp-json\/wp\/v2\/pwb-brand?post=307479"},{"taxonomy":"product_brand","embeddable":true,"href":"https:\/\/www.moskito.cz\/sk\/wp-json\/wp\/v2\/product_brand?post=307479"},{"taxonomy":"product_cat","embeddable":true,"href":"https:\/\/www.moskito.cz\/sk\/wp-json\/wp\/v2\/product_cat?post=307479"},{"taxonomy":"product_tag","embeddable":true,"href":"https:\/\/www.moskito.cz\/sk\/wp-json\/wp\/v2\/product_tag?post=307479"}],"curies":[{"name":"wp","href":"https:\/\/api.w.org\/{rel}","templated":true}]}}