{"id":307496,"date":"2019-12-09T15:41:37","date_gmt":"2024-02-06T10:57:34","guid":{"rendered":"https:\/\/www.moskito.cz\/produkt\/zatvaraci-noz-motylik-joker-jkr0349\/"},"modified":"2025-07-11T07:50:20","modified_gmt":"2025-07-11T06:50:20","slug":"zatvaraci-noz-motylik-joker-jkr0349","status":"publish","type":"product","link":"https:\/\/www.moskito.cz\/sk\/produkt\/zatvaraci-noz-motylik-joker-jkr0349\/","title":{"rendered":"Zatv\u00e1rac\u00ed N\u00f4\u017e Mot\u00fdlik Joker JKR0349"},"content":{"rendered":"<p>Zatv\u00e1rac\u00ed N\u00f4\u017e Mot\u00fdlik <strong>Joker<\/strong> JKR0349.<\/p>\n<p>No\u017ee Joker poch\u00e1dzaj\u00fa zo \u0160panielskeho mesta Albacete, ktor\u00e9 je zn\u00e1me v\u00fdrobou no\u017eov.<br \/>\nKlasick\u00fd zatv\u00e1rac\u00ed n\u00f4\u017e typu mot\u00fdlik. V\u0161etky komponenty no\u017ea s\u00fa vyroben\u00e9 z vysoko odolnej nerezovej ocele. Dvojdielna rukov\u00e4\u0165 z ocele sa zais\u0165uje v zatvorenej polohe pomocou poistky. V\u010faka tomu je mo\u017en\u00e9 s no\u017eom bezpe\u010dne vykon\u00e1va\u0165 najr\u00f4znej\u0161ie triky. D\u013a\u017eka \u010depele je 10,5 cm. Celkov\u00e1 d\u013a\u017eka je 22,5 cm.<\/p>\n<p>ALUMINIUM HANDLE 10,5 CM STAINLESS STEEL BLADE BUTTERFLY KNIFE<br \/>\nJKR0349<br \/>\nProduct characteristics:<\/p>\n<p>Butterfly knife<br \/>\nHandle: Aluminium<br \/>\nBlade: 10,5 cm<\/p>\n","protected":false},"excerpt":{"rendered":"<p>No\u017ee <strong>Joker<\/strong> poch\u00e1dzaj\u00fa zo \u0160panielskeho mesta Albacete, ktor\u00e9 je zn\u00e1me tradi\u010dnou v\u00fdrobou no\u017eov a d\u00fdk.<br \/>\nNavrhnut\u00e9 a vyroben\u00e9 v \u0160panielsku (Albacete)<\/p>\n","protected":false},"featured_media":180140,"comment_status":"open","ping_status":"closed","template":"","meta":[],"pwb-brand":[3399],"product_brand":[],"product_cat":[3546,3186],"product_tag":[],"class_list":{"0":"post-307496","1":"product","2":"type-product","3":"status-publish","4":"has-post-thumbnail","6":"pwb-brand-joker-sk","7":"product_cat-motyliky","8":"product_cat-noze-sk","10":"first","11":"outofstock","12":"taxable","13":"shipping-taxable","14":"purchasable","15":"product-type-simple"},"brands":[{"id":3399,"name":"Joker","slug":"joker-sk"}],"_links":{"self":[{"href":"https:\/\/www.moskito.cz\/sk\/wp-json\/wp\/v2\/product\/307496","targetHints":{"allow":["GET"]}}],"collection":[{"href":"https:\/\/www.moskito.cz\/sk\/wp-json\/wp\/v2\/product"}],"about":[{"href":"https:\/\/www.moskito.cz\/sk\/wp-json\/wp\/v2\/types\/product"}],"replies":[{"embeddable":true,"href":"https:\/\/www.moskito.cz\/sk\/wp-json\/wp\/v2\/comments?post=307496"}],"wp:featuredmedia":[{"embeddable":true,"href":"https:\/\/www.moskito.cz\/sk\/wp-json\/wp\/v2\/media\/180140"}],"wp:attachment":[{"href":"https:\/\/www.moskito.cz\/sk\/wp-json\/wp\/v2\/media?parent=307496"}],"wp:term":[{"taxonomy":"pwb-brand","embeddable":true,"href":"https:\/\/www.moskito.cz\/sk\/wp-json\/wp\/v2\/pwb-brand?post=307496"},{"taxonomy":"product_brand","embeddable":true,"href":"https:\/\/www.moskito.cz\/sk\/wp-json\/wp\/v2\/product_brand?post=307496"},{"taxonomy":"product_cat","embeddable":true,"href":"https:\/\/www.moskito.cz\/sk\/wp-json\/wp\/v2\/product_cat?post=307496"},{"taxonomy":"product_tag","embeddable":true,"href":"https:\/\/www.moskito.cz\/sk\/wp-json\/wp\/v2\/product_tag?post=307496"}],"curies":[{"name":"wp","href":"https:\/\/api.w.org\/{rel}","templated":true}]}}