{"id":307510,"date":"2019-11-15T20:02:17","date_gmt":"2024-02-06T10:57:38","guid":{"rendered":"https:\/\/www.moskito.cz\/produkt\/zatvaraci-damaskovy-noz-mcusta\/"},"modified":"2025-07-11T07:50:18","modified_gmt":"2025-07-11T06:50:18","slug":"zatvaraci-damaskovy-noz-mcusta","status":"publish","type":"product","link":"https:\/\/www.moskito.cz\/sk\/produkt\/zatvaraci-damaskovy-noz-mcusta\/","title":{"rendered":"Zatv\u00e1rac\u00ed Dama\u0161kov\u00fd N\u00f4\u017e Mcusta"},"content":{"rendered":"<p>Zatv\u00e1rac\u00ed Dama\u0161kov\u00fd N\u00f4\u017e <strong>Mcusta<\/strong> .<\/p>\n<p>No\u017ee Mcusta poch\u00e1dzaj\u00fa z japonsk\u00e9ho mesta Seki. V na\u0161ej ponuke n\u00e1jdete nieko\u013eko ich v\u00fdrobkov.<\/p>\n<p>No\u017ee Mcusta s\u00fa symbolom originality, \u0161pi\u010dkov\u00e9ho spracovania ak dokonalosti dotiahnut\u00e9mu designu.<\/p>\n<p>Vyr\u00e1baj\u00fa sa v meste Seki, ktor\u00e9 je u\u017e od 13. storo\u010dia. storo\u010dia pova\u017eovan\u00e9 za centrum v\u00fdroby no\u017eov. V\u010faka bohat\u00fdm z\u00e1sob\u00e1m nerastn\u00fdch surov\u00edn sa stalo ide\u00e1lnym miestom, ktor\u00e9 pril\u00e1kalo majstra Motoshige. V priebehu storo\u010d\u00ed sa techniky a zru\u010dnosti majstrov kov\u00e1\u010dov odovzd\u00e1vali z gener\u00e1cie na gener\u00e1ciu a neust\u00e1le sa zdokona\u013eovali. V\u00fdznamn\u00fdm centrom je mesto Seki dodnes. No\u017ee Mcusta s\u00fa vrcholom tradi\u010dnej japonskej v\u00fdroby a modern\u00fdch \u0161pi\u010dkov\u00fdch technol\u00f3gi\u00ed. Nie s\u00fa vyr\u00e1ban\u00e9 ako v\u00e4\u010d\u0161ina s\u00e9riovo vyr\u00e1ban\u00fdch no\u017eov. Pred samotnou v\u00fdrobou s\u00fa navrhnut\u00e9 prototypy, ktor\u00e9 s\u00fa starostlivo testovan\u00e9 a prakticky vysk\u00fa\u0161an\u00e9.<\/p>\n<p>No\u017ee s\u00fa navrhnut\u00e9 tak, aby \u010do najviac zodpovedali potreb\u00e1m, vkusu a \u0161t\u00fdlu z\u00e1kazn\u00edkov.<\/p>\n<p>Zatv\u00e1rac\u00ed n\u00f4\u017e Mcusta MCU094D \u2013 Tento n\u00f4\u017e je dod\u00e1van\u00fd s puzdrom na opasok.<\/p>\n<pre id=\"tw-target-text\" class=\"tw-data-text tw-text-large tw-ta\" dir=\"ltr\" data-placeholder=\"P\u0159eklad\"><span lang=\"cs\" tabindex=\"0\">Typ: skl\u00e1dac\u00ed n\u016f\u017e\n    Ocel: VG10 Dama\u0161ek\n    D\u00e9lka \u010depele: 70 mm\n    Rukoje\u0165: Fuj Tsuru (Crane)\n    D\u00e9lka rukojeti: 90m<\/span><\/pre>\n","protected":false},"excerpt":{"rendered":"<p>Zatv\u00e1rac\u00ed n\u00f4\u017e.<\/p>\n","protected":false},"featured_media":190032,"comment_status":"open","ping_status":"closed","template":"","meta":[],"pwb-brand":[3566],"product_brand":[],"product_cat":[3424,3186],"product_tag":[],"class_list":{"0":"post-307510","1":"product","2":"type-product","3":"status-publish","4":"has-post-thumbnail","6":"pwb-brand-mcusta-sk","7":"product_cat-damascenske-noze-sk","8":"product_cat-noze-sk","10":"first","11":"outofstock","12":"taxable","13":"shipping-taxable","14":"purchasable","15":"product-type-simple"},"brands":[{"id":3566,"name":"Mcusta","slug":"mcusta-sk"}],"_links":{"self":[{"href":"https:\/\/www.moskito.cz\/sk\/wp-json\/wp\/v2\/product\/307510","targetHints":{"allow":["GET"]}}],"collection":[{"href":"https:\/\/www.moskito.cz\/sk\/wp-json\/wp\/v2\/product"}],"about":[{"href":"https:\/\/www.moskito.cz\/sk\/wp-json\/wp\/v2\/types\/product"}],"replies":[{"embeddable":true,"href":"https:\/\/www.moskito.cz\/sk\/wp-json\/wp\/v2\/comments?post=307510"}],"wp:featuredmedia":[{"embeddable":true,"href":"https:\/\/www.moskito.cz\/sk\/wp-json\/wp\/v2\/media\/190032"}],"wp:attachment":[{"href":"https:\/\/www.moskito.cz\/sk\/wp-json\/wp\/v2\/media?parent=307510"}],"wp:term":[{"taxonomy":"pwb-brand","embeddable":true,"href":"https:\/\/www.moskito.cz\/sk\/wp-json\/wp\/v2\/pwb-brand?post=307510"},{"taxonomy":"product_brand","embeddable":true,"href":"https:\/\/www.moskito.cz\/sk\/wp-json\/wp\/v2\/product_brand?post=307510"},{"taxonomy":"product_cat","embeddable":true,"href":"https:\/\/www.moskito.cz\/sk\/wp-json\/wp\/v2\/product_cat?post=307510"},{"taxonomy":"product_tag","embeddable":true,"href":"https:\/\/www.moskito.cz\/sk\/wp-json\/wp\/v2\/product_tag?post=307510"}],"curies":[{"name":"wp","href":"https:\/\/api.w.org\/{rel}","templated":true}]}}