{"id":307533,"date":"2020-01-04T09:57:53","date_gmt":"2024-02-06T10:57:50","guid":{"rendered":"https:\/\/www.moskito.cz\/produkt\/zatvaraci-noz-boker-plus-tech-tool-carbon-4\/"},"modified":"2025-07-11T07:50:22","modified_gmt":"2025-07-11T06:50:22","slug":"zatvaraci-noz-boker-plus-tech-tool-carbon-4","status":"publish","type":"product","link":"https:\/\/www.moskito.cz\/sk\/produkt\/zatvaraci-noz-boker-plus-tech-tool-carbon-4\/","title":{"rendered":"Zatv\u00e1rac\u00ed n\u00f4\u017e B\u00f6ker Plus Tech Tool Carbon 4"},"content":{"rendered":"<p>Zatv\u00e1rac\u00ed n\u00f4\u017e <strong>B\u00f6ker<\/strong> Plus Tech Tool Carbon 4 .<\/p>\n<p>B\u00f6ker Plus prin\u00e1\u0161a vynikaj\u00face, inovat\u00edvne koncepty no\u017eov pre ka\u017ed\u00fa misiu. No\u017ee s\u00fa navrhnut\u00e9 pod\u013ea nemeck\u00e9ho in\u017einierstva v spolupr\u00e1ci so svetozn\u00e1mymi odborn\u00edkmi ako napr. Chad Los Banos, Jim Burke, Jim Wanger, Tod Begg, Jesper Voxnaes.<\/p>\n<p>Celkov\u00e1 d\u013a\u017eka: 16,7 cm<br \/>\nD\u013a\u017eka \u010depele: 7,1 cm<br \/>\nHmotnos\u0165: 179 g<br \/>\nHr\u00fabka \u010depele: 2.3 mm<br \/>\nOce\u013e: 12C27<br \/>\nTvrdos\u0165: 58-60 HRC<br \/>\nRukov\u00e4\u0165: G10 \/ karb\u00f3nov\u00e9 vl\u00e1kno<\/p>\n<p>B\u00f6ker &#8211; hist\u00f3ria tov\u00e1rne siaha a\u017e do 17. storo\u010dia, p\u00f4vodn\u00e1 kov\u00e1re\u0148 vtedy bola umiestnen\u00e1 v Remscheide. V rokoch 1829-30 sa roz\u0161\u00edrila v\u00fdroba aj na \u0161able a me\u010de. V tom \u010dase tov\u00e1re\u0148 zamestn\u00e1vala vy\u0161e 100 kov\u00e1\u010dov a brusi\u010dov. V druhej polovici 19. storo\u010dia sa \u010das\u0165 rodiny presunula do USA a Kanady, kde zalo\u017eila \u010fal\u0161ie v\u00fdrobn\u00e9 z\u00e1vody. Posledn\u00fd zo s\u00farodencov Bockerovcov, Heinrich sa pres\u0165ahoval do Solingenu odkia\u013e poch\u00e1dza v\u00e4\u010d\u0161ina dne\u0161nej produkcie. Boker vyr\u00e1ba no\u017ee pod\u013ea vlastn\u00fdch n\u00e1vrhov a pod\u013ea n\u00e1vrhov zn\u00e1mych no\u017eiarov.<\/p>\n","protected":false},"excerpt":{"rendered":"<p>Zatv\u00e1rac\u00ed n\u00f4\u017e <strong>Boker<\/strong> .<\/p>\n","protected":false},"featured_media":190181,"comment_status":"open","ping_status":"closed","template":"","meta":[],"pwb-brand":[3419],"product_brand":[],"product_cat":[3186,3233],"product_tag":[3668],"class_list":{"0":"post-307533","1":"product","2":"type-product","3":"status-publish","4":"has-post-thumbnail","6":"pwb-brand-boker-sk","7":"product_cat-noze-sk","8":"product_cat-zatvaracie-noze","9":"product_tag-b2b-sk","11":"first","12":"outofstock","13":"taxable","14":"shipping-taxable","15":"purchasable","16":"product-type-simple"},"brands":[{"id":3419,"name":"Boker","slug":"boker-sk"}],"_links":{"self":[{"href":"https:\/\/www.moskito.cz\/sk\/wp-json\/wp\/v2\/product\/307533","targetHints":{"allow":["GET"]}}],"collection":[{"href":"https:\/\/www.moskito.cz\/sk\/wp-json\/wp\/v2\/product"}],"about":[{"href":"https:\/\/www.moskito.cz\/sk\/wp-json\/wp\/v2\/types\/product"}],"replies":[{"embeddable":true,"href":"https:\/\/www.moskito.cz\/sk\/wp-json\/wp\/v2\/comments?post=307533"}],"wp:featuredmedia":[{"embeddable":true,"href":"https:\/\/www.moskito.cz\/sk\/wp-json\/wp\/v2\/media\/190181"}],"wp:attachment":[{"href":"https:\/\/www.moskito.cz\/sk\/wp-json\/wp\/v2\/media?parent=307533"}],"wp:term":[{"taxonomy":"pwb-brand","embeddable":true,"href":"https:\/\/www.moskito.cz\/sk\/wp-json\/wp\/v2\/pwb-brand?post=307533"},{"taxonomy":"product_brand","embeddable":true,"href":"https:\/\/www.moskito.cz\/sk\/wp-json\/wp\/v2\/product_brand?post=307533"},{"taxonomy":"product_cat","embeddable":true,"href":"https:\/\/www.moskito.cz\/sk\/wp-json\/wp\/v2\/product_cat?post=307533"},{"taxonomy":"product_tag","embeddable":true,"href":"https:\/\/www.moskito.cz\/sk\/wp-json\/wp\/v2\/product_tag?post=307533"}],"curies":[{"name":"wp","href":"https:\/\/api.w.org\/{rel}","templated":true}]}}