{"id":307567,"date":"2020-01-09T14:08:05","date_gmt":"2024-02-06T10:58:01","guid":{"rendered":"https:\/\/www.moskito.cz\/produkt\/pevny-damaskovy-noz-mcusta-65d\/"},"modified":"2025-07-11T07:50:24","modified_gmt":"2025-07-11T06:50:24","slug":"pevny-damaskovy-noz-mcusta-65d","status":"publish","type":"product","link":"https:\/\/www.moskito.cz\/sk\/produkt\/pevny-damaskovy-noz-mcusta-65d\/","title":{"rendered":"Pevn\u00fd Dama\u0161kov\u00fd N\u00f4\u017e Mcusta 65D"},"content":{"rendered":"<p>Pevn\u00fd Dama\u0161kov\u00fd N\u00f4\u017e Mcusta.<\/p>\n<p><span class=\"tlid-translation translation\" lang=\"cs\"><span class=\"\" title=\"\">S\u00e9ria MC-6 je prv\u00e1 pevn\u00e1 \u010depe\u013e od spolo\u010dnosti Mcusta.<\/span> <span title=\"\">Je to p\u00e1perov\u00fd, tenk\u00fd opasok, univerz\u00e1lny n\u00e1strojov\u00fd n\u00f4\u017e vhodn\u00fd pre lovcov pstruhov a vt\u00e1kov.<\/span> <span title=\"\">\u010cepe\u013e a rukov\u00e4\u0165 s\u00fa vyroben\u00e9 z jedn\u00e9ho kusa jadra VG-10 kovan\u00e9 z 33 vrstvenej niklovej dama\u0161kovej nerezovej ocele.<\/span> <span class=\"\" title=\"\">Rukov\u00e4\u0165 je ryhovan\u00e1 a vykladan\u00e1 syntetick\u00fdmi malachitov\u00fdmi doskami.<\/span> <span class=\"\" title=\"\">Ka\u017ed\u00fd n\u00f4\u017e m\u00e1 \u010dierne ko\u017een\u00e9 puzdro.<\/span><\/span><\/p>\n<p>MC-6 Series je prv\u00fd fixovan\u00fd blade z Mcusta. It&#8217;s a featherweight, slim line, all-purpose utility n\u00f4\u017e suitable for trout and bird hunters. Blade a rukov\u00e4\u0165ou je jeden kus stavebnice VG-10 core, s 33-layered nikel Damascus stainless steel. The handle is grooved and inlaid with synthetic Malachite slabs. Ka\u017ed\u00e9 n\u00f4\u017e comes with black ko\u017een\u00e9 sheath.<\/p>\n<p>No\u017ee Mcusta poch\u00e1dzaj\u00fa z japonsk\u00e9ho mesta Seki. V na\u0161ej ponuke n\u00e1jdete nieko\u013eko ich v\u00fdrobkov.<\/p>\n<p>No\u017ee Mcusta s\u00fa symbolom originality, \u0161pi\u010dkov\u00e9ho spracovania ak dokonalosti dotiahnut\u00e9mu designu.<\/p>\n<p>Vyr\u00e1baj\u00fa sa v meste Seki, ktor\u00e9 je u\u017e od 13. storo\u010dia. storo\u010dia pova\u017eovan\u00e9 za centrum v\u00fdroby no\u017eov. V\u010faka bohat\u00fdm z\u00e1sob\u00e1m nerastn\u00fdch surov\u00edn sa stalo ide\u00e1lnym miestom, ktor\u00e9 pril\u00e1kalo majstra Motoshige. V priebehu storo\u010d\u00ed sa techniky a zru\u010dnosti majstrov kov\u00e1\u010dov odovzd\u00e1vali z gener\u00e1cie na gener\u00e1ciu a neust\u00e1le sa zdokona\u013eovali. V\u00fdznamn\u00fdm centrom je mesto Seki dodnes. No\u017ee Mcusta s\u00fa vrcholom tradi\u010dnej japonskej v\u00fdroby a modern\u00fdch \u0161pi\u010dkov\u00fdch technol\u00f3gi\u00ed. Nie s\u00fa vyr\u00e1ban\u00e9 ako v\u00e4\u010d\u0161ina s\u00e9riovo vyr\u00e1ban\u00fdch no\u017eov. Pred samotnou v\u00fdrobou s\u00fa navrhnut\u00e9 prototypy, ktor\u00e9 s\u00fa starostlivo testovan\u00e9 a prakticky vysk\u00fa\u0161an\u00e9.<\/p>\n<p>No\u017ee s\u00fa navrhnut\u00e9 tak, aby \u010do najviac zodpovedali potreb\u00e1m, vkusu a \u0161t\u00fdlu z\u00e1kazn\u00edkov.<\/p>\n","protected":false},"excerpt":{"rendered":"<p>Pevn\u00fd n\u00f4\u017e s puzdrom.<\/p>\n","protected":false},"featured_media":190028,"comment_status":"open","ping_status":"closed","template":"","meta":[],"pwb-brand":[3566],"product_brand":[],"product_cat":[3424,3186],"product_tag":[],"class_list":{"0":"post-307567","1":"product","2":"type-product","3":"status-publish","4":"has-post-thumbnail","6":"pwb-brand-mcusta-sk","7":"product_cat-damascenske-noze-sk","8":"product_cat-noze-sk","10":"first","11":"instock","12":"taxable","13":"shipping-taxable","14":"purchasable","15":"product-type-simple"},"brands":[{"id":3566,"name":"Mcusta","slug":"mcusta-sk"}],"_links":{"self":[{"href":"https:\/\/www.moskito.cz\/sk\/wp-json\/wp\/v2\/product\/307567","targetHints":{"allow":["GET"]}}],"collection":[{"href":"https:\/\/www.moskito.cz\/sk\/wp-json\/wp\/v2\/product"}],"about":[{"href":"https:\/\/www.moskito.cz\/sk\/wp-json\/wp\/v2\/types\/product"}],"replies":[{"embeddable":true,"href":"https:\/\/www.moskito.cz\/sk\/wp-json\/wp\/v2\/comments?post=307567"}],"wp:featuredmedia":[{"embeddable":true,"href":"https:\/\/www.moskito.cz\/sk\/wp-json\/wp\/v2\/media\/190028"}],"wp:attachment":[{"href":"https:\/\/www.moskito.cz\/sk\/wp-json\/wp\/v2\/media?parent=307567"}],"wp:term":[{"taxonomy":"pwb-brand","embeddable":true,"href":"https:\/\/www.moskito.cz\/sk\/wp-json\/wp\/v2\/pwb-brand?post=307567"},{"taxonomy":"product_brand","embeddable":true,"href":"https:\/\/www.moskito.cz\/sk\/wp-json\/wp\/v2\/product_brand?post=307567"},{"taxonomy":"product_cat","embeddable":true,"href":"https:\/\/www.moskito.cz\/sk\/wp-json\/wp\/v2\/product_cat?post=307567"},{"taxonomy":"product_tag","embeddable":true,"href":"https:\/\/www.moskito.cz\/sk\/wp-json\/wp\/v2\/product_tag?post=307567"}],"curies":[{"name":"wp","href":"https:\/\/api.w.org\/{rel}","templated":true}]}}