{"id":307592,"date":"2020-01-29T12:28:39","date_gmt":"2020-01-29T11:28:39","guid":{"rendered":"https:\/\/www.moskito.cz\/produkt\/vystrelovaci-noz-microtech-combat-troodon-142-12\/"},"modified":"2025-07-11T07:50:42","modified_gmt":"2025-07-11T06:50:42","slug":"vystrelovaci-noz-microtech-combat-troodon-142-12","status":"publish","type":"product","link":"https:\/\/www.moskito.cz\/sk\/produkt\/vystrelovaci-noz-microtech-combat-troodon-142-12\/","title":{"rendered":"Vystre\u013eovac\u00ed N\u00f4\u017e Microtech Combat Troodon 142-12"},"content":{"rendered":"<div class=\"description\">Vystre\u013eovac\u00ed N\u00f4\u017e <strong>Microtech Combat Troodon<\/strong> 142-12.<\/div>\n<div><span lang=\"cs\">V priebehu rokov Microtech\u00ae Knives naplnil v\u00e1\u0161\u0148ou a zru\u010dnos\u0165ou v\u00fdrobu no\u017eov, a\u017e z nich vytvoril takmer umeleck\u00e9 diela,<br \/>\nktor\u00e9 s\u00fa vrcholom funk\u010dnosti. Aj na\u010falej pos\u00fava hranice a zlep\u0161uje to,<br \/>\n\u010do u\u017e vie, \u017ee funguje. V roku 2020 sa Microtech\u00ae Knives rozr\u00e1stol na predn\u00fa no\u017eiarsku<br \/>\nzna\u010dku, ktor\u00e1 sa neust\u00e1le vyv\u00edja a pohybuje vpred pomocou najnov\u0161\u00edch technol\u00f3gi\u00ed,<br \/>\nstarod\u00e1vnych z\u00e1sad pri v\u00fdrobe \u010depel\u00ed a maxim\u00e1lneho testovania v ter\u00e9ne, tak aby nekompromitovali kvalitu.  <\/span><\/div>\n<div>\n<p>Spredu vystre\u013eovac\u00ed n\u00f4\u017e.<\/p>\n<p>Vystre\u013eovac\u00ed N\u00f4\u017e <strong>Microtech Combat Troodon<\/strong> 142-12 m\u00e1 \u010depe\u013e z nerezovej ocele s hornou zubatou hranou. Hlin\u00edkov\u00e1 rukov\u00e4\u0165 s guli\u010dkov\u00fdm hrotom na rozbitie skla je z u\u0161\u013eachtilej ocele.<br \/>\nNajv\u00e4\u010d\u0161\u00ed v\u00fdrobn\u00fd n\u00f4\u017e OTF firmy Microtech je pomenovan\u00fd po dinosaure Troodon. Combat Troodon je skuto\u010dne ve\u013ek\u00e1 verzia popul\u00e1rneho Troodonu. Napriek ve\u013ekosti je rukov\u00e4\u0165 \u0161t\u00edhla a pohodln\u00e1.<\/p>\n<p>Celkov\u00e1 d\u013a\u017eka: 23.75 cm<br \/>\nD\u013a\u017eka \u010depele: 9.5 cm<br \/>\nMateri\u00e1l \u010depele: M390<br \/>\n\u0160t\u00fdl \u010depele: D\u00fdka<br \/>\nBritov\u00e9 do\u0161ti\u010dky: Ploch\u00e9<br \/>\nD\u013a\u017eka rukov\u00e4te: 14.37 cm<br \/>\nHr\u00fabka rukov\u00e4te: 1.37 cm<br \/>\nMateri\u00e1l rukov\u00e4te: hlin\u00edk<br \/>\nHmotnos\u0165: 5,35 oz.<br \/>\nU\u017e\u00edvate\u013e: Prav\u00e1 ruka<br \/>\nPocket Clip: Tip-Down<br \/>\nTyp no\u017ea: Double-Action OTF Automatic<br \/>\nOtv\u00e1ra\u010d: Thumb Slide<br \/>\nZna\u010dka: Microtech<br \/>\nModel: Combat Troodon<br \/>\n\u010c\u00edslo modelu: 142-12<br \/>\nKrajina p\u00f4vodu: USA<br \/>\nNajlep\u0161ie vyu\u017eitie: Taktick\u00e9<\/p>\n<div class=\"description-content\">\n<p><iframe title=\"Microtech Combat Troodon Torture Test\" width=\"800\" height=\"450\" src=\"https:\/\/www.youtube.com\/embed\/xE9TeOFYEjg?feature=oembed\" frameborder=\"0\" allow=\"accelerometer; autoplay; clipboard-write; encrypted-media; gyroscope; picture-in-picture; web-share\" allowfullscreen><\/iframe><\/p>\n<p>&nbsp;<\/p>\n<\/div>\n<\/div>\n","protected":false},"excerpt":{"rendered":"<p>V priebehu rokov <strong>Microtech\u00ae Knives<\/strong> naplnil v\u00e1\u0161\u0148ou a zru\u010dnos\u0165ou v\u00fdrobu no\u017eov, a\u017e z nich vytvoril takmer umeleck\u00e9 diela, ktor\u00e9 s\u00fa vrcholom funk\u010dnosti. V\u0161etky diely s\u00fa vyroben\u00e9 v USA.<br \/>\n<strong>Na v\u0161etky no\u017ee Microtech je do\u017eivotn\u00e1 z\u00e1ruka.<\/strong><\/p>\n<p><strong>Po\u0161tovn\u00e9 zadarmo.<\/strong><\/p>\n","protected":false},"featured_media":181818,"comment_status":"open","ping_status":"closed","template":"","meta":[],"pwb-brand":[3200],"product_brand":[],"product_cat":[3197,3186],"product_tag":[3668],"class_list":{"0":"post-307592","1":"product","2":"type-product","3":"status-publish","4":"has-post-thumbnail","6":"pwb-brand-microtech-sk","7":"product_cat-vystrelovacie-noze-sk","8":"product_cat-noze-sk","9":"product_tag-b2b-sk","11":"first","12":"outofstock","13":"taxable","14":"shipping-taxable","15":"purchasable","16":"product-type-simple"},"brands":[{"id":3200,"name":"Microtech","slug":"microtech-sk"}],"_links":{"self":[{"href":"https:\/\/www.moskito.cz\/sk\/wp-json\/wp\/v2\/product\/307592","targetHints":{"allow":["GET"]}}],"collection":[{"href":"https:\/\/www.moskito.cz\/sk\/wp-json\/wp\/v2\/product"}],"about":[{"href":"https:\/\/www.moskito.cz\/sk\/wp-json\/wp\/v2\/types\/product"}],"replies":[{"embeddable":true,"href":"https:\/\/www.moskito.cz\/sk\/wp-json\/wp\/v2\/comments?post=307592"}],"wp:featuredmedia":[{"embeddable":true,"href":"https:\/\/www.moskito.cz\/sk\/wp-json\/wp\/v2\/media\/181818"}],"wp:attachment":[{"href":"https:\/\/www.moskito.cz\/sk\/wp-json\/wp\/v2\/media?parent=307592"}],"wp:term":[{"taxonomy":"pwb-brand","embeddable":true,"href":"https:\/\/www.moskito.cz\/sk\/wp-json\/wp\/v2\/pwb-brand?post=307592"},{"taxonomy":"product_brand","embeddable":true,"href":"https:\/\/www.moskito.cz\/sk\/wp-json\/wp\/v2\/product_brand?post=307592"},{"taxonomy":"product_cat","embeddable":true,"href":"https:\/\/www.moskito.cz\/sk\/wp-json\/wp\/v2\/product_cat?post=307592"},{"taxonomy":"product_tag","embeddable":true,"href":"https:\/\/www.moskito.cz\/sk\/wp-json\/wp\/v2\/product_tag?post=307592"}],"curies":[{"name":"wp","href":"https:\/\/api.w.org\/{rel}","templated":true}]}}