{"id":307596,"date":"2020-02-24T17:27:38","date_gmt":"2024-02-06T10:58:18","guid":{"rendered":"https:\/\/www.moskito.cz\/produkt\/zatvaraci-noz-victorinox-hunter-0-8573\/"},"modified":"2025-07-11T07:50:53","modified_gmt":"2025-07-11T06:50:53","slug":"zatvaraci-noz-victorinox-hunter-0-8573","status":"publish","type":"product","link":"https:\/\/www.moskito.cz\/sk\/produkt\/zatvaraci-noz-victorinox-hunter-0-8573\/","title":{"rendered":"Zatv\u00e1rac\u00ed n\u00f4\u017e Victorinox Hunter 0.8573"},"content":{"rendered":"<p>Zatv\u00e1rac\u00ed n\u00f4\u017e Victorinox Hunter 0.8573.<\/p>\n<p><span class=\"proKs\">Vreckov\u00fd n\u00f4\u017e o ve\u013ekosti 111 mm s poistkou hlavnej \u010depele. Po\u010det funkci\u00ed 12.<\/span><\/p>\n<div id=\"productDetailBottomText\" class=\"rounded\">\n<ul>\n<li class=\"style2\">ve\u013ek\u00fd zatv\u00e1rac\u00ed n\u00f4\u017e<\/li>\n<li class=\"style2\">v\u00fdvrtka<\/li>\n<li class=\"style2\">p\u00edlka na drevo<\/li>\n<li class=\"style2\">otv\u00e1ra\u010d na f\u013ea\u0161e<\/li>\n<li class=\"style2\">skrutkova\u010d<\/li>\n<li class=\"style2\">odstra\u0148ova\u010d izol\u00e1cie z dr\u00f4tov<\/li>\n<li class=\"style2\">vyvrhovac\u00ed n\u00f4\u017e<\/li>\n<li class=\"style2\">v\u00fdstru\u017en\u00edk, priebojn\u00edk<\/li>\n<li class=\"style2\">nerezov\u00fd kr\u00fa\u017eok na k\u013e\u00fa\u010de<\/li>\n<li class=\"style2\">pinzeta<\/li>\n<li class=\"style2\">\u0161p\u00e1radlo<\/li>\n<li>V roku 1884, \u0161vaj\u010diarsky priekopn\u00edk Karl Elsener zalo\u017eil no\u017eiarsku diel\u0148u. Kr\u00e1tko nato si pripravil cestu pre bezkonkuren\u010dn\u00fa hist\u00f3riu spolo\u010dnosti prostredn\u00edctvom v\u00fdvoja dnes u\u017e legend\u00e1rneho \u00abOrigin\u00e1lneho \u0161vaj\u010diarskeho arm\u00e1dneho no\u017ea\u00bb. Okrem vreckov\u00fdch, dom\u00e1cich a profesion\u00e1lnych no\u017eov, dnes nez\u00e1visl\u00e1 rodinn\u00e1 spolo\u010dnos\u0165 Victorinox vyr\u00e1ba a pred\u00e1va hodinky, cestovn\u00fa v\u00fdbavu, m\u00f3du a v\u00f4ne po celom svete. Ka\u017ed\u00fd v\u00fdrobok je vyjadren\u00edm \u0161vaj\u010diarskej kvality.<\/li>\n<\/ul>\n<\/div>\n<p>&nbsp;<\/p>\n","protected":false},"excerpt":{"rendered":"<p>Vreckov\u00fd n\u00f4\u017e o ve\u013ekosti 111 mm s poistkou hlavnej \u010depele. Po\u010det funkci\u00ed 12.<br \/>\n<strong>Vyroben\u00e9 vo \u0160vaj\u010diarsku, do\u017eivotn\u00e1 z\u00e1ruka.<\/strong><\/p>\n","protected":false},"featured_media":167572,"comment_status":"open","ping_status":"closed","template":"","meta":[],"pwb-brand":[3537],"product_brand":[],"product_cat":[3186,3233],"product_tag":[],"class_list":{"0":"post-307596","1":"product","2":"type-product","3":"status-publish","4":"has-post-thumbnail","6":"pwb-brand-victorinox-sk","7":"product_cat-noze-sk","8":"product_cat-zatvaracie-noze","10":"first","11":"outofstock","12":"taxable","13":"shipping-taxable","14":"purchasable","15":"product-type-simple"},"brands":[{"id":3537,"name":"Victorinox","slug":"victorinox-sk"}],"_links":{"self":[{"href":"https:\/\/www.moskito.cz\/sk\/wp-json\/wp\/v2\/product\/307596","targetHints":{"allow":["GET"]}}],"collection":[{"href":"https:\/\/www.moskito.cz\/sk\/wp-json\/wp\/v2\/product"}],"about":[{"href":"https:\/\/www.moskito.cz\/sk\/wp-json\/wp\/v2\/types\/product"}],"replies":[{"embeddable":true,"href":"https:\/\/www.moskito.cz\/sk\/wp-json\/wp\/v2\/comments?post=307596"}],"wp:featuredmedia":[{"embeddable":true,"href":"https:\/\/www.moskito.cz\/sk\/wp-json\/wp\/v2\/media\/167572"}],"wp:attachment":[{"href":"https:\/\/www.moskito.cz\/sk\/wp-json\/wp\/v2\/media?parent=307596"}],"wp:term":[{"taxonomy":"pwb-brand","embeddable":true,"href":"https:\/\/www.moskito.cz\/sk\/wp-json\/wp\/v2\/pwb-brand?post=307596"},{"taxonomy":"product_brand","embeddable":true,"href":"https:\/\/www.moskito.cz\/sk\/wp-json\/wp\/v2\/product_brand?post=307596"},{"taxonomy":"product_cat","embeddable":true,"href":"https:\/\/www.moskito.cz\/sk\/wp-json\/wp\/v2\/product_cat?post=307596"},{"taxonomy":"product_tag","embeddable":true,"href":"https:\/\/www.moskito.cz\/sk\/wp-json\/wp\/v2\/product_tag?post=307596"}],"curies":[{"name":"wp","href":"https:\/\/api.w.org\/{rel}","templated":true}]}}