{"id":307600,"date":"2020-01-31T09:50:43","date_gmt":"2024-02-06T10:58:19","guid":{"rendered":"https:\/\/www.moskito.cz\/produkt\/korenisty-sprej-esp-hurricane-15-ml\/"},"modified":"2025-07-11T07:50:45","modified_gmt":"2025-07-11T06:50:45","slug":"korenisty-sprej-esp-hurricane-15-ml","status":"publish","type":"product","link":"https:\/\/www.moskito.cz\/sk\/produkt\/korenisty-sprej-esp-hurricane-15-ml\/","title":{"rendered":"Korenist\u00fd sprej ESP HURRICANE 15 ml"},"content":{"rendered":"<p>Korenist\u00fd sprej ESP HURRICANE 15 ml.<\/p>\n<div>Praktick\u00fd a skladn\u00fd sprej so svietidlom typu HURRICANE. Na tento sprej je nasaden\u00fd miniat\u00farny adapt\u00e9r, ktor\u00fd obsahuje kompletn\u00e9 LED svietidlo a gumov\u00fa obj\u00edmku. Sprejov\u00e9 svietidlo HURRICANE Flashlight je v\u010faka mal\u00fdm rozmerom ide\u00e1lne pre \u017eeny, preto\u017ee im v kabelke nezaberie ve\u013ea miesta. M\u00f4\u017ee by\u0165 neocenite\u013en\u00fdm pomocn\u00edkom pri ich pohybe v potencion\u00e1lne nebezpe\u010dn\u00fdch lokalit\u00e1ch.<\/div>\n<div><\/div>\n<div>Korenist\u00fd sprej s objemom 15 ml obsahuje Oleoresin Capsicum (10% OC). V\u00fdstrek m\u00e1 charakter PAPRSKU s mal\u00fdmi kvapkami a preto je menej n\u00e1chyln\u00fd na rozpt\u00fdlenie pri pr\u00edpadnom miernom vetre. Umo\u017e\u0148uje cca 20 kr\u00e1tkych v\u00fdstrekov na vzdialenos\u0165 1-2 m. Nap\u00e1janie 4ks bat\u00e9rie AG5 (s\u00fa\u010das\u0165 balenia).<\/div>\n<div><\/div>\n<div>Po vypr\u00e1zdnen\u00ed n\u00e1dobky spreja je mo\u017en\u00e9 modul svetla nasadi\u0165 na nov\u00fd sprej HURRICANE. Na tento v\u00fdrobok bol udelen\u00fd patent v USA (US Pat.: 7,641,353).<\/div>\n<div><\/div>\n<div>ROZMERY: V\u00fd\u0161ka 82 mm, \u0161\u00edrka 40 mm.<\/div>\n","protected":false},"excerpt":{"rendered":"<p>Korenist\u00fd sprej.<\/p>\n","protected":false},"featured_media":167282,"comment_status":"open","ping_status":"closed","template":"","meta":[],"pwb-brand":[],"product_brand":[],"product_cat":[3507],"product_tag":[],"class_list":{"0":"post-307600","1":"product","2":"type-product","3":"status-publish","4":"has-post-thumbnail","6":"product_cat-obranne-spreje-sk","8":"first","9":"outofstock","10":"taxable","11":"shipping-taxable","12":"purchasable","13":"product-type-simple"},"brands":[],"_links":{"self":[{"href":"https:\/\/www.moskito.cz\/sk\/wp-json\/wp\/v2\/product\/307600","targetHints":{"allow":["GET"]}}],"collection":[{"href":"https:\/\/www.moskito.cz\/sk\/wp-json\/wp\/v2\/product"}],"about":[{"href":"https:\/\/www.moskito.cz\/sk\/wp-json\/wp\/v2\/types\/product"}],"replies":[{"embeddable":true,"href":"https:\/\/www.moskito.cz\/sk\/wp-json\/wp\/v2\/comments?post=307600"}],"wp:featuredmedia":[{"embeddable":true,"href":"https:\/\/www.moskito.cz\/sk\/wp-json\/wp\/v2\/media\/167282"}],"wp:attachment":[{"href":"https:\/\/www.moskito.cz\/sk\/wp-json\/wp\/v2\/media?parent=307600"}],"wp:term":[{"taxonomy":"pwb-brand","embeddable":true,"href":"https:\/\/www.moskito.cz\/sk\/wp-json\/wp\/v2\/pwb-brand?post=307600"},{"taxonomy":"product_brand","embeddable":true,"href":"https:\/\/www.moskito.cz\/sk\/wp-json\/wp\/v2\/product_brand?post=307600"},{"taxonomy":"product_cat","embeddable":true,"href":"https:\/\/www.moskito.cz\/sk\/wp-json\/wp\/v2\/product_cat?post=307600"},{"taxonomy":"product_tag","embeddable":true,"href":"https:\/\/www.moskito.cz\/sk\/wp-json\/wp\/v2\/product_tag?post=307600"}],"curies":[{"name":"wp","href":"https:\/\/api.w.org\/{rel}","templated":true}]}}