{"id":307620,"date":"2020-03-28T19:51:46","date_gmt":"2024-02-06T10:58:25","guid":{"rendered":"https:\/\/www.moskito.cz\/produkt\/klucenka-patrona-9-mm\/"},"modified":"2025-07-11T07:50:59","modified_gmt":"2025-07-11T06:50:59","slug":"klucenka-patrona-9-mm","status":"publish","type":"product","link":"https:\/\/www.moskito.cz\/sk\/produkt\/klucenka-patrona-9-mm\/","title":{"rendered":"K\u013e\u00fa\u010denka PATRONA 9 mm"},"content":{"rendered":"<p>K\u013e\u00fa\u010denka Patr\u00f3na 9 mm.<\/p>\n<p>Tento pr\u00edvesok pote\u0161\u00ed naozaj ka\u017ed\u00e9ho \u010dloveka aj s minim\u00e1lnym z\u00e1ujmom o zbrane.<\/p>\n<p>&nbsp;<\/p>\n","protected":false},"excerpt":{"rendered":"<p><strong>Patr\u00f3na<\/strong> 9 mm.ch<\/p>\n","protected":false},"featured_media":181993,"comment_status":"open","ping_status":"closed","template":"","meta":[],"pwb-brand":[3573],"product_brand":[],"product_cat":[3574],"product_tag":[],"class_list":{"0":"post-307620","1":"product","2":"type-product","3":"status-publish","4":"has-post-thumbnail","6":"pwb-brand-chicago-cutlery-sk","7":"product_cat-privesok","9":"first","10":"instock","11":"taxable","12":"shipping-taxable","13":"purchasable","14":"product-type-simple"},"brands":[{"id":3573,"name":"Chicago Cutlery","slug":"chicago-cutlery-sk"}],"_links":{"self":[{"href":"https:\/\/www.moskito.cz\/sk\/wp-json\/wp\/v2\/product\/307620","targetHints":{"allow":["GET"]}}],"collection":[{"href":"https:\/\/www.moskito.cz\/sk\/wp-json\/wp\/v2\/product"}],"about":[{"href":"https:\/\/www.moskito.cz\/sk\/wp-json\/wp\/v2\/types\/product"}],"replies":[{"embeddable":true,"href":"https:\/\/www.moskito.cz\/sk\/wp-json\/wp\/v2\/comments?post=307620"}],"wp:featuredmedia":[{"embeddable":true,"href":"https:\/\/www.moskito.cz\/sk\/wp-json\/wp\/v2\/media\/181993"}],"wp:attachment":[{"href":"https:\/\/www.moskito.cz\/sk\/wp-json\/wp\/v2\/media?parent=307620"}],"wp:term":[{"taxonomy":"pwb-brand","embeddable":true,"href":"https:\/\/www.moskito.cz\/sk\/wp-json\/wp\/v2\/pwb-brand?post=307620"},{"taxonomy":"product_brand","embeddable":true,"href":"https:\/\/www.moskito.cz\/sk\/wp-json\/wp\/v2\/product_brand?post=307620"},{"taxonomy":"product_cat","embeddable":true,"href":"https:\/\/www.moskito.cz\/sk\/wp-json\/wp\/v2\/product_cat?post=307620"},{"taxonomy":"product_tag","embeddable":true,"href":"https:\/\/www.moskito.cz\/sk\/wp-json\/wp\/v2\/product_tag?post=307620"}],"curies":[{"name":"wp","href":"https:\/\/api.w.org\/{rel}","templated":true}]}}