{"id":307627,"date":"2020-02-24T14:26:07","date_gmt":"2024-02-06T10:58:28","guid":{"rendered":"https:\/\/www.moskito.cz\/produkt\/zatvaraci-noz-victorinox-angler-1-3653-72\/"},"modified":"2025-07-11T07:50:51","modified_gmt":"2025-07-11T06:50:51","slug":"zatvaraci-noz-victorinox-angler-1-3653-72","status":"publish","type":"product","link":"https:\/\/www.moskito.cz\/sk\/produkt\/zatvaraci-noz-victorinox-angler-1-3653-72\/","title":{"rendered":"Zatv\u00e1rac\u00ed n\u00f4\u017e Victorinox Angler 1.3653.72"},"content":{"rendered":"<p>Zatv\u00e1rac\u00ed n\u00f4\u017e Victorinox Angler 1.3653.72.<\/p>\n<p>Vreckov\u00fd n\u00f4\u017e o ve\u013ekosti 91 mm s klie\u0161\u0165ami a viac\u00fa\u010delov\u00fdm ryb\u00e1rskym n\u00e1strojom. Vhodn\u00fd na ryb\u00e1r\u010denie. Po\u010det funkci\u00ed 18.<\/p>\n<p>ve\u013ek\u00fd n\u00f4\u017e<br \/>\nmal\u00fd n\u00f4\u017e<br \/>\nv\u00fdvrtka<br \/>\notv\u00e1ra\u010d na konzervy s<br \/>\nmal\u00fdm skrutkova\u010dom (aj pre kr\u00ed\u017eov\u00e9 skrutky)<br \/>\notv\u00e1ra\u010d na f\u013ea\u0161e s<br \/>\nskrutkova\u010dom<br \/>\nodstra\u0148ova\u010d izol\u00e1cie z dr\u00f4tov<br \/>\nv\u00fdstru\u017en\u00edk, bodec<br \/>\nnerezov\u00fd kr\u00fa\u017eok na k\u013e\u00fa\u010de<br \/>\npinzeta<br \/>\n\u0161p\u00e1radlo<br \/>\nmeradlo na ryby s<br \/>\nh\u00e1\u010dikom na vyvrhnutie<br \/>\nmeradlom(v cm a palcoch)<br \/>\nklie\u0161te sa<br \/>\n\u0161tiepa\u010dkou dr\u00f4tov<br \/>\nn\u00e1strojom na lem dr\u00f4tov<\/p>\n<p>&nbsp;<\/p>\n<p>T\u00ed, ktor\u00ed potrebuj\u00fa by\u0165 neust\u00e1le pripraven\u00ed na v\u0161etko, si ber\u00fa svoj vreckov\u00fd n\u00f4\u017e v\u0161ade. U\u017e od roku 1897 je \u0161vaj\u010diarsky arm\u00e1dny n\u00f4\u017e spo\u013eahliv\u00fdm n\u00e1strojom pri mnoh\u00fdch dobrodru\u017estv\u00e1ch na celom svete. \u010ci sk\u00famate mest\u00e1, dna oce\u00e1nov, hory alebo vesm\u00edr, \u0161vaj\u010diarsky vreckov\u00fd n\u00f4\u017e je spolo\u010dn\u00edk, na ktor\u00e9ho sa m\u00f4\u017eete spo\u013eahn\u00fa\u0165.<\/p>\n<p>Na v\u0161etky no\u017ee VICTORINOX je poskytovan\u00e1 do\u017eivotn\u00e1 z\u00e1ruka na v\u0161etky z\u00e1vady materi\u00e1lu \u010di v\u00fdrobn\u00e9 nedostatky. Z\u00e1ruka sa nevz\u0165ahuje na po\u0161kodenie sp\u00f4soben\u00e9 be\u017en\u00fdm opotrebovan\u00edm alebo zl\u00fdm u\u017e\u00edvan\u00edm.<\/p>\n<p>V roku 1884, \u0161vaj\u010diarsky priekopn\u00edk Karl Elsener zalo\u017eil no\u017eiarsku diel\u0148u. Kr\u00e1tko nato si pripravil cestu pre bezkonkuren\u010dn\u00fa hist\u00f3riu spolo\u010dnosti prostredn\u00edctvom v\u00fdvoja dnes u\u017e legend\u00e1rneho \u00abOrigin\u00e1lneho \u0161vaj\u010diarskeho arm\u00e1dneho no\u017ea\u00bb. Okrem vreckov\u00fdch, dom\u00e1cich a profesion\u00e1lnych no\u017eov, dnes nez\u00e1visl\u00e1 rodinn\u00e1 spolo\u010dnos\u0165 Victorinox vyr\u00e1ba a pred\u00e1va hodinky, cestovn\u00fa v\u00fdbavu, m\u00f3du a v\u00f4ne po celom svete. Ka\u017ed\u00fd v\u00fdrobok je vyjadren\u00edm \u0161vaj\u010diarskej kvality.<\/p>\n","protected":false},"excerpt":{"rendered":"<p>Zatv\u00e1rac\u00ed n\u00f4\u017e.<\/p>\n","protected":false},"featured_media":167546,"comment_status":"open","ping_status":"closed","template":"","meta":[],"pwb-brand":[3537],"product_brand":[],"product_cat":[3186,3233],"product_tag":[],"class_list":{"0":"post-307627","1":"product","2":"type-product","3":"status-publish","4":"has-post-thumbnail","6":"pwb-brand-victorinox-sk","7":"product_cat-noze-sk","8":"product_cat-zatvaracie-noze","10":"first","11":"instock","12":"taxable","13":"shipping-taxable","14":"purchasable","15":"product-type-simple"},"brands":[{"id":3537,"name":"Victorinox","slug":"victorinox-sk"}],"_links":{"self":[{"href":"https:\/\/www.moskito.cz\/sk\/wp-json\/wp\/v2\/product\/307627","targetHints":{"allow":["GET"]}}],"collection":[{"href":"https:\/\/www.moskito.cz\/sk\/wp-json\/wp\/v2\/product"}],"about":[{"href":"https:\/\/www.moskito.cz\/sk\/wp-json\/wp\/v2\/types\/product"}],"replies":[{"embeddable":true,"href":"https:\/\/www.moskito.cz\/sk\/wp-json\/wp\/v2\/comments?post=307627"}],"wp:featuredmedia":[{"embeddable":true,"href":"https:\/\/www.moskito.cz\/sk\/wp-json\/wp\/v2\/media\/167546"}],"wp:attachment":[{"href":"https:\/\/www.moskito.cz\/sk\/wp-json\/wp\/v2\/media?parent=307627"}],"wp:term":[{"taxonomy":"pwb-brand","embeddable":true,"href":"https:\/\/www.moskito.cz\/sk\/wp-json\/wp\/v2\/pwb-brand?post=307627"},{"taxonomy":"product_brand","embeddable":true,"href":"https:\/\/www.moskito.cz\/sk\/wp-json\/wp\/v2\/product_brand?post=307627"},{"taxonomy":"product_cat","embeddable":true,"href":"https:\/\/www.moskito.cz\/sk\/wp-json\/wp\/v2\/product_cat?post=307627"},{"taxonomy":"product_tag","embeddable":true,"href":"https:\/\/www.moskito.cz\/sk\/wp-json\/wp\/v2\/product_tag?post=307627"}],"curies":[{"name":"wp","href":"https:\/\/api.w.org\/{rel}","templated":true}]}}