{"id":307630,"date":"2020-02-06T18:08:00","date_gmt":"2020-02-06T17:08:00","guid":{"rendered":"https:\/\/www.moskito.cz\/produkt\/vystrelovaci-noz-beltrame-stiletto-classic-blond\/"},"modified":"2026-03-26T16:17:49","modified_gmt":"2026-03-26T15:17:49","slug":"vystrelovaci-noz-beltrame-stiletto-classic-blond","status":"publish","type":"product","link":"https:\/\/www.moskito.cz\/sk\/produkt\/vystrelovaci-noz-beltrame-stiletto-classic-blond\/","title":{"rendered":"Vystre\u013eovac\u00ed N\u00f4\u017e Beltrame Stiletto Classic Blond"},"content":{"rendered":"<table class=\"optional-fields\">\n<tbody>\n<tr>\n<td><\/td>\n<td><\/td>\n<\/tr>\n<\/tbody>\n<\/table>\n<p>Vystre\u013eovac\u00ed N\u00f4\u017e Beltrame Stiletto Classic Blond.<\/p>\n<p>Do strany vystre\u013eovac\u00ed n\u00f4\u017e s poistkou na strence. Strenka je zo svetlej pravej rohoviny, \u010depe\u013e z ocele 420 (tvrdos\u0165 54 a\u017e 56 HRC). D\u013a\u017eka v otvorenom stave 23cm.<\/p>\n<p>Technick\u00e9 d\u00e1ta:<br \/>\n\u010c\u00edslo v\u00fdrobku: FB 23\/48<br \/>\nN\u00e1zov: Classic Italian Stiletto<br \/>\nTyp ocele: AISI 420 MA5M<br \/>\nTvrdos\u0165 \u010depele Rockwell: 56 HRC<br \/>\nD\u013a\u017eka \u010depele: 98 mm \/ 3,86&#8243;<br \/>\nHr\u00fabka \u010depele: 35 mm \/ 1,13&#8243;<br \/>\nCelkov\u00e1 d\u013a\u017eka: 230 mm \/ 9,06&#8243;<br \/>\nHmotnos\u0165: 108 g \/ 3,81 oz<br \/>\n\u010cepe\u013e: Oby\u010dajn\u00e1<br \/>\nTyp \u010depele: Spear Point<br \/>\nZ\u00e1mok no\u017ea: \u00c1no<br \/>\nV\u00fdrobca: F.LLI Beltrame, Taliansko<\/p>\n<p><span class=\"tlid-translation translation\">No\u017ee Beltrame sa vyr\u00e1baj\u00fa v Taliansku od roku 1953. Firmu zalo\u017eil Frank Beltram. Tajomstvo v\u00fdroby t\u00fdchto Stiletto no\u017eov, je s\u00fa\u010das\u0165ou hist\u00f3rie Maniago, ktor\u00e9 bolo odovzd\u00e1van\u00e9 z otca na syna. Frank u\u017e ako mal\u00fd chlapec pom\u00e1hal v tov\u00e1rni svojho otca, kde nesk\u00f4r za\u010dal pracova\u0165 ako otcov u\u010de\u0148. Okrem toho nav\u0161tevoval \u0161kolu tradi\u010dn\u00e9ho no\u017eiarstva, kde sa u\u010dil v\u0161etko o r\u00f4znych materi\u00e1loch, o najnov\u0161\u00edch technol\u00f3gi\u00e1ch spracovania ao r\u00f4znych \u0161t\u00fdloch dizajnu. V roku 1958 Frank a jeho rodina za\u010dali vyr\u00e1ba\u0165 automatick\u00e9 no\u017ee. Rok po tom, \u010do pri pr\u00e1ci v tov\u00e1rni zomrel Frankov otec na infarkt, si Frank zalo\u017eil firmu Beltrame. V nasleduj\u00facich rokoch pokra\u010doval v \u0161t\u00fadiu a v\u00fdskume o no\u017eoch, vhodn\u00fdch materi\u00e1loch a dizajne. Po kr\u00e1tkom \u010dase sa objavili na trhu lacn\u00e9 napodobeniny z Taiwanu, tradi\u010dn\u00fdch talianskych no\u017eov Stiletto. Tak\u017ee Frank musel \u010deli\u0165 nov\u00e9mu probl\u00e9mu. Na\u0161\u0165astie kvalita t\u00fdchto lacn\u00fdch no\u017eov hovor\u00ed sama za seba, ka\u017ed\u00fd zberate\u013e vie, \u017ee nie je mo\u017en\u00e9 ich porovna\u0165 so skuto\u010dnou Beltrame d\u00fdkou. No\u017ee Beltrame z\u00edskali uznanie najn\u00e1ro\u010dnej\u0161\u00edch z\u00e1kazn\u00edkov vo svete v\u010faka Frankovej v\u00e1\u0161ni pre tieto no\u017ee. Pri v\u00fdrobe no\u017eov vyu\u017e\u00edva svoje dlhoro\u010dn\u00e9 sk\u00fasenosti, ktor\u00e9 nadobudol u\u017e v ranom veku. V roku 2005 no\u017ee Beltrame z\u00edskali certifik\u00e1t kvality Maniago, ktor\u00fdm prekro\u010dili eur\u00f3pske normy kvality. To znamen\u00e1, \u017ee tieto no\u017ee s\u00fa ka\u017ed\u00fd rok testovan\u00e9 na kvalitu materi\u00e1lu.<\/span><\/p>\n<p>Classic Italian Stiletto Buffalo Horn Bayonet 23 cm &#8211; Italian spring knife &#8211; buffalo horn cladding. Hand-made sa zhoduje s trad\u00edciou Italian craftsmanship, Frank Beltrame Stiletto knives m\u00e1 by\u0165 zn\u00e1ma po celom svete a\u017e do ich extr\u00e9mnej lightness and durability. Thanks to jeho properties, Italian dagger je zlu\u010dite\u013en\u00e1 s pou\u017e\u00edvan\u00edm v jednom \u017eivotnom prostred\u00ed, z hunting to camping. A sol\u00eddny, durable kon\u0161trukcie, a strong jar opening the blade je feature of the classic Italian jar belts Frank Beltrame.<\/p>\n<p>Spring \u2013 company devotes special attention to spring design (stainless steel) \u2013 the blade must be opened within few hundredths of a second (feature of Stiletto knives). Beltrame zlo\u017eky, ke\u010f otvoria blade gives a distinctive sound (click), ktor\u00e9 distinguishes it z in\u00fdch jarn\u00fdch knives.<\/p>\n<p>Blade \u2013 extr\u00e9mne \u017earty so \u0161peci\u00e1lnym bodom (Bayonet) profilom, 3.5 mm h\u013abkou s kr\u00e1tkymi false blade zvy\u0161uj\u00facou piercing properties. Vyroben\u00e9 z pevnej uh\u013eohydrovanej steelovej steely AISI 420 MA5M, charakterizovanej high corrosion rezistencie. Hardened steel 56 HRC. Plain type blade, derived with with flat grind providing good cutting and penetration properties. Steel guard protects hand proti accidental slipping, a zatla\u010di\u0165 ho na blade to be folded.<\/p>\n<p>Handle \u2013 covered with buffalo horn linings (buffalo horn) underlines exclusive look and provides a comfortable, secure grip. Ergonomic handle shape to prevent ruka slipping during work. Tieto pom\u00f4cky s\u00fa zhotoven\u00e9 s nekal\u00fdmi nikel bolsters. Fastening rivets made of brass.<\/p>\n<p>Lock \u2013 prevents accidental folding or opening of the blade. Otvorenie automatickej n\u00f4\u017eky sa pou\u017e\u00edva s pevn\u00fdm tla\u010didlom umiestnen\u00fdm na ruke.<\/p>\n<p>Technical d\u00e1ta:<br \/>\nProduct number: FB 23\/48<br \/>\nName: Classic Italian Stiletto<br \/>\nSteel typ: AISI 420 MA5M<br \/>\nRockwell blade hardness: 56 HRC<br \/>\nBlade length: 98 mm \/ 3.86 \u201c<br \/>\nBlade thickness: 35 mm \/ 1.13 \u201c<br \/>\nOverall length: 230 mm \/ 9.06 \u201c<br \/>\nWeight: 108 g \/ 3.81 oz<br \/>\nBlade: Plain<br \/>\nType of blade: Spear Point<br \/>\nKnife lock: Yes<br \/>\nProducer: F.LLI Beltrame, Taliansko<\/p>\n<p>&nbsp;<\/p>\n","protected":false},"excerpt":{"rendered":"<p>No\u017ee <strong>Beltrame<\/strong> sa vyr\u00e1baj\u00fa v Taliansku od roku 1953. Firmu zalo\u017eil Frank Beltram. Tajomstvo v\u00fdroby t\u00fdchto Stiletto no\u017eov, je s\u00fa\u010das\u0165ou hist\u00f3rie Maniago, ktor\u00e9 bolo odovzd\u00e1van\u00e9 z otca na syna.<br \/>\n<strong>Made in Italy.<\/strong><\/p>\n","protected":false},"featured_media":440399,"comment_status":"open","ping_status":"closed","template":"","meta":[],"pwb-brand":[3536],"product_brand":[],"product_cat":[3197,3186],"product_tag":[3668],"class_list":{"0":"post-307630","1":"product","2":"type-product","3":"status-publish","4":"has-post-thumbnail","6":"pwb-brand-beltrame-sk","7":"product_cat-vystrelovacie-noze-sk","8":"product_cat-noze-sk","9":"product_tag-b2b-sk","11":"first","12":"instock","13":"taxable","14":"shipping-taxable","15":"purchasable","16":"product-type-simple"},"brands":[{"id":3536,"name":"Beltrame","slug":"beltrame-sk"}],"_links":{"self":[{"href":"https:\/\/www.moskito.cz\/sk\/wp-json\/wp\/v2\/product\/307630","targetHints":{"allow":["GET"]}}],"collection":[{"href":"https:\/\/www.moskito.cz\/sk\/wp-json\/wp\/v2\/product"}],"about":[{"href":"https:\/\/www.moskito.cz\/sk\/wp-json\/wp\/v2\/types\/product"}],"replies":[{"embeddable":true,"href":"https:\/\/www.moskito.cz\/sk\/wp-json\/wp\/v2\/comments?post=307630"}],"wp:featuredmedia":[{"embeddable":true,"href":"https:\/\/www.moskito.cz\/sk\/wp-json\/wp\/v2\/media\/440399"}],"wp:attachment":[{"href":"https:\/\/www.moskito.cz\/sk\/wp-json\/wp\/v2\/media?parent=307630"}],"wp:term":[{"taxonomy":"pwb-brand","embeddable":true,"href":"https:\/\/www.moskito.cz\/sk\/wp-json\/wp\/v2\/pwb-brand?post=307630"},{"taxonomy":"product_brand","embeddable":true,"href":"https:\/\/www.moskito.cz\/sk\/wp-json\/wp\/v2\/product_brand?post=307630"},{"taxonomy":"product_cat","embeddable":true,"href":"https:\/\/www.moskito.cz\/sk\/wp-json\/wp\/v2\/product_cat?post=307630"},{"taxonomy":"product_tag","embeddable":true,"href":"https:\/\/www.moskito.cz\/sk\/wp-json\/wp\/v2\/product_tag?post=307630"}],"curies":[{"name":"wp","href":"https:\/\/api.w.org\/{rel}","templated":true}]}}