{"id":307634,"date":"2020-04-02T19:53:21","date_gmt":"2024-02-06T10:58:39","guid":{"rendered":"https:\/\/www.moskito.cz\/produkt\/kovove-puta-na-palce\/"},"modified":"2025-07-11T07:51:01","modified_gmt":"2025-07-11T06:51:01","slug":"kovove-puta-na-palce","status":"publish","type":"product","link":"https:\/\/www.moskito.cz\/sk\/produkt\/kovove-puta-na-palce\/","title":{"rendered":"Kovov\u00e9 put\u00e1 na palce"},"content":{"rendered":"<p>Kovov\u00e9 put\u00e1 na palce.<\/p>\n<p>Materi\u00e1l: oce\u013e. Hmotnos\u0165: 118 g.<\/p>\n<p>Pou\u017e\u00edvaj\u00fa sa na sp\u00fatanie r\u00fak (pri tomto modeli na sp\u00fatanie prstov) pri do\u010dasnom zadr\u017ean\u00ed alebo preprave podozrivej osoby.<\/p>\n<p>Maj\u00fa z\u00e1padkov\u00fd zais\u0165ovac\u00ed mechanizmus.<\/p>\n<p>Obru\u010de aj mechanizmus s\u00fa z protikor\u00f3znej ocele. Celkov\u00fd rozmer &#8211; 10cm<\/p>\n<p>&nbsp;<\/p>\n","protected":false},"excerpt":{"rendered":"<p>Kovov\u00e9 <strong>put\u00e1<\/strong> na palce s dvoma kl\u00ed\u010dkami.<\/p>\n","protected":false},"featured_media":181997,"comment_status":"open","ping_status":"closed","template":"","meta":[],"pwb-brand":[3525],"product_brand":[],"product_cat":[3576],"product_tag":[],"class_list":{"0":"post-307634","1":"product","2":"type-product","3":"status-publish","4":"has-post-thumbnail","6":"pwb-brand-china-made-sk","7":"product_cat-puta","9":"first","10":"outofstock","11":"taxable","12":"shipping-taxable","13":"purchasable","14":"product-type-simple"},"brands":[{"id":3525,"name":"China Made","slug":"china-made-sk"}],"_links":{"self":[{"href":"https:\/\/www.moskito.cz\/sk\/wp-json\/wp\/v2\/product\/307634","targetHints":{"allow":["GET"]}}],"collection":[{"href":"https:\/\/www.moskito.cz\/sk\/wp-json\/wp\/v2\/product"}],"about":[{"href":"https:\/\/www.moskito.cz\/sk\/wp-json\/wp\/v2\/types\/product"}],"replies":[{"embeddable":true,"href":"https:\/\/www.moskito.cz\/sk\/wp-json\/wp\/v2\/comments?post=307634"}],"wp:featuredmedia":[{"embeddable":true,"href":"https:\/\/www.moskito.cz\/sk\/wp-json\/wp\/v2\/media\/181997"}],"wp:attachment":[{"href":"https:\/\/www.moskito.cz\/sk\/wp-json\/wp\/v2\/media?parent=307634"}],"wp:term":[{"taxonomy":"pwb-brand","embeddable":true,"href":"https:\/\/www.moskito.cz\/sk\/wp-json\/wp\/v2\/pwb-brand?post=307634"},{"taxonomy":"product_brand","embeddable":true,"href":"https:\/\/www.moskito.cz\/sk\/wp-json\/wp\/v2\/product_brand?post=307634"},{"taxonomy":"product_cat","embeddable":true,"href":"https:\/\/www.moskito.cz\/sk\/wp-json\/wp\/v2\/product_cat?post=307634"},{"taxonomy":"product_tag","embeddable":true,"href":"https:\/\/www.moskito.cz\/sk\/wp-json\/wp\/v2\/product_tag?post=307634"}],"curies":[{"name":"wp","href":"https:\/\/api.w.org\/{rel}","templated":true}]}}