{"id":307636,"date":"2020-04-13T14:06:16","date_gmt":"2024-02-06T10:58:39","guid":{"rendered":"https:\/\/www.moskito.cz\/produkt\/zatvaraci-noz-victorinox-rangerwood-55-0-9561-63\/"},"modified":"2025-07-11T07:51:03","modified_gmt":"2025-07-11T06:51:03","slug":"zatvaraci-noz-victorinox-rangerwood-55-0-9561-63","status":"publish","type":"product","link":"https:\/\/www.moskito.cz\/sk\/produkt\/zatvaraci-noz-victorinox-rangerwood-55-0-9561-63\/","title":{"rendered":"Zatv\u00e1rac\u00ed n\u00f4\u017e Victorinox RangerWood 55 0.9561.63"},"content":{"rendered":"<p>Zatv\u00e1rac\u00ed n\u00f4\u017e Victorinox RangerWood 55 0.9561.63.<\/p>\n<p><span class=\"proKs\">Vreckov\u00fd n\u00f4\u017e o ve\u013ekosti 130 mm s poistkou ve\u013ekej \u010depele. Po\u010det funkci\u00ed 12.<\/span><\/p>\n<div id=\"productDetailBottomText\" class=\"rounded\">\n<ul>\n<li class=\"style2\">ve\u013ek\u00e1 \u010depe\u013e<\/li>\n<li class=\"style2\">p\u00edlka na drevo<\/li>\n<li class=\"style2\">v\u00fdvrtka<\/li>\n<li class=\"style2\">otv\u00e1ra\u010d na konzervy s<\/li>\n<li class=\"style2\">mal\u00fdm skrutkova\u010dom<\/li>\n<li class=\"style2\">otv\u00e1ra\u010d na f\u013ea\u0161e s<\/li>\n<li class=\"style2\">skrutkova\u010dom<\/li>\n<li class=\"style2\">odstra\u0148ova\u010dom izol\u00e1cie z dr\u00f4tov<\/li>\n<li class=\"style2\">v\u00fdstru\u017en\u00edk, priebojn\u00edk<\/li>\n<li class=\"style2\">nerezov\u00fd kr\u00fa\u017eok na k\u013e\u00fa\u010de<\/li>\n<\/ul>\n<\/div>\n<p>&nbsp;<\/p>\n","protected":false},"excerpt":{"rendered":"<p>Vreckov\u00fd n\u00f4\u017e o ve\u013ekosti 130 mm s poistkou ve\u013ekej \u010depele. Po\u010det funkci\u00ed 12.<br \/>\n<strong>Vyroben\u00e9 vo \u0160vaj\u010diarsku, do\u017eivotn\u00e1 z\u00e1ruka.<\/strong><\/p>\n","protected":false},"featured_media":167810,"comment_status":"open","ping_status":"closed","template":"","meta":[],"pwb-brand":[3537],"product_brand":[],"product_cat":[3186,3233],"product_tag":[],"class_list":{"0":"post-307636","1":"product","2":"type-product","3":"status-publish","4":"has-post-thumbnail","6":"pwb-brand-victorinox-sk","7":"product_cat-noze-sk","8":"product_cat-zatvaracie-noze","10":"first","11":"outofstock","12":"taxable","13":"shipping-taxable","14":"purchasable","15":"product-type-simple"},"brands":[{"id":3537,"name":"Victorinox","slug":"victorinox-sk"}],"_links":{"self":[{"href":"https:\/\/www.moskito.cz\/sk\/wp-json\/wp\/v2\/product\/307636","targetHints":{"allow":["GET"]}}],"collection":[{"href":"https:\/\/www.moskito.cz\/sk\/wp-json\/wp\/v2\/product"}],"about":[{"href":"https:\/\/www.moskito.cz\/sk\/wp-json\/wp\/v2\/types\/product"}],"replies":[{"embeddable":true,"href":"https:\/\/www.moskito.cz\/sk\/wp-json\/wp\/v2\/comments?post=307636"}],"wp:featuredmedia":[{"embeddable":true,"href":"https:\/\/www.moskito.cz\/sk\/wp-json\/wp\/v2\/media\/167810"}],"wp:attachment":[{"href":"https:\/\/www.moskito.cz\/sk\/wp-json\/wp\/v2\/media?parent=307636"}],"wp:term":[{"taxonomy":"pwb-brand","embeddable":true,"href":"https:\/\/www.moskito.cz\/sk\/wp-json\/wp\/v2\/pwb-brand?post=307636"},{"taxonomy":"product_brand","embeddable":true,"href":"https:\/\/www.moskito.cz\/sk\/wp-json\/wp\/v2\/product_brand?post=307636"},{"taxonomy":"product_cat","embeddable":true,"href":"https:\/\/www.moskito.cz\/sk\/wp-json\/wp\/v2\/product_cat?post=307636"},{"taxonomy":"product_tag","embeddable":true,"href":"https:\/\/www.moskito.cz\/sk\/wp-json\/wp\/v2\/product_tag?post=307636"}],"curies":[{"name":"wp","href":"https:\/\/api.w.org\/{rel}","templated":true}]}}