{"id":307643,"date":"2020-04-02T19:34:41","date_gmt":"2024-02-06T10:58:42","guid":{"rendered":"https:\/\/www.moskito.cz\/produkt\/brusok-na-noze-victorinox-7-8715\/"},"modified":"2025-07-11T07:51:00","modified_gmt":"2025-07-11T06:51:00","slug":"brusok-na-noze-victorinox-7-8715","status":"publish","type":"product","link":"https:\/\/www.moskito.cz\/sk\/produkt\/brusok-na-noze-victorinox-7-8715\/","title":{"rendered":"Br\u00fasok na no\u017ee Victorinox 7.8715"},"content":{"rendered":"<p>Br\u00faska na no\u017ee Victorinox 7.8715.<\/p>\n<p><span class=\"proKs\">Profesion\u00e1li ostrie no\u017ea pomocou br\u00fasky po ka\u017edom pou\u017eit\u00ed. V dom\u00e1com prostred\u00ed je v\u0161ak jedno vyu\u017eitie no\u017ea nato\u013eko kr\u00e1tke, \u017ee ho nie je nutn\u00e9 ostri\u0165 tak \u010dasto. No\u017ee, ktor\u00e9 vyu\u017e\u00edvate naj\u010dastej\u0161ie, je potrebn\u00e9 naostri\u0165 pribli\u017ene raz za mesiac. Chrb\u00e1t no\u017ea nato\u010dte smerom von, tak, aby br\u00fasny uhol dosahoval ve\u013ekos\u0165 pribli\u017ene 20 stup\u0148ov. Rezn\u00e9 ostrie po oboch stran\u00e1ch s istotou nieko\u013ekokr\u00e1t pretiahnite cez br\u00fasik. Na br\u00fasku pr\u00edli\u0161 netla\u010dte.<\/span><\/p>\n","protected":false},"excerpt":{"rendered":"<p>Br\u00faska na no\u017ee <strong>Victorinox<\/strong> .<\/p>\n","protected":false},"featured_media":176060,"comment_status":"open","ping_status":"closed","template":"","meta":[],"pwb-brand":[3537],"product_brand":[],"product_cat":[3205],"product_tag":[],"class_list":{"0":"post-307643","1":"product","2":"type-product","3":"status-publish","4":"has-post-thumbnail","6":"pwb-brand-victorinox-sk","7":"product_cat-brusky-a-ocielky","9":"first","10":"outofstock","11":"taxable","12":"shipping-taxable","13":"purchasable","14":"product-type-simple"},"brands":[{"id":3537,"name":"Victorinox","slug":"victorinox-sk"}],"_links":{"self":[{"href":"https:\/\/www.moskito.cz\/sk\/wp-json\/wp\/v2\/product\/307643","targetHints":{"allow":["GET"]}}],"collection":[{"href":"https:\/\/www.moskito.cz\/sk\/wp-json\/wp\/v2\/product"}],"about":[{"href":"https:\/\/www.moskito.cz\/sk\/wp-json\/wp\/v2\/types\/product"}],"replies":[{"embeddable":true,"href":"https:\/\/www.moskito.cz\/sk\/wp-json\/wp\/v2\/comments?post=307643"}],"wp:featuredmedia":[{"embeddable":true,"href":"https:\/\/www.moskito.cz\/sk\/wp-json\/wp\/v2\/media\/176060"}],"wp:attachment":[{"href":"https:\/\/www.moskito.cz\/sk\/wp-json\/wp\/v2\/media?parent=307643"}],"wp:term":[{"taxonomy":"pwb-brand","embeddable":true,"href":"https:\/\/www.moskito.cz\/sk\/wp-json\/wp\/v2\/pwb-brand?post=307643"},{"taxonomy":"product_brand","embeddable":true,"href":"https:\/\/www.moskito.cz\/sk\/wp-json\/wp\/v2\/product_brand?post=307643"},{"taxonomy":"product_cat","embeddable":true,"href":"https:\/\/www.moskito.cz\/sk\/wp-json\/wp\/v2\/product_cat?post=307643"},{"taxonomy":"product_tag","embeddable":true,"href":"https:\/\/www.moskito.cz\/sk\/wp-json\/wp\/v2\/product_tag?post=307643"}],"curies":[{"name":"wp","href":"https:\/\/api.w.org\/{rel}","templated":true}]}}