{"id":307649,"date":"2020-03-28T20:14:29","date_gmt":"2024-02-06T10:58:45","guid":{"rendered":"https:\/\/www.moskito.cz\/produkt\/vojenske-znamky\/"},"modified":"2025-07-11T07:51:00","modified_gmt":"2025-07-11T06:51:00","slug":"vojenske-znamky","status":"publish","type":"product","link":"https:\/\/www.moskito.cz\/sk\/produkt\/vojenske-znamky\/","title":{"rendered":"Vojensk\u00e9 Zn\u00e1mky"},"content":{"rendered":"<p>Vojensk\u00e9 zn\u00e1mky.<\/p>\n<p> Klasick\u00e9 vojensk\u00e9 identifika\u010dn\u00e9 zn\u00e1mky v striebornom preveden\u00ed z nerezovej ocele s tlmiacimi gumi\u010dkami.<\/p>\n","protected":false},"excerpt":{"rendered":"<p><strong>US<\/strong> zn\u00e1mky.<\/p>\n","protected":false},"featured_media":181992,"comment_status":"open","ping_status":"closed","template":"","meta":[],"pwb-brand":[3525],"product_brand":[],"product_cat":[3574],"product_tag":[],"class_list":{"0":"post-307649","1":"product","2":"type-product","3":"status-publish","4":"has-post-thumbnail","6":"pwb-brand-china-made-sk","7":"product_cat-privesok","9":"first","10":"instock","11":"taxable","12":"shipping-taxable","13":"purchasable","14":"product-type-simple"},"brands":[{"id":3525,"name":"China Made","slug":"china-made-sk"}],"_links":{"self":[{"href":"https:\/\/www.moskito.cz\/sk\/wp-json\/wp\/v2\/product\/307649","targetHints":{"allow":["GET"]}}],"collection":[{"href":"https:\/\/www.moskito.cz\/sk\/wp-json\/wp\/v2\/product"}],"about":[{"href":"https:\/\/www.moskito.cz\/sk\/wp-json\/wp\/v2\/types\/product"}],"replies":[{"embeddable":true,"href":"https:\/\/www.moskito.cz\/sk\/wp-json\/wp\/v2\/comments?post=307649"}],"wp:featuredmedia":[{"embeddable":true,"href":"https:\/\/www.moskito.cz\/sk\/wp-json\/wp\/v2\/media\/181992"}],"wp:attachment":[{"href":"https:\/\/www.moskito.cz\/sk\/wp-json\/wp\/v2\/media?parent=307649"}],"wp:term":[{"taxonomy":"pwb-brand","embeddable":true,"href":"https:\/\/www.moskito.cz\/sk\/wp-json\/wp\/v2\/pwb-brand?post=307649"},{"taxonomy":"product_brand","embeddable":true,"href":"https:\/\/www.moskito.cz\/sk\/wp-json\/wp\/v2\/product_brand?post=307649"},{"taxonomy":"product_cat","embeddable":true,"href":"https:\/\/www.moskito.cz\/sk\/wp-json\/wp\/v2\/product_cat?post=307649"},{"taxonomy":"product_tag","embeddable":true,"href":"https:\/\/www.moskito.cz\/sk\/wp-json\/wp\/v2\/product_tag?post=307649"}],"curies":[{"name":"wp","href":"https:\/\/api.w.org\/{rel}","templated":true}]}}